{"id":19561,"date":"2017-03-28T10:51:54","date_gmt":"2017-03-28T10:51:54","guid":{"rendered":"http:\/\/www.wetsweets.com\/the-fabric\/"},"modified":"2017-05-08T11:09:34","modified_gmt":"2017-05-08T11:09:34","slug":"the-fabric","status":"publish","type":"page","link":"https:\/\/legacy.100x100.net\/projects\/wetsweets\/es\/the-fabric\/","title":{"rendered":"The fabric"},"content":{"rendered":"<p>El tejido <b> WS-ecoactive Fabric <\/b>es el resultado de 2 a\u00f1os de trabajo conjunto con industriales textiles locales para desarrollar un tejido que sea sostenible y t\u00e9cnico.<\/p>\n<p>El tejido es una mezcla de poli\u00e9ster reciclado, elast\u00e1n y nylon tejido de manera que permite la existencia de micro burbujas dentro del tejido. Las burbujas crean una barrera t\u00e9rmica inteligente que permite respirar a la piel mientras la protege del frio y el sol exterior.<\/p>\n<p>El poli\u00e9ster (supone el 80% del tejido) est\u00e1 obtenido de recursos reciclados como botellas de pl\u00e1stico y redes de pescador. Amamos el mar por lo que el nuestros productos tienen un bajo impacto en medio ambiente.<\/p>\n","protected":false},"excerpt":{"rendered":"<p>El tejido WS-ecoactive Fabric es el resultado de 2 a\u00f1os de trabajo conjunto con industriales textiles locales para desarrollar un tejido que sea sostenible y t\u00e9cnico. El tejido es una mezcla de poli\u00e9ster reciclado, elast\u00e1n y nylon tejido de manera que permite la existencia de micro burbujas dentro del tejido. Las burbujas crean una barrera [&hellip;]<\/p>\n","protected":false},"author":1,"featured_media":0,"parent":0,"menu_order":0,"comment_status":"closed","ping_status":"closed","template":"page-thefabric.php","meta":{"_acf_changed":false,"footnotes":""},"class_list":["post-19561","page","type-page","status-publish","hentry"],"acf":[],"yoast_head":"<!-- This site is optimized with the Yoast SEO plugin v25.6 - https:\/\/yoast.com\/wordpress\/plugins\/seo\/ -->\n<title>Wetsweets.com: The fabric \u2013 Sup, studio, kite, boxing, fitness, surf, running, sailing and lifestyle<\/title>\n<meta name=\"description\" content=\"Wetsweets desarroll\u00f3 el tejido WS-ecoactive Fabric, resultado de 2 a\u00f1os de trabajo, para crear un tejido que sea sostenible y t\u00e9cnico.\" \/>\n<meta name=\"robots\" content=\"noindex, follow, max-snippet:-1, max-image-preview:large, max-video-preview:-1\" \/>\n<meta property=\"og:locale\" content=\"es_ES\" \/>\n<meta property=\"og:type\" content=\"article\" \/>\n<meta property=\"og:title\" content=\"The Fabric \u2013 Weetsweets\" \/>\n<meta property=\"og:description\" content=\"Wetsweets desarroll\u00f3 el tejido WS-ecoactive Fabric, resultado de 2 a\u00f1os de trabajo, para crear un tejido que sea sostenible y t\u00e9cnico.\" \/>\n<meta property=\"og:url\" content=\"https:\/\/legacy.100x100.net\/projects\/wetsweets\/the-fabric\/\" \/>\n<meta property=\"og:site_name\" content=\"Wetsweets\" \/>\n<meta property=\"article:publisher\" content=\"http:\/\/www.facebook.com\/wetsweets\" \/>\n<meta property=\"article:modified_time\" content=\"2017-05-08T11:09:34+00:00\" \/>\n<meta property=\"og:image\" content=\"http:\/\/www.wetsweets.com\/wp-content\/uploads\/2017\/04\/the-fabric-facebook.jpg\" \/>\n<meta name=\"twitter:card\" content=\"summary_large_image\" \/>\n<meta name=\"twitter:title\" content=\"The Fabric \u2013 Weetsweets\" \/>\n<meta name=\"twitter:description\" content=\"Wetsweets desarroll\u00f3 el tejido WS-ecoactive Fabric, resultado de 2 a\u00f1os de trabajo, para crear un tejido que sea sostenible y t\u00e9cnico.\" \/>\n<meta name=\"twitter:image\" content=\"http:\/\/www.wetsweets.com\/wp-content\/uploads\/2017\/04\/the-fabric-twitter.jpg\" \/>\n<meta name=\"twitter:label1\" content=\"Tiempo de lectura\" \/>\n\t<meta name=\"twitter:data1\" content=\"1 minuto\" \/>\n<script type=\"application\/ld+json\" class=\"yoast-schema-graph\">{\"@context\":\"https:\/\/schema.org\",\"@graph\":[{\"@type\":\"WebPage\",\"@id\":\"https:\/\/legacy.100x100.net\/projects\/wetsweets\/the-fabric\/\",\"url\":\"https:\/\/legacy.100x100.net\/projects\/wetsweets\/the-fabric\/\",\"name\":\"Wetsweets.com: The fabric \u2013 Sup, studio, kite, boxing, fitness, surf, running, sailing and lifestyle\",\"isPartOf\":{\"@id\":\"https:\/\/legacy.100x100.net\/projects\/wetsweets\/#website\"},\"datePublished\":\"2017-03-28T10:51:54+00:00\",\"dateModified\":\"2017-05-08T11:09:34+00:00\",\"description\":\"Wetsweets desarroll\u00f3 el tejido WS-ecoactive Fabric, resultado de 2 a\u00f1os de trabajo, para crear un tejido que sea sostenible y t\u00e9cnico.\",\"breadcrumb\":{\"@id\":\"https:\/\/legacy.100x100.net\/projects\/wetsweets\/the-fabric\/#breadcrumb\"},\"inLanguage\":\"es\",\"potentialAction\":[{\"@type\":\"ReadAction\",\"target\":[\"https:\/\/legacy.100x100.net\/projects\/wetsweets\/the-fabric\/\"]}]},{\"@type\":\"BreadcrumbList\",\"@id\":\"https:\/\/legacy.100x100.net\/projects\/wetsweets\/the-fabric\/#breadcrumb\",\"itemListElement\":[{\"@type\":\"ListItem\",\"position\":1,\"name\":\"Portada\",\"item\":\"https:\/\/legacy.100x100.net\/projects\/wetsweets\/\"},{\"@type\":\"ListItem\",\"position\":2,\"name\":\"The fabric\"}]},{\"@type\":\"WebSite\",\"@id\":\"https:\/\/legacy.100x100.net\/projects\/wetsweets\/#website\",\"url\":\"https:\/\/legacy.100x100.net\/projects\/wetsweets\/\",\"name\":\"Wetsweets\",\"description\":\"Wetsweets is a brand aimed at empowering ambitious women of all ages, that enjoy practicing sports and feeling beautiful at the same time!!\",\"potentialAction\":[{\"@type\":\"SearchAction\",\"target\":{\"@type\":\"EntryPoint\",\"urlTemplate\":\"https:\/\/legacy.100x100.net\/projects\/wetsweets\/?s={search_term_string}\"},\"query-input\":{\"@type\":\"PropertyValueSpecification\",\"valueRequired\":true,\"valueName\":\"search_term_string\"}}],\"inLanguage\":\"es\"}]}<\/script>\n<!-- \/ Yoast SEO plugin. -->","yoast_head_json":{"title":"Wetsweets.com: The fabric \u2013 Sup, studio, kite, boxing, fitness, surf, running, sailing and lifestyle","description":"Wetsweets desarroll\u00f3 el tejido WS-ecoactive Fabric, resultado de 2 a\u00f1os de trabajo, para crear un tejido que sea sostenible y t\u00e9cnico.","robots":{"index":"noindex","follow":"follow","max-snippet":"max-snippet:-1","max-image-preview":"max-image-preview:large","max-video-preview":"max-video-preview:-1"},"og_locale":"es_ES","og_type":"article","og_title":"The Fabric \u2013 Weetsweets","og_description":"Wetsweets desarroll\u00f3 el tejido WS-ecoactive Fabric, resultado de 2 a\u00f1os de trabajo, para crear un tejido que sea sostenible y t\u00e9cnico.","og_url":"https:\/\/legacy.100x100.net\/projects\/wetsweets\/the-fabric\/","og_site_name":"Wetsweets","article_publisher":"http:\/\/www.facebook.com\/wetsweets","article_modified_time":"2017-05-08T11:09:34+00:00","og_image":[{"url":"http:\/\/www.wetsweets.com\/wp-content\/uploads\/2017\/04\/the-fabric-facebook.jpg","type":"","width":"","height":""}],"twitter_card":"summary_large_image","twitter_title":"The Fabric \u2013 Weetsweets","twitter_description":"Wetsweets desarroll\u00f3 el tejido WS-ecoactive Fabric, resultado de 2 a\u00f1os de trabajo, para crear un tejido que sea sostenible y t\u00e9cnico.","twitter_image":"http:\/\/www.wetsweets.com\/wp-content\/uploads\/2017\/04\/the-fabric-twitter.jpg","twitter_misc":{"Tiempo de lectura":"1 minuto"},"schema":{"@context":"https:\/\/schema.org","@graph":[{"@type":"WebPage","@id":"https:\/\/legacy.100x100.net\/projects\/wetsweets\/the-fabric\/","url":"https:\/\/legacy.100x100.net\/projects\/wetsweets\/the-fabric\/","name":"Wetsweets.com: The fabric \u2013 Sup, studio, kite, boxing, fitness, surf, running, sailing and lifestyle","isPartOf":{"@id":"https:\/\/legacy.100x100.net\/projects\/wetsweets\/#website"},"datePublished":"2017-03-28T10:51:54+00:00","dateModified":"2017-05-08T11:09:34+00:00","description":"Wetsweets desarroll\u00f3 el tejido WS-ecoactive Fabric, resultado de 2 a\u00f1os de trabajo, para crear un tejido que sea sostenible y t\u00e9cnico.","breadcrumb":{"@id":"https:\/\/legacy.100x100.net\/projects\/wetsweets\/the-fabric\/#breadcrumb"},"inLanguage":"es","potentialAction":[{"@type":"ReadAction","target":["https:\/\/legacy.100x100.net\/projects\/wetsweets\/the-fabric\/"]}]},{"@type":"BreadcrumbList","@id":"https:\/\/legacy.100x100.net\/projects\/wetsweets\/the-fabric\/#breadcrumb","itemListElement":[{"@type":"ListItem","position":1,"name":"Portada","item":"https:\/\/legacy.100x100.net\/projects\/wetsweets\/"},{"@type":"ListItem","position":2,"name":"The fabric"}]},{"@type":"WebSite","@id":"https:\/\/legacy.100x100.net\/projects\/wetsweets\/#website","url":"https:\/\/legacy.100x100.net\/projects\/wetsweets\/","name":"Wetsweets","description":"Wetsweets is a brand aimed at empowering ambitious women of all ages, that enjoy practicing sports and feeling beautiful at the same time!!","potentialAction":[{"@type":"SearchAction","target":{"@type":"EntryPoint","urlTemplate":"https:\/\/legacy.100x100.net\/projects\/wetsweets\/?s={search_term_string}"},"query-input":{"@type":"PropertyValueSpecification","valueRequired":true,"valueName":"search_term_string"}}],"inLanguage":"es"}]}},"_links":{"self":[{"href":"https:\/\/legacy.100x100.net\/projects\/wetsweets\/es\/wp-json\/wp\/v2\/pages\/19561","targetHints":{"allow":["GET"]}}],"collection":[{"href":"https:\/\/legacy.100x100.net\/projects\/wetsweets\/es\/wp-json\/wp\/v2\/pages"}],"about":[{"href":"https:\/\/legacy.100x100.net\/projects\/wetsweets\/es\/wp-json\/wp\/v2\/types\/page"}],"author":[{"embeddable":true,"href":"https:\/\/legacy.100x100.net\/projects\/wetsweets\/es\/wp-json\/wp\/v2\/users\/1"}],"replies":[{"embeddable":true,"href":"https:\/\/legacy.100x100.net\/projects\/wetsweets\/es\/wp-json\/wp\/v2\/comments?post=19561"}],"version-history":[{"count":2,"href":"https:\/\/legacy.100x100.net\/projects\/wetsweets\/es\/wp-json\/wp\/v2\/pages\/19561\/revisions"}],"predecessor-version":[{"id":19563,"href":"https:\/\/legacy.100x100.net\/projects\/wetsweets\/es\/wp-json\/wp\/v2\/pages\/19561\/revisions\/19563"}],"wp:attachment":[{"href":"https:\/\/legacy.100x100.net\/projects\/wetsweets\/es\/wp-json\/wp\/v2\/media?parent=19561"}],"curies":[{"name":"wp","href":"https:\/\/api.w.org\/{rel}","templated":true}]}}