{"id":19549,"date":"2017-03-27T21:27:03","date_gmt":"2017-03-27T21:27:03","guid":{"rendered":"http:\/\/www.wetsweets.com\/lookbook\/"},"modified":"2017-04-27T21:55:12","modified_gmt":"2017-04-27T21:55:12","slug":"catalogo-trajes-de-neopreno-mujer","status":"publish","type":"page","link":"https:\/\/legacy.100x100.net\/projects\/wetsweets\/es\/catalogo-trajes-de-neopreno-mujer\/","title":{"rendered":"Lookbook"},"content":{"rendered":"","protected":false},"excerpt":{"rendered":"","protected":false},"author":1,"featured_media":0,"parent":0,"menu_order":0,"comment_status":"closed","ping_status":"closed","template":"page-lookbook.php","meta":{"_acf_changed":false,"footnotes":""},"class_list":["post-19549","page","type-page","status-publish","hentry"],"acf":[],"yoast_head":"<!-- This site is optimized with the Yoast SEO plugin v25.6 - https:\/\/yoast.com\/wordpress\/plugins\/seo\/ -->\n<title>Lookbook \u2013 Descubre la nueva colecci\u00f3n a trav\u00e9s de la tienda online.<\/title>\n<meta name=\"description\" content=\"\u00a1Insp\u00edrate con nuestro lookbook y comparte tu estilo! Descubre la nueva colecci\u00f3n para mujeres deportivas: Monos, ba\u00f1adores, bikinis y mucho m\u00e1s.\" \/>\n<meta name=\"robots\" content=\"noindex, follow, max-snippet:-1, max-image-preview:large, max-video-preview:-1\" \/>\n<meta property=\"og:locale\" content=\"es_ES\" \/>\n<meta property=\"og:type\" content=\"article\" \/>\n<meta property=\"og:title\" content=\"Lookbook \u2013 Wetsweets\" \/>\n<meta property=\"og:description\" content=\"\u00a1Insp\u00edrate con nuestro lookbook y comparte tu estilo!\" \/>\n<meta property=\"og:url\" content=\"https:\/\/legacy.100x100.net\/projects\/wetsweets\/lookbook\/\" \/>\n<meta property=\"og:site_name\" content=\"Wetsweets\" \/>\n<meta property=\"article:publisher\" content=\"http:\/\/www.facebook.com\/wetsweets\" \/>\n<meta property=\"article:modified_time\" content=\"2017-04-27T21:55:12+00:00\" \/>\n<meta property=\"og:image\" content=\"http:\/\/www.wetsweets.com\/wp-content\/uploads\/2017\/04\/lookbook-facebook.jpg\" \/>\n<meta name=\"twitter:card\" content=\"summary_large_image\" \/>\n<meta name=\"twitter:title\" content=\"Lookbook \u2013 Wetsweets\" \/>\n<meta name=\"twitter:description\" content=\"\u00a1Insp\u00edrate con nuestro lookbook y comparte tu estilo!\" \/>\n<meta name=\"twitter:image\" content=\"http:\/\/www.wetsweets.com\/wp-content\/uploads\/2017\/04\/lookbook-twitter.jpg\" \/>\n<script type=\"application\/ld+json\" class=\"yoast-schema-graph\">{\"@context\":\"https:\/\/schema.org\",\"@graph\":[{\"@type\":\"WebPage\",\"@id\":\"https:\/\/legacy.100x100.net\/projects\/wetsweets\/lookbook\/\",\"url\":\"https:\/\/legacy.100x100.net\/projects\/wetsweets\/lookbook\/\",\"name\":\"Lookbook \u2013 Descubre la nueva colecci\u00f3n a trav\u00e9s de la tienda online.\",\"isPartOf\":{\"@id\":\"https:\/\/legacy.100x100.net\/projects\/wetsweets\/#website\"},\"datePublished\":\"2017-03-27T21:27:03+00:00\",\"dateModified\":\"2017-04-27T21:55:12+00:00\",\"description\":\"\u00a1Insp\u00edrate con nuestro lookbook y comparte tu estilo! Descubre la nueva colecci\u00f3n para mujeres deportivas: Monos, ba\u00f1adores, bikinis y mucho m\u00e1s.\",\"breadcrumb\":{\"@id\":\"https:\/\/legacy.100x100.net\/projects\/wetsweets\/lookbook\/#breadcrumb\"},\"inLanguage\":\"es\",\"potentialAction\":[{\"@type\":\"ReadAction\",\"target\":[\"https:\/\/legacy.100x100.net\/projects\/wetsweets\/lookbook\/\"]}]},{\"@type\":\"BreadcrumbList\",\"@id\":\"https:\/\/legacy.100x100.net\/projects\/wetsweets\/lookbook\/#breadcrumb\",\"itemListElement\":[{\"@type\":\"ListItem\",\"position\":1,\"name\":\"Portada\",\"item\":\"https:\/\/legacy.100x100.net\/projects\/wetsweets\/\"},{\"@type\":\"ListItem\",\"position\":2,\"name\":\"Lookbook\"}]},{\"@type\":\"WebSite\",\"@id\":\"https:\/\/legacy.100x100.net\/projects\/wetsweets\/#website\",\"url\":\"https:\/\/legacy.100x100.net\/projects\/wetsweets\/\",\"name\":\"Wetsweets\",\"description\":\"Wetsweets is a brand aimed at empowering ambitious women of all ages, that enjoy practicing sports and feeling beautiful at the same time!!\",\"potentialAction\":[{\"@type\":\"SearchAction\",\"target\":{\"@type\":\"EntryPoint\",\"urlTemplate\":\"https:\/\/legacy.100x100.net\/projects\/wetsweets\/?s={search_term_string}\"},\"query-input\":{\"@type\":\"PropertyValueSpecification\",\"valueRequired\":true,\"valueName\":\"search_term_string\"}}],\"inLanguage\":\"es\"}]}<\/script>\n<!-- \/ Yoast SEO plugin. -->","yoast_head_json":{"title":"Lookbook \u2013 Descubre la nueva colecci\u00f3n a trav\u00e9s de la tienda online.","description":"\u00a1Insp\u00edrate con nuestro lookbook y comparte tu estilo! Descubre la nueva colecci\u00f3n para mujeres deportivas: Monos, ba\u00f1adores, bikinis y mucho m\u00e1s.","robots":{"index":"noindex","follow":"follow","max-snippet":"max-snippet:-1","max-image-preview":"max-image-preview:large","max-video-preview":"max-video-preview:-1"},"og_locale":"es_ES","og_type":"article","og_title":"Lookbook \u2013 Wetsweets","og_description":"\u00a1Insp\u00edrate con nuestro lookbook y comparte tu estilo!","og_url":"https:\/\/legacy.100x100.net\/projects\/wetsweets\/lookbook\/","og_site_name":"Wetsweets","article_publisher":"http:\/\/www.facebook.com\/wetsweets","article_modified_time":"2017-04-27T21:55:12+00:00","og_image":[{"url":"http:\/\/www.wetsweets.com\/wp-content\/uploads\/2017\/04\/lookbook-facebook.jpg","type":"","width":"","height":""}],"twitter_card":"summary_large_image","twitter_title":"Lookbook \u2013 Wetsweets","twitter_description":"\u00a1Insp\u00edrate con nuestro lookbook y comparte tu estilo!","twitter_image":"http:\/\/www.wetsweets.com\/wp-content\/uploads\/2017\/04\/lookbook-twitter.jpg","schema":{"@context":"https:\/\/schema.org","@graph":[{"@type":"WebPage","@id":"https:\/\/legacy.100x100.net\/projects\/wetsweets\/lookbook\/","url":"https:\/\/legacy.100x100.net\/projects\/wetsweets\/lookbook\/","name":"Lookbook \u2013 Descubre la nueva colecci\u00f3n a trav\u00e9s de la tienda online.","isPartOf":{"@id":"https:\/\/legacy.100x100.net\/projects\/wetsweets\/#website"},"datePublished":"2017-03-27T21:27:03+00:00","dateModified":"2017-04-27T21:55:12+00:00","description":"\u00a1Insp\u00edrate con nuestro lookbook y comparte tu estilo! Descubre la nueva colecci\u00f3n para mujeres deportivas: Monos, ba\u00f1adores, bikinis y mucho m\u00e1s.","breadcrumb":{"@id":"https:\/\/legacy.100x100.net\/projects\/wetsweets\/lookbook\/#breadcrumb"},"inLanguage":"es","potentialAction":[{"@type":"ReadAction","target":["https:\/\/legacy.100x100.net\/projects\/wetsweets\/lookbook\/"]}]},{"@type":"BreadcrumbList","@id":"https:\/\/legacy.100x100.net\/projects\/wetsweets\/lookbook\/#breadcrumb","itemListElement":[{"@type":"ListItem","position":1,"name":"Portada","item":"https:\/\/legacy.100x100.net\/projects\/wetsweets\/"},{"@type":"ListItem","position":2,"name":"Lookbook"}]},{"@type":"WebSite","@id":"https:\/\/legacy.100x100.net\/projects\/wetsweets\/#website","url":"https:\/\/legacy.100x100.net\/projects\/wetsweets\/","name":"Wetsweets","description":"Wetsweets is a brand aimed at empowering ambitious women of all ages, that enjoy practicing sports and feeling beautiful at the same time!!","potentialAction":[{"@type":"SearchAction","target":{"@type":"EntryPoint","urlTemplate":"https:\/\/legacy.100x100.net\/projects\/wetsweets\/?s={search_term_string}"},"query-input":{"@type":"PropertyValueSpecification","valueRequired":true,"valueName":"search_term_string"}}],"inLanguage":"es"}]}},"_links":{"self":[{"href":"https:\/\/legacy.100x100.net\/projects\/wetsweets\/es\/wp-json\/wp\/v2\/pages\/19549","targetHints":{"allow":["GET"]}}],"collection":[{"href":"https:\/\/legacy.100x100.net\/projects\/wetsweets\/es\/wp-json\/wp\/v2\/pages"}],"about":[{"href":"https:\/\/legacy.100x100.net\/projects\/wetsweets\/es\/wp-json\/wp\/v2\/types\/page"}],"author":[{"embeddable":true,"href":"https:\/\/legacy.100x100.net\/projects\/wetsweets\/es\/wp-json\/wp\/v2\/users\/1"}],"replies":[{"embeddable":true,"href":"https:\/\/legacy.100x100.net\/projects\/wetsweets\/es\/wp-json\/wp\/v2\/comments?post=19549"}],"version-history":[{"count":2,"href":"https:\/\/legacy.100x100.net\/projects\/wetsweets\/es\/wp-json\/wp\/v2\/pages\/19549\/revisions"}],"predecessor-version":[{"id":20274,"href":"https:\/\/legacy.100x100.net\/projects\/wetsweets\/es\/wp-json\/wp\/v2\/pages\/19549\/revisions\/20274"}],"wp:attachment":[{"href":"https:\/\/legacy.100x100.net\/projects\/wetsweets\/es\/wp-json\/wp\/v2\/media?parent=19549"}],"curies":[{"name":"wp","href":"https:\/\/api.w.org\/{rel}","templated":true}]}}