{"id":18608,"date":"2017-03-29T08:40:52","date_gmt":"2017-03-29T08:40:52","guid":{"rendered":"http:\/\/www.wetsweets.com\/?page_id=18608\/"},"modified":"2017-05-11T20:44:16","modified_gmt":"2017-05-11T20:44:16","slug":"the-brand","status":"publish","type":"page","link":"https:\/\/legacy.100x100.net\/projects\/wetsweets\/es\/the-brand\/","title":{"rendered":"The brand"},"content":{"rendered":"<div class=\"brand-bloque\">\n<p><b>Wetsweets<\/b> es la prueba de que con pasi\u00f3n, amor y tenacidad, las mujeres podemos lograr todo lo que se nos pone en la cabeza. El amor por los deportes acu\u00e1ticos y la falta de ropa dise\u00f1ada por y para las mujeres es lo que llev\u00f3 a la fundadora de <b>Wetsweets<\/b> a emprender este viaje.<\/p>\n<p>Dej\u00f3 su exitosa carrera como psic\u00f3loga, despu\u00e9s de 21 a\u00f1os de dedicaci\u00f3n, para empezar un proyecto dirigido a mejorar el confort de las mujeres que aman el kite surf, el SUP, el surf\u2026 b\u00e1sicamente cualquier deporte \u00a1relacionado con el agua!<\/p>\n<p>Con su experiencia como apasionada de los deportes de agua y con el saber hacer de varios industriales textiles de la zona, entre todos desarrollaron el tejido <b>WS-ECOACTIVE<\/b>.<\/p>\n<\/div>\n<div class=\"brand-bloque\">\n<p>Un material sostenible con grandes cualidades. Tantas que no solo es perfecto para los deportes de agua sino que \u00a1se adapta a todas las actividades!<br \/>\nUna vez tuvo el tejido, empez\u00f3 a dise\u00f1ar sus colecciones combinando patrones que permiten los movimientos con estampados que nos sacan de del mundo negro del surf suit.<br \/>\n\u00a1As\u00ed es como naci\u00f3 <b>Wetsweets<\/b>!<\/p>\n<p>Desde entonces, atletas profesionales desde kiters hasta yogis de todo el mundo escogen Wetsweets para disfrutar de sus pasiones y sus desaf\u00edos.<\/p>\n<p>As\u00ed que \u00a1Bienvenida a <b>Wetsweets<\/b>! Una marca dirigida a reforzar a las mujeres ambiciosas de todas las edades, que quieren practicar deportes y sentirse preciosas !al mismo tiempo!<\/p>\n<\/div>\n","protected":false},"excerpt":{"rendered":"<p>Wetsweets es la prueba de que con pasi\u00f3n, amor y tenacidad, las mujeres podemos lograr todo lo que se nos pone en la cabeza. El amor por los deportes acu\u00e1ticos y la falta de ropa dise\u00f1ada por y para las mujeres es lo que llev\u00f3 a la fundadora de Wetsweets a emprender este viaje. Dej\u00f3 [&hellip;]<\/p>\n","protected":false},"author":1,"featured_media":19177,"parent":0,"menu_order":0,"comment_status":"closed","ping_status":"closed","template":"page-thebrand.php","meta":{"_acf_changed":false,"footnotes":""},"class_list":["post-18608","page","type-page","status-publish","has-post-thumbnail","hentry"],"acf":[],"yoast_head":"<!-- This site is optimized with the Yoast SEO plugin v25.6 - https:\/\/yoast.com\/wordpress\/plugins\/seo\/ -->\n<title>The brand \u2013 Detr\u00e1s de una marca hay una historia, una pasi\u00f3n<\/title>\n<meta name=\"description\" content=\"Detr\u00e1s de una marca hay una historia. Wetsweets es la muestra de que con pasi\u00f3n, amor y tenacidad las mujeres podemos lograr todo lo que nos proponemos.\" \/>\n<meta name=\"robots\" content=\"noindex, follow, max-snippet:-1, max-image-preview:large, max-video-preview:-1\" \/>\n<meta property=\"og:locale\" content=\"es_ES\" \/>\n<meta property=\"og:type\" content=\"article\" \/>\n<meta property=\"og:title\" content=\"The brand \u2013 Wetsweets\" \/>\n<meta property=\"og:description\" content=\"Detr\u00e1s de una marca hay una historia. Wetsweets es la muestra de que con pasi\u00f3n, amor y tenacidad las mujeres podemos lograr todo lo que nos proponemos.\" \/>\n<meta property=\"og:url\" content=\"https:\/\/legacy.100x100.net\/projects\/wetsweets\/the-brand\/\" \/>\n<meta property=\"og:site_name\" content=\"Wetsweets\" \/>\n<meta property=\"article:publisher\" content=\"http:\/\/www.facebook.com\/wetsweets\" \/>\n<meta property=\"article:modified_time\" content=\"2017-05-11T20:44:16+00:00\" \/>\n<meta property=\"og:image\" content=\"http:\/\/www.wetsweets.com\/wp-content\/uploads\/2017\/04\/the-brand-facebook.jpg\" \/>\n<meta name=\"twitter:card\" content=\"summary_large_image\" \/>\n<meta name=\"twitter:title\" content=\"The brand \u2013 Wetsweets\" \/>\n<meta name=\"twitter:description\" content=\"Detr\u00e1s de una marca hay una historia. Wetsweets es la muestra de que con pasi\u00f3n, amor y tenacidad las mujeres podemos lograr todo lo que nos proponemos.\" \/>\n<meta name=\"twitter:image\" content=\"http:\/\/www.wetsweets.com\/wp-content\/uploads\/2017\/04\/the-brand-twitter.jpg\" \/>\n<meta name=\"twitter:label1\" content=\"Tiempo de lectura\" \/>\n\t<meta name=\"twitter:data1\" content=\"1 minuto\" \/>\n<script type=\"application\/ld+json\" class=\"yoast-schema-graph\">{\"@context\":\"https:\/\/schema.org\",\"@graph\":[{\"@type\":\"WebPage\",\"@id\":\"https:\/\/legacy.100x100.net\/projects\/wetsweets\/the-brand\/\",\"url\":\"https:\/\/legacy.100x100.net\/projects\/wetsweets\/the-brand\/\",\"name\":\"The brand \u2013 Detr\u00e1s de una marca hay una historia, una pasi\u00f3n\",\"isPartOf\":{\"@id\":\"https:\/\/legacy.100x100.net\/projects\/wetsweets\/#website\"},\"primaryImageOfPage\":{\"@id\":\"https:\/\/legacy.100x100.net\/projects\/wetsweets\/the-brand\/#primaryimage\"},\"image\":{\"@id\":\"https:\/\/legacy.100x100.net\/projects\/wetsweets\/the-brand\/#primaryimage\"},\"thumbnailUrl\":\"https:\/\/legacy.100x100.net\/projects\/wetsweets\/wp-content\/uploads\/2017\/03\/thebrand.jpg\",\"datePublished\":\"2017-03-29T08:40:52+00:00\",\"dateModified\":\"2017-05-11T20:44:16+00:00\",\"description\":\"Detr\u00e1s de una marca hay una historia. Wetsweets es la muestra de que con pasi\u00f3n, amor y tenacidad las mujeres podemos lograr todo lo que nos proponemos.\",\"breadcrumb\":{\"@id\":\"https:\/\/legacy.100x100.net\/projects\/wetsweets\/the-brand\/#breadcrumb\"},\"inLanguage\":\"es\",\"potentialAction\":[{\"@type\":\"ReadAction\",\"target\":[\"https:\/\/legacy.100x100.net\/projects\/wetsweets\/the-brand\/\"]}]},{\"@type\":\"ImageObject\",\"inLanguage\":\"es\",\"@id\":\"https:\/\/legacy.100x100.net\/projects\/wetsweets\/the-brand\/#primaryimage\",\"url\":\"https:\/\/legacy.100x100.net\/projects\/wetsweets\/wp-content\/uploads\/2017\/03\/thebrand.jpg\",\"contentUrl\":\"https:\/\/legacy.100x100.net\/projects\/wetsweets\/wp-content\/uploads\/2017\/03\/thebrand.jpg\",\"width\":1200,\"height\":803},{\"@type\":\"BreadcrumbList\",\"@id\":\"https:\/\/legacy.100x100.net\/projects\/wetsweets\/the-brand\/#breadcrumb\",\"itemListElement\":[{\"@type\":\"ListItem\",\"position\":1,\"name\":\"Portada\",\"item\":\"https:\/\/legacy.100x100.net\/projects\/wetsweets\/\"},{\"@type\":\"ListItem\",\"position\":2,\"name\":\"The brand\"}]},{\"@type\":\"WebSite\",\"@id\":\"https:\/\/legacy.100x100.net\/projects\/wetsweets\/#website\",\"url\":\"https:\/\/legacy.100x100.net\/projects\/wetsweets\/\",\"name\":\"Wetsweets\",\"description\":\"Wetsweets is a brand aimed at empowering ambitious women of all ages, that enjoy practicing sports and feeling beautiful at the same time!!\",\"potentialAction\":[{\"@type\":\"SearchAction\",\"target\":{\"@type\":\"EntryPoint\",\"urlTemplate\":\"https:\/\/legacy.100x100.net\/projects\/wetsweets\/?s={search_term_string}\"},\"query-input\":{\"@type\":\"PropertyValueSpecification\",\"valueRequired\":true,\"valueName\":\"search_term_string\"}}],\"inLanguage\":\"es\"}]}<\/script>\n<!-- \/ Yoast SEO plugin. -->","yoast_head_json":{"title":"The brand \u2013 Detr\u00e1s de una marca hay una historia, una pasi\u00f3n","description":"Detr\u00e1s de una marca hay una historia. Wetsweets es la muestra de que con pasi\u00f3n, amor y tenacidad las mujeres podemos lograr todo lo que nos proponemos.","robots":{"index":"noindex","follow":"follow","max-snippet":"max-snippet:-1","max-image-preview":"max-image-preview:large","max-video-preview":"max-video-preview:-1"},"og_locale":"es_ES","og_type":"article","og_title":"The brand \u2013 Wetsweets","og_description":"Detr\u00e1s de una marca hay una historia. Wetsweets es la muestra de que con pasi\u00f3n, amor y tenacidad las mujeres podemos lograr todo lo que nos proponemos.","og_url":"https:\/\/legacy.100x100.net\/projects\/wetsweets\/the-brand\/","og_site_name":"Wetsweets","article_publisher":"http:\/\/www.facebook.com\/wetsweets","article_modified_time":"2017-05-11T20:44:16+00:00","og_image":[{"url":"http:\/\/www.wetsweets.com\/wp-content\/uploads\/2017\/04\/the-brand-facebook.jpg","type":"","width":"","height":""}],"twitter_card":"summary_large_image","twitter_title":"The brand \u2013 Wetsweets","twitter_description":"Detr\u00e1s de una marca hay una historia. Wetsweets es la muestra de que con pasi\u00f3n, amor y tenacidad las mujeres podemos lograr todo lo que nos proponemos.","twitter_image":"http:\/\/www.wetsweets.com\/wp-content\/uploads\/2017\/04\/the-brand-twitter.jpg","twitter_misc":{"Tiempo de lectura":"1 minuto"},"schema":{"@context":"https:\/\/schema.org","@graph":[{"@type":"WebPage","@id":"https:\/\/legacy.100x100.net\/projects\/wetsweets\/the-brand\/","url":"https:\/\/legacy.100x100.net\/projects\/wetsweets\/the-brand\/","name":"The brand \u2013 Detr\u00e1s de una marca hay una historia, una pasi\u00f3n","isPartOf":{"@id":"https:\/\/legacy.100x100.net\/projects\/wetsweets\/#website"},"primaryImageOfPage":{"@id":"https:\/\/legacy.100x100.net\/projects\/wetsweets\/the-brand\/#primaryimage"},"image":{"@id":"https:\/\/legacy.100x100.net\/projects\/wetsweets\/the-brand\/#primaryimage"},"thumbnailUrl":"https:\/\/legacy.100x100.net\/projects\/wetsweets\/wp-content\/uploads\/2017\/03\/thebrand.jpg","datePublished":"2017-03-29T08:40:52+00:00","dateModified":"2017-05-11T20:44:16+00:00","description":"Detr\u00e1s de una marca hay una historia. Wetsweets es la muestra de que con pasi\u00f3n, amor y tenacidad las mujeres podemos lograr todo lo que nos proponemos.","breadcrumb":{"@id":"https:\/\/legacy.100x100.net\/projects\/wetsweets\/the-brand\/#breadcrumb"},"inLanguage":"es","potentialAction":[{"@type":"ReadAction","target":["https:\/\/legacy.100x100.net\/projects\/wetsweets\/the-brand\/"]}]},{"@type":"ImageObject","inLanguage":"es","@id":"https:\/\/legacy.100x100.net\/projects\/wetsweets\/the-brand\/#primaryimage","url":"https:\/\/legacy.100x100.net\/projects\/wetsweets\/wp-content\/uploads\/2017\/03\/thebrand.jpg","contentUrl":"https:\/\/legacy.100x100.net\/projects\/wetsweets\/wp-content\/uploads\/2017\/03\/thebrand.jpg","width":1200,"height":803},{"@type":"BreadcrumbList","@id":"https:\/\/legacy.100x100.net\/projects\/wetsweets\/the-brand\/#breadcrumb","itemListElement":[{"@type":"ListItem","position":1,"name":"Portada","item":"https:\/\/legacy.100x100.net\/projects\/wetsweets\/"},{"@type":"ListItem","position":2,"name":"The brand"}]},{"@type":"WebSite","@id":"https:\/\/legacy.100x100.net\/projects\/wetsweets\/#website","url":"https:\/\/legacy.100x100.net\/projects\/wetsweets\/","name":"Wetsweets","description":"Wetsweets is a brand aimed at empowering ambitious women of all ages, that enjoy practicing sports and feeling beautiful at the same time!!","potentialAction":[{"@type":"SearchAction","target":{"@type":"EntryPoint","urlTemplate":"https:\/\/legacy.100x100.net\/projects\/wetsweets\/?s={search_term_string}"},"query-input":{"@type":"PropertyValueSpecification","valueRequired":true,"valueName":"search_term_string"}}],"inLanguage":"es"}]}},"_links":{"self":[{"href":"https:\/\/legacy.100x100.net\/projects\/wetsweets\/es\/wp-json\/wp\/v2\/pages\/18608","targetHints":{"allow":["GET"]}}],"collection":[{"href":"https:\/\/legacy.100x100.net\/projects\/wetsweets\/es\/wp-json\/wp\/v2\/pages"}],"about":[{"href":"https:\/\/legacy.100x100.net\/projects\/wetsweets\/es\/wp-json\/wp\/v2\/types\/page"}],"author":[{"embeddable":true,"href":"https:\/\/legacy.100x100.net\/projects\/wetsweets\/es\/wp-json\/wp\/v2\/users\/1"}],"replies":[{"embeddable":true,"href":"https:\/\/legacy.100x100.net\/projects\/wetsweets\/es\/wp-json\/wp\/v2\/comments?post=18608"}],"version-history":[{"count":4,"href":"https:\/\/legacy.100x100.net\/projects\/wetsweets\/es\/wp-json\/wp\/v2\/pages\/18608\/revisions"}],"predecessor-version":[{"id":20341,"href":"https:\/\/legacy.100x100.net\/projects\/wetsweets\/es\/wp-json\/wp\/v2\/pages\/18608\/revisions\/20341"}],"wp:featuredmedia":[{"embeddable":true,"href":"https:\/\/legacy.100x100.net\/projects\/wetsweets\/es\/wp-json\/wp\/v2\/media\/19177"}],"wp:attachment":[{"href":"https:\/\/legacy.100x100.net\/projects\/wetsweets\/es\/wp-json\/wp\/v2\/media?parent=18608"}],"curies":[{"name":"wp","href":"https:\/\/api.w.org\/{rel}","templated":true}]}}