{"id":17988,"date":"2017-03-27T20:31:57","date_gmt":"2017-03-27T20:31:57","guid":{"rendered":"http:\/\/www.wetsweets.com\/?page_id=17988\/"},"modified":"2017-05-11T21:08:49","modified_gmt":"2017-05-11T21:08:49","slug":"faq","status":"publish","type":"page","link":"https:\/\/legacy.100x100.net\/projects\/wetsweets\/es\/faq\/","title":{"rendered":"FAQ"},"content":{"rendered":"<p><em><strong>\u00bfA qu\u00e9 pa\u00edses se realizan entregas?<\/strong><\/em><\/p>\n<p>Actualmente se pueden realizar pedidos en Espa\u00f1a (Pen\u00ednsula, Islas Baleares, Islas Canarias, Ceuta y Melilla) y en Europa. (No se aceptan Apartados Postales como direcci\u00f3n v\u00e1lida de env\u00edo)<\/p>\n<p><em><strong>\u00bfNecesito crear una cuenta para comprar en wetsweets.com?<\/strong><\/em><\/p>\n<p>No es necesario registrarte para poder realizar un pedido, pero te recomendamos crear una cuenta para obtener todas las ventajas de formar parte de wetsweets. Puedes hacerlo durante el proceso de compra o en cualquier momento desde la secci\u00f3n de \u201cACCEDER\u201d<\/p>\n<p><em><strong>\u00bfC\u00f3mo puedo actualizar mis datos?<\/strong><\/em><\/p>\n<p>Para actualizar tus datos ve a la secci\u00f3n \u00abACCEDER\u00bb e introduce tu e-mail y contrase\u00f1a. Posteriormente deber\u00e1s acudir al apartado \u00abMi Cuenta\u00bb.<\/p>\n<p><em><strong>\u00bfC\u00f3mo puedo darme de baja de wetsweets.com?<\/strong><\/em><\/p>\n<p>Para darte de baja, por favor, env\u00edanos un email a <a href=\"mailto:help@wetsweets.com\">help@wetsweets.com<\/a><\/p>\n<p><em><strong>\u00bfPuedo cancelar o modificar un pedido?<\/strong><\/em><\/p>\n<p>No es posible modificar o cancelar un pedido una vez haya sido enviado. Puedes devolver los art\u00edculos que no desees siguiendo las instrucciones de devoluciones una vez hayas recibido tu pedido.<\/p>\n<p><em><strong>\u00bfC\u00f3mo puedo devolver un art\u00edculo comprado en wetsweets.com?<\/strong><\/em><\/p>\n<p>Revisa nuestra secci\u00f3n de Devoluciones, donde te indicaremos los pasos a seguir para realizar un cambio o una devoluci\u00f3n.<\/p>\n<p><em><strong>\u00bfQu\u00e9 hago si recibo un art\u00edculo equivocado o defectuoso?<\/strong><\/em><\/p>\n<p>Si recibes un art\u00edculo defectuoso o incorrecto, por favor, cont\u00e1ctanos a <a href=\"mailto:help@wetsweets.com\">help@wetsweets.com<\/a><\/p>\n<p><em><strong>\u00bfC\u00f3mo puedo pagar mis compras en wetsweets.com?<\/strong><\/em><\/p>\n<p>Puedes realizar el pago de tus compras con Visa. Tambi\u00e9n te ofrecemos la opci\u00f3n de pagar v\u00eda PayPal.<\/p>\n<p><em><strong>\u00bfCu\u00e1les son los gastos de env\u00edo?<\/strong><\/em><\/p>\n<p>Revisa nuestra secci\u00f3n de Gastos de env\u00edo para informarte sobre la tarifa de cada destinaci\u00f3n.<\/p>\n<p><em><strong>\u00bfCu\u00e1ndo recibir\u00e9 mi compra?<\/strong><\/em><\/p>\n<p>Los plazos de entrega aproximados son:<br \/>\n&#8211; Espa\u00f1a y Portugal: 1 \u2013 2 d\u00edas laborables<br \/>\n&#8211; Europa: 3 \u2013 4 d\u00edas laborables<\/p>\n<p><em><strong>\u00bfPuedo solicitar una factura por mi compra?<\/strong><\/em><\/p>\n<p>S\u00ed, puedes solicitarla en el momento de realizar la compra. S\u00f3lo necesitas marcar la casilla de \u201cRecibir factura\u201d<\/p>\n<p><em><strong>\u00bfQu\u00e9 es la direcci\u00f3n de env\u00edo?<\/strong><\/em><\/p>\n<p>La direcci\u00f3n de env\u00edo es el lugar donde quieres recibir tu pedido. Aseg\u00farate de que haya alguien para qu\u00e9 firme la entrega tu pedido en la direcci\u00f3n de env\u00edo facilitada.<\/p>\n","protected":false},"excerpt":{"rendered":"<p>\u00bfA qu\u00e9 pa\u00edses se realizan entregas? Actualmente se pueden realizar pedidos en Espa\u00f1a (Pen\u00ednsula, Islas Baleares, Islas Canarias, Ceuta y Melilla) y en Europa. (No se aceptan Apartados Postales como direcci\u00f3n v\u00e1lida de env\u00edo) \u00bfNecesito crear una cuenta para comprar en wetsweets.com? No es necesario registrarte para poder realizar un pedido, pero te recomendamos crear [&hellip;]<\/p>\n","protected":false},"author":1,"featured_media":0,"parent":0,"menu_order":0,"comment_status":"closed","ping_status":"closed","template":"page-help.php","meta":{"_acf_changed":false,"footnotes":""},"class_list":["post-17988","page","type-page","status-publish","hentry"],"acf":[],"yoast_head":"<!-- This site is optimized with the Yoast SEO plugin v25.6 - https:\/\/yoast.com\/wordpress\/plugins\/seo\/ -->\n<title>FAQ - Wetsweets.com<\/title>\n<meta name=\"description\" content=\"Preguntas frecuentes. Preguntas comunes que recibimos de los nuevos vendedores.\" \/>\n<meta name=\"robots\" content=\"noindex, follow, max-snippet:-1, max-image-preview:large, max-video-preview:-1\" \/>\n<meta property=\"og:locale\" content=\"es_ES\" \/>\n<meta property=\"og:type\" content=\"article\" \/>\n<meta property=\"og:title\" content=\"FAQ - Wetsweets.com\" \/>\n<meta property=\"og:description\" content=\"Preguntas frecuentes. Preguntas comunes que recibimos de los nuevos vendedores.\" \/>\n<meta property=\"og:url\" content=\"https:\/\/legacy.100x100.net\/projects\/wetsweets\/faq\/\" \/>\n<meta property=\"og:site_name\" content=\"Wetsweets\" \/>\n<meta property=\"article:publisher\" content=\"http:\/\/www.facebook.com\/wetsweets\" \/>\n<meta property=\"article:modified_time\" content=\"2017-05-11T21:08:49+00:00\" \/>\n<meta property=\"og:image\" content=\"http:\/\/www.wetsweets.com\/wp-content\/uploads\/2017\/04\/shop-facebook.jpg\" \/>\n<meta name=\"twitter:card\" content=\"summary_large_image\" \/>\n<meta name=\"twitter:label1\" content=\"Tiempo de lectura\" \/>\n\t<meta name=\"twitter:data1\" content=\"2 minutos\" \/>\n<script type=\"application\/ld+json\" class=\"yoast-schema-graph\">{\"@context\":\"https:\/\/schema.org\",\"@graph\":[{\"@type\":\"WebPage\",\"@id\":\"https:\/\/legacy.100x100.net\/projects\/wetsweets\/faq\/\",\"url\":\"https:\/\/legacy.100x100.net\/projects\/wetsweets\/faq\/\",\"name\":\"FAQ - Wetsweets.com\",\"isPartOf\":{\"@id\":\"https:\/\/legacy.100x100.net\/projects\/wetsweets\/#website\"},\"datePublished\":\"2017-03-27T20:31:57+00:00\",\"dateModified\":\"2017-05-11T21:08:49+00:00\",\"description\":\"Preguntas frecuentes. Preguntas comunes que recibimos de los nuevos vendedores.\",\"breadcrumb\":{\"@id\":\"https:\/\/legacy.100x100.net\/projects\/wetsweets\/faq\/#breadcrumb\"},\"inLanguage\":\"es\",\"potentialAction\":[{\"@type\":\"ReadAction\",\"target\":[\"https:\/\/legacy.100x100.net\/projects\/wetsweets\/faq\/\"]}]},{\"@type\":\"BreadcrumbList\",\"@id\":\"https:\/\/legacy.100x100.net\/projects\/wetsweets\/faq\/#breadcrumb\",\"itemListElement\":[{\"@type\":\"ListItem\",\"position\":1,\"name\":\"Portada\",\"item\":\"https:\/\/legacy.100x100.net\/projects\/wetsweets\/\"},{\"@type\":\"ListItem\",\"position\":2,\"name\":\"FAQ\"}]},{\"@type\":\"WebSite\",\"@id\":\"https:\/\/legacy.100x100.net\/projects\/wetsweets\/#website\",\"url\":\"https:\/\/legacy.100x100.net\/projects\/wetsweets\/\",\"name\":\"Wetsweets\",\"description\":\"Wetsweets is a brand aimed at empowering ambitious women of all ages, that enjoy practicing sports and feeling beautiful at the same time!!\",\"potentialAction\":[{\"@type\":\"SearchAction\",\"target\":{\"@type\":\"EntryPoint\",\"urlTemplate\":\"https:\/\/legacy.100x100.net\/projects\/wetsweets\/?s={search_term_string}\"},\"query-input\":{\"@type\":\"PropertyValueSpecification\",\"valueRequired\":true,\"valueName\":\"search_term_string\"}}],\"inLanguage\":\"es\"}]}<\/script>\n<!-- \/ Yoast SEO plugin. -->","yoast_head_json":{"title":"FAQ - Wetsweets.com","description":"Preguntas frecuentes. Preguntas comunes que recibimos de los nuevos vendedores.","robots":{"index":"noindex","follow":"follow","max-snippet":"max-snippet:-1","max-image-preview":"max-image-preview:large","max-video-preview":"max-video-preview:-1"},"og_locale":"es_ES","og_type":"article","og_title":"FAQ - Wetsweets.com","og_description":"Preguntas frecuentes. Preguntas comunes que recibimos de los nuevos vendedores.","og_url":"https:\/\/legacy.100x100.net\/projects\/wetsweets\/faq\/","og_site_name":"Wetsweets","article_publisher":"http:\/\/www.facebook.com\/wetsweets","article_modified_time":"2017-05-11T21:08:49+00:00","og_image":[{"url":"http:\/\/www.wetsweets.com\/wp-content\/uploads\/2017\/04\/shop-facebook.jpg","type":"","width":"","height":""}],"twitter_card":"summary_large_image","twitter_misc":{"Tiempo de lectura":"2 minutos"},"schema":{"@context":"https:\/\/schema.org","@graph":[{"@type":"WebPage","@id":"https:\/\/legacy.100x100.net\/projects\/wetsweets\/faq\/","url":"https:\/\/legacy.100x100.net\/projects\/wetsweets\/faq\/","name":"FAQ - Wetsweets.com","isPartOf":{"@id":"https:\/\/legacy.100x100.net\/projects\/wetsweets\/#website"},"datePublished":"2017-03-27T20:31:57+00:00","dateModified":"2017-05-11T21:08:49+00:00","description":"Preguntas frecuentes. Preguntas comunes que recibimos de los nuevos vendedores.","breadcrumb":{"@id":"https:\/\/legacy.100x100.net\/projects\/wetsweets\/faq\/#breadcrumb"},"inLanguage":"es","potentialAction":[{"@type":"ReadAction","target":["https:\/\/legacy.100x100.net\/projects\/wetsweets\/faq\/"]}]},{"@type":"BreadcrumbList","@id":"https:\/\/legacy.100x100.net\/projects\/wetsweets\/faq\/#breadcrumb","itemListElement":[{"@type":"ListItem","position":1,"name":"Portada","item":"https:\/\/legacy.100x100.net\/projects\/wetsweets\/"},{"@type":"ListItem","position":2,"name":"FAQ"}]},{"@type":"WebSite","@id":"https:\/\/legacy.100x100.net\/projects\/wetsweets\/#website","url":"https:\/\/legacy.100x100.net\/projects\/wetsweets\/","name":"Wetsweets","description":"Wetsweets is a brand aimed at empowering ambitious women of all ages, that enjoy practicing sports and feeling beautiful at the same time!!","potentialAction":[{"@type":"SearchAction","target":{"@type":"EntryPoint","urlTemplate":"https:\/\/legacy.100x100.net\/projects\/wetsweets\/?s={search_term_string}"},"query-input":{"@type":"PropertyValueSpecification","valueRequired":true,"valueName":"search_term_string"}}],"inLanguage":"es"}]}},"_links":{"self":[{"href":"https:\/\/legacy.100x100.net\/projects\/wetsweets\/es\/wp-json\/wp\/v2\/pages\/17988","targetHints":{"allow":["GET"]}}],"collection":[{"href":"https:\/\/legacy.100x100.net\/projects\/wetsweets\/es\/wp-json\/wp\/v2\/pages"}],"about":[{"href":"https:\/\/legacy.100x100.net\/projects\/wetsweets\/es\/wp-json\/wp\/v2\/types\/page"}],"author":[{"embeddable":true,"href":"https:\/\/legacy.100x100.net\/projects\/wetsweets\/es\/wp-json\/wp\/v2\/users\/1"}],"replies":[{"embeddable":true,"href":"https:\/\/legacy.100x100.net\/projects\/wetsweets\/es\/wp-json\/wp\/v2\/comments?post=17988"}],"version-history":[{"count":1,"href":"https:\/\/legacy.100x100.net\/projects\/wetsweets\/es\/wp-json\/wp\/v2\/pages\/17988\/revisions"}],"predecessor-version":[{"id":17989,"href":"https:\/\/legacy.100x100.net\/projects\/wetsweets\/es\/wp-json\/wp\/v2\/pages\/17988\/revisions\/17989"}],"wp:attachment":[{"href":"https:\/\/legacy.100x100.net\/projects\/wetsweets\/es\/wp-json\/wp\/v2\/media?parent=17988"}],"curies":[{"name":"wp","href":"https:\/\/api.w.org\/{rel}","templated":true}]}}