{"id":17982,"date":"2017-03-27T20:28:28","date_gmt":"2017-03-27T20:28:28","guid":{"rendered":"http:\/\/www.wetsweets.com\/?page_id=17982\/"},"modified":"2017-05-11T21:08:29","modified_gmt":"2017-05-11T21:08:29","slug":"devoluciones","status":"publish","type":"page","link":"https:\/\/legacy.100x100.net\/projects\/wetsweets\/es\/devoluciones\/","title":{"rendered":"Devoluciones"},"content":{"rendered":"<p>Si desea cambiar o devolver un art\u00edculo comprado en wetsweets.com puede hacerlo en un plazo m\u00e1ximo de 30 d\u00edas desde la fecha de entrega.<\/p>\n<p>Todos los art\u00edculos devueltos deben estar en perfecto estado, sin usar, sin lavar y con la etiqueta. Los art\u00edculos que no re\u00fanan estas caracter\u00edsticas ser\u00e1n denegados.<\/p>\n<p>Existen distintos procedimientos para la realizar cambios o devoluciones. Estas son las condiciones:<\/p>\n<h4><\/h4>\n<h4>CAMBIO<\/h4>\n<p>Se considera cambio la sustituci\u00f3n de un art\u00edculo por otro y se pueden realizar cambios por\u00a0cualquier prenda, modelo, talla o color. En caso de realizar un cambio, los gastos incurridos en el transporten corren a cargo del cliente.<\/p>\n<h4 style=\"margin: 30px 0 20px 0;\"><\/h4>\n<h4><\/h4>\n<h4>DEVOLUCI\u00d3N<\/h4>\n<p>Existen dos tipos de devoluciones:<\/p>\n<p style=\"padding-left: 30px;\">1.- Las que se originan por causa de tara o defecto en el art\u00edculo.<\/p>\n<p>En este caso los gastos incurridos en el transporten corren a cargo de wetsweets.com.<\/p>\n<p style=\"padding-left: 30px;\">2.- Las que se originan por una decisi\u00f3n personal del cliente. Una vez comprobado que el art\u00edculo est\u00e9 en perfecto estado el cliente recibir\u00e1 un vale de compra de igual valor al del art\u00edculo devuelto.<\/p>\n<p>En este caso los gastos incurridos en el transporten corren a cargo del cliente.<\/p>\n<p>&nbsp;<\/p>\n<h4>IMPORTANTE<\/h4>\n<p>No se aceptan cambios ni devoluciones fuera de la Uni\u00f3n Europea.<br \/>\nNo se aceptan cambios ni devoluciones de productos con el precio rebajado.<\/p>\n<p>Si desea realizar un cambio o una devoluci\u00f3n puede hacerlo contactando con <a href=\"mailto:help@wetsweets.com\">help@wetsweets.com<\/a> desde donde se les remitir\u00e1n las instrucciones oportunas.<\/p>\n","protected":false},"excerpt":{"rendered":"<p>Si desea cambiar o devolver un art\u00edculo comprado en wetsweets.com puede hacerlo en un plazo m\u00e1ximo de 30 d\u00edas desde la fecha de entrega. Todos los art\u00edculos devueltos deben estar en perfecto estado, sin usar, sin lavar y con la etiqueta. Los art\u00edculos que no re\u00fanan estas caracter\u00edsticas ser\u00e1n denegados. Existen distintos procedimientos para la [&hellip;]<\/p>\n","protected":false},"author":1,"featured_media":0,"parent":0,"menu_order":0,"comment_status":"closed","ping_status":"closed","template":"page-help.php","meta":{"_acf_changed":false,"footnotes":""},"class_list":["post-17982","page","type-page","status-publish","hentry"],"acf":[],"yoast_head":"<!-- This site is optimized with the Yoast SEO plugin v25.6 - https:\/\/yoast.com\/wordpress\/plugins\/seo\/ -->\n<title>Devoluciones - Wetsweets.com<\/title>\n<meta name=\"description\" content=\"Discover our latest collection on the online shop. Bikinis, jumpsuits, leggings, longsleeves, shorts, sleeveless\" \/>\n<meta name=\"robots\" content=\"noindex, follow, max-snippet:-1, max-image-preview:large, max-video-preview:-1\" \/>\n<meta property=\"og:locale\" content=\"es_ES\" \/>\n<meta property=\"og:type\" content=\"article\" \/>\n<meta property=\"og:title\" content=\"Devoluciones - Wetsweets.com\" \/>\n<meta property=\"og:description\" content=\"Discover our latest collection on the online shop. Bikinis, jumpsuits, leggings, longsleeves, shorts, sleeveless\" \/>\n<meta property=\"og:url\" content=\"https:\/\/legacy.100x100.net\/projects\/wetsweets\/returns\/\" \/>\n<meta property=\"og:site_name\" content=\"Wetsweets\" \/>\n<meta property=\"article:publisher\" content=\"http:\/\/www.facebook.com\/wetsweets\" \/>\n<meta property=\"article:modified_time\" content=\"2017-05-11T21:08:29+00:00\" \/>\n<meta property=\"og:image\" content=\"http:\/\/www.wetsweets.com\/wp-content\/uploads\/2017\/04\/shop-facebook.jpg\" \/>\n<meta name=\"twitter:card\" content=\"summary_large_image\" \/>\n<meta name=\"twitter:label1\" content=\"Tiempo de lectura\" \/>\n\t<meta name=\"twitter:data1\" content=\"1 minuto\" \/>\n<script type=\"application\/ld+json\" class=\"yoast-schema-graph\">{\"@context\":\"https:\/\/schema.org\",\"@graph\":[{\"@type\":\"WebPage\",\"@id\":\"https:\/\/legacy.100x100.net\/projects\/wetsweets\/returns\/\",\"url\":\"https:\/\/legacy.100x100.net\/projects\/wetsweets\/returns\/\",\"name\":\"Devoluciones - Wetsweets.com\",\"isPartOf\":{\"@id\":\"https:\/\/legacy.100x100.net\/projects\/wetsweets\/#website\"},\"datePublished\":\"2017-03-27T20:28:28+00:00\",\"dateModified\":\"2017-05-11T21:08:29+00:00\",\"description\":\"Discover our latest collection on the online shop. Bikinis, jumpsuits, leggings, longsleeves, shorts, sleeveless\",\"breadcrumb\":{\"@id\":\"https:\/\/legacy.100x100.net\/projects\/wetsweets\/returns\/#breadcrumb\"},\"inLanguage\":\"es\",\"potentialAction\":[{\"@type\":\"ReadAction\",\"target\":[\"https:\/\/legacy.100x100.net\/projects\/wetsweets\/returns\/\"]}]},{\"@type\":\"BreadcrumbList\",\"@id\":\"https:\/\/legacy.100x100.net\/projects\/wetsweets\/returns\/#breadcrumb\",\"itemListElement\":[{\"@type\":\"ListItem\",\"position\":1,\"name\":\"Portada\",\"item\":\"https:\/\/legacy.100x100.net\/projects\/wetsweets\/\"},{\"@type\":\"ListItem\",\"position\":2,\"name\":\"Devoluciones\"}]},{\"@type\":\"WebSite\",\"@id\":\"https:\/\/legacy.100x100.net\/projects\/wetsweets\/#website\",\"url\":\"https:\/\/legacy.100x100.net\/projects\/wetsweets\/\",\"name\":\"Wetsweets\",\"description\":\"Wetsweets is a brand aimed at empowering ambitious women of all ages, that enjoy practicing sports and feeling beautiful at the same time!!\",\"potentialAction\":[{\"@type\":\"SearchAction\",\"target\":{\"@type\":\"EntryPoint\",\"urlTemplate\":\"https:\/\/legacy.100x100.net\/projects\/wetsweets\/?s={search_term_string}\"},\"query-input\":{\"@type\":\"PropertyValueSpecification\",\"valueRequired\":true,\"valueName\":\"search_term_string\"}}],\"inLanguage\":\"es\"}]}<\/script>\n<!-- \/ Yoast SEO plugin. -->","yoast_head_json":{"title":"Devoluciones - Wetsweets.com","description":"Discover our latest collection on the online shop. Bikinis, jumpsuits, leggings, longsleeves, shorts, sleeveless","robots":{"index":"noindex","follow":"follow","max-snippet":"max-snippet:-1","max-image-preview":"max-image-preview:large","max-video-preview":"max-video-preview:-1"},"og_locale":"es_ES","og_type":"article","og_title":"Devoluciones - Wetsweets.com","og_description":"Discover our latest collection on the online shop. Bikinis, jumpsuits, leggings, longsleeves, shorts, sleeveless","og_url":"https:\/\/legacy.100x100.net\/projects\/wetsweets\/returns\/","og_site_name":"Wetsweets","article_publisher":"http:\/\/www.facebook.com\/wetsweets","article_modified_time":"2017-05-11T21:08:29+00:00","og_image":[{"url":"http:\/\/www.wetsweets.com\/wp-content\/uploads\/2017\/04\/shop-facebook.jpg","type":"","width":"","height":""}],"twitter_card":"summary_large_image","twitter_misc":{"Tiempo de lectura":"1 minuto"},"schema":{"@context":"https:\/\/schema.org","@graph":[{"@type":"WebPage","@id":"https:\/\/legacy.100x100.net\/projects\/wetsweets\/returns\/","url":"https:\/\/legacy.100x100.net\/projects\/wetsweets\/returns\/","name":"Devoluciones - Wetsweets.com","isPartOf":{"@id":"https:\/\/legacy.100x100.net\/projects\/wetsweets\/#website"},"datePublished":"2017-03-27T20:28:28+00:00","dateModified":"2017-05-11T21:08:29+00:00","description":"Discover our latest collection on the online shop. Bikinis, jumpsuits, leggings, longsleeves, shorts, sleeveless","breadcrumb":{"@id":"https:\/\/legacy.100x100.net\/projects\/wetsweets\/returns\/#breadcrumb"},"inLanguage":"es","potentialAction":[{"@type":"ReadAction","target":["https:\/\/legacy.100x100.net\/projects\/wetsweets\/returns\/"]}]},{"@type":"BreadcrumbList","@id":"https:\/\/legacy.100x100.net\/projects\/wetsweets\/returns\/#breadcrumb","itemListElement":[{"@type":"ListItem","position":1,"name":"Portada","item":"https:\/\/legacy.100x100.net\/projects\/wetsweets\/"},{"@type":"ListItem","position":2,"name":"Devoluciones"}]},{"@type":"WebSite","@id":"https:\/\/legacy.100x100.net\/projects\/wetsweets\/#website","url":"https:\/\/legacy.100x100.net\/projects\/wetsweets\/","name":"Wetsweets","description":"Wetsweets is a brand aimed at empowering ambitious women of all ages, that enjoy practicing sports and feeling beautiful at the same time!!","potentialAction":[{"@type":"SearchAction","target":{"@type":"EntryPoint","urlTemplate":"https:\/\/legacy.100x100.net\/projects\/wetsweets\/?s={search_term_string}"},"query-input":{"@type":"PropertyValueSpecification","valueRequired":true,"valueName":"search_term_string"}}],"inLanguage":"es"}]}},"_links":{"self":[{"href":"https:\/\/legacy.100x100.net\/projects\/wetsweets\/es\/wp-json\/wp\/v2\/pages\/17982","targetHints":{"allow":["GET"]}}],"collection":[{"href":"https:\/\/legacy.100x100.net\/projects\/wetsweets\/es\/wp-json\/wp\/v2\/pages"}],"about":[{"href":"https:\/\/legacy.100x100.net\/projects\/wetsweets\/es\/wp-json\/wp\/v2\/types\/page"}],"author":[{"embeddable":true,"href":"https:\/\/legacy.100x100.net\/projects\/wetsweets\/es\/wp-json\/wp\/v2\/users\/1"}],"replies":[{"embeddable":true,"href":"https:\/\/legacy.100x100.net\/projects\/wetsweets\/es\/wp-json\/wp\/v2\/comments?post=17982"}],"version-history":[{"count":6,"href":"https:\/\/legacy.100x100.net\/projects\/wetsweets\/es\/wp-json\/wp\/v2\/pages\/17982\/revisions"}],"predecessor-version":[{"id":20338,"href":"https:\/\/legacy.100x100.net\/projects\/wetsweets\/es\/wp-json\/wp\/v2\/pages\/17982\/revisions\/20338"}],"wp:attachment":[{"href":"https:\/\/legacy.100x100.net\/projects\/wetsweets\/es\/wp-json\/wp\/v2\/media?parent=17982"}],"curies":[{"name":"wp","href":"https:\/\/api.w.org\/{rel}","templated":true}]}}