{"id":17960,"date":"2017-03-27T16:12:06","date_gmt":"2017-03-27T16:12:06","guid":{"rendered":"http:\/\/www.wetsweets.com\/?page_id=17960\/"},"modified":"2017-05-11T21:07:29","modified_gmt":"2017-05-11T21:07:29","slug":"cuidados","status":"publish","type":"page","link":"https:\/\/legacy.100x100.net\/projects\/wetsweets\/es\/cuidados\/","title":{"rendered":"Cuidados"},"content":{"rendered":"<p>Para obtener lo mejor de nuestros productos sigue siempre las instrucciones de la etiqueta. A continuaci\u00f3n encontrar\u00e1s consejos para mantener tu wetsweets como el primer d\u00eda.<\/p>\n<p>&nbsp;<\/p>\n<p><img loading=\"lazy\" decoding=\"async\" class=\"alignnone size-full wp-image-17967\" src=\"http:\/\/www.wetsweets.com\/wp-content\/uploads\/2017\/03\/garmentC.jpg\" alt=\"\" width=\"304\" height=\"62\" srcset=\"https:\/\/legacy.100x100.net\/projects\/wetsweets\/wp-content\/uploads\/2017\/03\/garmentC.jpg 304w, https:\/\/legacy.100x100.net\/projects\/wetsweets\/wp-content\/uploads\/2017\/03\/garmentC-300x61.jpg 300w\" sizes=\"auto, (max-width: 304px) 100vw, 304px\" \/><\/p>\n<ul>\n<li>No utilizar lej\u00eda ni ning\u00fan otro clorato, ni blanquear.<\/li>\n<li>El producto no puede ser alisado o terminado con una plancha.<\/li>\n<li>Se puede lavar a m\u00e1quina sin superar la temperatura indicada<\/li>\n<li>No utilizar la secadora.<\/li>\n<\/ul>\n","protected":false},"excerpt":{"rendered":"<p>Para obtener lo mejor de nuestros productos sigue siempre las instrucciones de la etiqueta. A continuaci\u00f3n encontrar\u00e1s consejos para mantener tu wetsweets como el primer d\u00eda. &nbsp; No utilizar lej\u00eda ni ning\u00fan otro clorato, ni blanquear. El producto no puede ser alisado o terminado con una plancha. Se puede lavar a m\u00e1quina sin superar la [&hellip;]<\/p>\n","protected":false},"author":1,"featured_media":0,"parent":0,"menu_order":0,"comment_status":"closed","ping_status":"closed","template":"page-help.php","meta":{"_acf_changed":false,"footnotes":""},"class_list":["post-17960","page","type-page","status-publish","hentry"],"acf":[],"yoast_head":"<!-- This site is optimized with the Yoast SEO plugin v25.6 - https:\/\/yoast.com\/wordpress\/plugins\/seo\/ -->\n<title>Cuidados - Wetsweets.com<\/title>\n<meta name=\"description\" content=\"Discover our latest collection on the online shop. Bikinis, jumpsuits, leggings, longsleeves, shorts, sleeveless\" \/>\n<meta name=\"robots\" content=\"noindex, follow, max-snippet:-1, max-image-preview:large, max-video-preview:-1\" \/>\n<meta property=\"og:locale\" content=\"es_ES\" \/>\n<meta property=\"og:type\" content=\"article\" \/>\n<meta property=\"og:title\" content=\"Cuidados - Wetsweets.com\" \/>\n<meta property=\"og:description\" content=\"Discover our latest collection on the online shop. Bikinis, jumpsuits, leggings, longsleeves, shorts, sleeveless\" \/>\n<meta property=\"og:url\" content=\"https:\/\/legacy.100x100.net\/projects\/wetsweets\/garment-care\/\" \/>\n<meta property=\"og:site_name\" content=\"Wetsweets\" \/>\n<meta property=\"article:publisher\" content=\"http:\/\/www.facebook.com\/wetsweets\" \/>\n<meta property=\"article:modified_time\" content=\"2017-05-11T21:07:29+00:00\" \/>\n<meta property=\"og:image\" content=\"https:\/\/legacy.100x100.net\/projects\/wetsweets\/wp-content\/uploads\/2017\/03\/garmentC.jpg\" \/>\n\t<meta property=\"og:image:width\" content=\"304\" \/>\n\t<meta property=\"og:image:height\" content=\"62\" \/>\n\t<meta property=\"og:image:type\" content=\"image\/jpeg\" \/>\n<meta name=\"twitter:card\" content=\"summary_large_image\" \/>\n<script type=\"application\/ld+json\" class=\"yoast-schema-graph\">{\"@context\":\"https:\/\/schema.org\",\"@graph\":[{\"@type\":\"WebPage\",\"@id\":\"https:\/\/legacy.100x100.net\/projects\/wetsweets\/garment-care\/\",\"url\":\"https:\/\/legacy.100x100.net\/projects\/wetsweets\/garment-care\/\",\"name\":\"Cuidados - Wetsweets.com\",\"isPartOf\":{\"@id\":\"https:\/\/legacy.100x100.net\/projects\/wetsweets\/#website\"},\"primaryImageOfPage\":{\"@id\":\"https:\/\/legacy.100x100.net\/projects\/wetsweets\/garment-care\/#primaryimage\"},\"image\":{\"@id\":\"https:\/\/legacy.100x100.net\/projects\/wetsweets\/garment-care\/#primaryimage\"},\"thumbnailUrl\":\"http:\/\/www.wetsweets.com\/wp-content\/uploads\/2017\/03\/garmentC.jpg\",\"datePublished\":\"2017-03-27T16:12:06+00:00\",\"dateModified\":\"2017-05-11T21:07:29+00:00\",\"description\":\"Discover our latest collection on the online shop. Bikinis, jumpsuits, leggings, longsleeves, shorts, sleeveless\",\"breadcrumb\":{\"@id\":\"https:\/\/legacy.100x100.net\/projects\/wetsweets\/garment-care\/#breadcrumb\"},\"inLanguage\":\"es\",\"potentialAction\":[{\"@type\":\"ReadAction\",\"target\":[\"https:\/\/legacy.100x100.net\/projects\/wetsweets\/garment-care\/\"]}]},{\"@type\":\"ImageObject\",\"inLanguage\":\"es\",\"@id\":\"https:\/\/legacy.100x100.net\/projects\/wetsweets\/garment-care\/#primaryimage\",\"url\":\"http:\/\/www.wetsweets.com\/wp-content\/uploads\/2017\/03\/garmentC.jpg\",\"contentUrl\":\"http:\/\/www.wetsweets.com\/wp-content\/uploads\/2017\/03\/garmentC.jpg\"},{\"@type\":\"BreadcrumbList\",\"@id\":\"https:\/\/legacy.100x100.net\/projects\/wetsweets\/garment-care\/#breadcrumb\",\"itemListElement\":[{\"@type\":\"ListItem\",\"position\":1,\"name\":\"Portada\",\"item\":\"https:\/\/legacy.100x100.net\/projects\/wetsweets\/\"},{\"@type\":\"ListItem\",\"position\":2,\"name\":\"Cuidados\"}]},{\"@type\":\"WebSite\",\"@id\":\"https:\/\/legacy.100x100.net\/projects\/wetsweets\/#website\",\"url\":\"https:\/\/legacy.100x100.net\/projects\/wetsweets\/\",\"name\":\"Wetsweets\",\"description\":\"Wetsweets is a brand aimed at empowering ambitious women of all ages, that enjoy practicing sports and feeling beautiful at the same time!!\",\"potentialAction\":[{\"@type\":\"SearchAction\",\"target\":{\"@type\":\"EntryPoint\",\"urlTemplate\":\"https:\/\/legacy.100x100.net\/projects\/wetsweets\/?s={search_term_string}\"},\"query-input\":{\"@type\":\"PropertyValueSpecification\",\"valueRequired\":true,\"valueName\":\"search_term_string\"}}],\"inLanguage\":\"es\"}]}<\/script>\n<!-- \/ Yoast SEO plugin. -->","yoast_head_json":{"title":"Cuidados - Wetsweets.com","description":"Discover our latest collection on the online shop. Bikinis, jumpsuits, leggings, longsleeves, shorts, sleeveless","robots":{"index":"noindex","follow":"follow","max-snippet":"max-snippet:-1","max-image-preview":"max-image-preview:large","max-video-preview":"max-video-preview:-1"},"og_locale":"es_ES","og_type":"article","og_title":"Cuidados - Wetsweets.com","og_description":"Discover our latest collection on the online shop. Bikinis, jumpsuits, leggings, longsleeves, shorts, sleeveless","og_url":"https:\/\/legacy.100x100.net\/projects\/wetsweets\/garment-care\/","og_site_name":"Wetsweets","article_publisher":"http:\/\/www.facebook.com\/wetsweets","article_modified_time":"2017-05-11T21:07:29+00:00","og_image":[{"width":304,"height":62,"url":"https:\/\/legacy.100x100.net\/projects\/wetsweets\/wp-content\/uploads\/2017\/03\/garmentC.jpg","type":"image\/jpeg"}],"twitter_card":"summary_large_image","schema":{"@context":"https:\/\/schema.org","@graph":[{"@type":"WebPage","@id":"https:\/\/legacy.100x100.net\/projects\/wetsweets\/garment-care\/","url":"https:\/\/legacy.100x100.net\/projects\/wetsweets\/garment-care\/","name":"Cuidados - Wetsweets.com","isPartOf":{"@id":"https:\/\/legacy.100x100.net\/projects\/wetsweets\/#website"},"primaryImageOfPage":{"@id":"https:\/\/legacy.100x100.net\/projects\/wetsweets\/garment-care\/#primaryimage"},"image":{"@id":"https:\/\/legacy.100x100.net\/projects\/wetsweets\/garment-care\/#primaryimage"},"thumbnailUrl":"http:\/\/www.wetsweets.com\/wp-content\/uploads\/2017\/03\/garmentC.jpg","datePublished":"2017-03-27T16:12:06+00:00","dateModified":"2017-05-11T21:07:29+00:00","description":"Discover our latest collection on the online shop. Bikinis, jumpsuits, leggings, longsleeves, shorts, sleeveless","breadcrumb":{"@id":"https:\/\/legacy.100x100.net\/projects\/wetsweets\/garment-care\/#breadcrumb"},"inLanguage":"es","potentialAction":[{"@type":"ReadAction","target":["https:\/\/legacy.100x100.net\/projects\/wetsweets\/garment-care\/"]}]},{"@type":"ImageObject","inLanguage":"es","@id":"https:\/\/legacy.100x100.net\/projects\/wetsweets\/garment-care\/#primaryimage","url":"http:\/\/www.wetsweets.com\/wp-content\/uploads\/2017\/03\/garmentC.jpg","contentUrl":"http:\/\/www.wetsweets.com\/wp-content\/uploads\/2017\/03\/garmentC.jpg"},{"@type":"BreadcrumbList","@id":"https:\/\/legacy.100x100.net\/projects\/wetsweets\/garment-care\/#breadcrumb","itemListElement":[{"@type":"ListItem","position":1,"name":"Portada","item":"https:\/\/legacy.100x100.net\/projects\/wetsweets\/"},{"@type":"ListItem","position":2,"name":"Cuidados"}]},{"@type":"WebSite","@id":"https:\/\/legacy.100x100.net\/projects\/wetsweets\/#website","url":"https:\/\/legacy.100x100.net\/projects\/wetsweets\/","name":"Wetsweets","description":"Wetsweets is a brand aimed at empowering ambitious women of all ages, that enjoy practicing sports and feeling beautiful at the same time!!","potentialAction":[{"@type":"SearchAction","target":{"@type":"EntryPoint","urlTemplate":"https:\/\/legacy.100x100.net\/projects\/wetsweets\/?s={search_term_string}"},"query-input":{"@type":"PropertyValueSpecification","valueRequired":true,"valueName":"search_term_string"}}],"inLanguage":"es"}]}},"_links":{"self":[{"href":"https:\/\/legacy.100x100.net\/projects\/wetsweets\/es\/wp-json\/wp\/v2\/pages\/17960","targetHints":{"allow":["GET"]}}],"collection":[{"href":"https:\/\/legacy.100x100.net\/projects\/wetsweets\/es\/wp-json\/wp\/v2\/pages"}],"about":[{"href":"https:\/\/legacy.100x100.net\/projects\/wetsweets\/es\/wp-json\/wp\/v2\/types\/page"}],"author":[{"embeddable":true,"href":"https:\/\/legacy.100x100.net\/projects\/wetsweets\/es\/wp-json\/wp\/v2\/users\/1"}],"replies":[{"embeddable":true,"href":"https:\/\/legacy.100x100.net\/projects\/wetsweets\/es\/wp-json\/wp\/v2\/comments?post=17960"}],"version-history":[{"count":4,"href":"https:\/\/legacy.100x100.net\/projects\/wetsweets\/es\/wp-json\/wp\/v2\/pages\/17960\/revisions"}],"predecessor-version":[{"id":17977,"href":"https:\/\/legacy.100x100.net\/projects\/wetsweets\/es\/wp-json\/wp\/v2\/pages\/17960\/revisions\/17977"}],"wp:attachment":[{"href":"https:\/\/legacy.100x100.net\/projects\/wetsweets\/es\/wp-json\/wp\/v2\/media?parent=17960"}],"curies":[{"name":"wp","href":"https:\/\/api.w.org\/{rel}","templated":true}]}}