{"id":19558,"date":"2017-03-28T10:51:54","date_gmt":"2017-03-28T10:51:54","guid":{"rendered":"http:\/\/www.wetsweets.com\/the-fabric\/"},"modified":"2017-05-11T10:28:05","modified_gmt":"2017-05-11T10:28:05","slug":"the-fabric","status":"publish","type":"page","link":"https:\/\/legacy.100x100.net\/projects\/wetsweets\/ca\/the-fabric\/","title":{"rendered":"The fabric"},"content":{"rendered":"<p>El teixit <b>\u00a0WS-ecoactive Fabric\u00a0<\/b>\u00e9s fruit de 2 anys de feina conjunta amb industrials t\u00e8xtils locals sota l\u2019objectiu de desenvolupar un teixit que sigui sostenible i, a la vegada, t\u00e8cnic.<\/p>\n<p>El teixit \u00e9s una barreja de poli\u00e8ster reciclat, elast\u00e0 i nylon treballat d\u2019una manera que permet l\u2019exist\u00e8ncia de micro bombolles dins del teixit. Les bombolles creen una barrera t\u00e8rmica intel\u00b7ligent que permet que la pell respiri mentre la protegeix tant del fred com del sol exterior.<\/p>\n<p>El poli\u00e8ster (suposa el 80% del teixit) s\u2019obt\u00e9 de recursos reciclats com ampolles de pl\u00e0stic i xarxes de pescador. Estimem el mar i per aix\u00f2 procurem que els nostres productes tinguin un baix impacte sobre el medi ambient.<\/p>\n","protected":false},"excerpt":{"rendered":"<p>El teixit \u00a0WS-ecoactive Fabric\u00a0\u00e9s fruit de 2 anys de feina conjunta amb industrials t\u00e8xtils locals sota l\u2019objectiu de desenvolupar un teixit que sigui sostenible i, a la vegada, t\u00e8cnic. El teixit \u00e9s una barreja de poli\u00e8ster reciclat, elast\u00e0 i nylon treballat d\u2019una manera que permet l\u2019exist\u00e8ncia de micro bombolles dins del teixit. Les bombolles creen [&hellip;]<\/p>\n","protected":false},"author":1,"featured_media":0,"parent":0,"menu_order":0,"comment_status":"closed","ping_status":"closed","template":"page-thefabric.php","meta":{"_acf_changed":false,"footnotes":""},"class_list":["post-19558","page","type-page","status-publish","hentry"],"acf":[],"yoast_head":"<!-- This site is optimized with the Yoast SEO plugin v25.6 - https:\/\/yoast.com\/wordpress\/plugins\/seo\/ -->\n<title>Wetsweets.com: The fabric - Sup, studio, kite, boxing, fitness, surf, running, sailing and lifestyle<\/title>\n<meta name=\"description\" content=\"Wetsweets desenvolup\u00e0 el teixit WS-ecoactive Fabric amb l\u2019objectiu de crear un teixit que sigui sostenible i, a la vegada, t\u00e8cnic.\" \/>\n<meta name=\"robots\" content=\"noindex, follow, max-snippet:-1, max-image-preview:large, max-video-preview:-1\" \/>\n<meta property=\"og:locale\" content=\"ca_ES\" \/>\n<meta property=\"og:type\" content=\"article\" \/>\n<meta property=\"og:title\" content=\"The Fabric - Weetsweets\" \/>\n<meta property=\"og:description\" content=\"El teixit WS-ecoactive Fabric \u00e9s fruit de 2 anys de feina, amb l\u2019objectiu de desenvolupar un teixit que sigui sostenible i, a la vegada, t\u00e8cnic.\" \/>\n<meta property=\"og:url\" content=\"https:\/\/legacy.100x100.net\/projects\/wetsweets\/the-fabric\/\" \/>\n<meta property=\"og:site_name\" content=\"Wetsweets\" \/>\n<meta property=\"article:publisher\" content=\"http:\/\/www.facebook.com\/wetsweets\" \/>\n<meta property=\"article:modified_time\" content=\"2017-05-11T10:28:05+00:00\" \/>\n<meta property=\"og:image\" content=\"http:\/\/www.wetsweets.com\/wp-content\/uploads\/2017\/04\/the-fabric-facebook.jpg\" \/>\n<meta name=\"twitter:card\" content=\"summary_large_image\" \/>\n<meta name=\"twitter:title\" content=\"The Fabric - Weetsweets\" \/>\n<meta name=\"twitter:description\" content=\"El teixit WS-ecoactive Fabric \u00e9s fruit de 2 anys de feina, amb l\u2019objectiu de desenvolupar un teixit que sigui sostenible i, a la vegada, t\u00e8cnic.\" \/>\n<meta name=\"twitter:image\" content=\"http:\/\/www.wetsweets.com\/wp-content\/uploads\/2017\/04\/the-fabric-twitter.jpg\" \/>\n<meta name=\"twitter:label1\" content=\"Est. reading time\" \/>\n\t<meta name=\"twitter:data1\" content=\"1 minute\" \/>\n<script type=\"application\/ld+json\" class=\"yoast-schema-graph\">{\"@context\":\"https:\/\/schema.org\",\"@graph\":[{\"@type\":\"WebPage\",\"@id\":\"https:\/\/legacy.100x100.net\/projects\/wetsweets\/the-fabric\/\",\"url\":\"https:\/\/legacy.100x100.net\/projects\/wetsweets\/the-fabric\/\",\"name\":\"Wetsweets.com: The fabric - Sup, studio, kite, boxing, fitness, surf, running, sailing and lifestyle\",\"isPartOf\":{\"@id\":\"https:\/\/legacy.100x100.net\/projects\/wetsweets\/#website\"},\"datePublished\":\"2017-03-28T10:51:54+00:00\",\"dateModified\":\"2017-05-11T10:28:05+00:00\",\"description\":\"Wetsweets desenvolup\u00e0 el teixit WS-ecoactive Fabric amb l\u2019objectiu de crear un teixit que sigui sostenible i, a la vegada, t\u00e8cnic.\",\"breadcrumb\":{\"@id\":\"https:\/\/legacy.100x100.net\/projects\/wetsweets\/the-fabric\/#breadcrumb\"},\"inLanguage\":\"ca-ES\",\"potentialAction\":[{\"@type\":\"ReadAction\",\"target\":[\"https:\/\/legacy.100x100.net\/projects\/wetsweets\/the-fabric\/\"]}]},{\"@type\":\"BreadcrumbList\",\"@id\":\"https:\/\/legacy.100x100.net\/projects\/wetsweets\/the-fabric\/#breadcrumb\",\"itemListElement\":[{\"@type\":\"ListItem\",\"position\":1,\"name\":\"Home\",\"item\":\"https:\/\/legacy.100x100.net\/projects\/wetsweets\/\"},{\"@type\":\"ListItem\",\"position\":2,\"name\":\"The fabric\"}]},{\"@type\":\"WebSite\",\"@id\":\"https:\/\/legacy.100x100.net\/projects\/wetsweets\/#website\",\"url\":\"https:\/\/legacy.100x100.net\/projects\/wetsweets\/\",\"name\":\"Wetsweets\",\"description\":\"Wetsweets is a brand aimed at empowering ambitious women of all ages, that enjoy practicing sports and feeling beautiful at the same time!!\",\"potentialAction\":[{\"@type\":\"SearchAction\",\"target\":{\"@type\":\"EntryPoint\",\"urlTemplate\":\"https:\/\/legacy.100x100.net\/projects\/wetsweets\/?s={search_term_string}\"},\"query-input\":{\"@type\":\"PropertyValueSpecification\",\"valueRequired\":true,\"valueName\":\"search_term_string\"}}],\"inLanguage\":\"ca-ES\"}]}<\/script>\n<!-- \/ Yoast SEO plugin. -->","yoast_head_json":{"title":"Wetsweets.com: The fabric - Sup, studio, kite, boxing, fitness, surf, running, sailing and lifestyle","description":"Wetsweets desenvolup\u00e0 el teixit WS-ecoactive Fabric amb l\u2019objectiu de crear un teixit que sigui sostenible i, a la vegada, t\u00e8cnic.","robots":{"index":"noindex","follow":"follow","max-snippet":"max-snippet:-1","max-image-preview":"max-image-preview:large","max-video-preview":"max-video-preview:-1"},"og_locale":"ca_ES","og_type":"article","og_title":"The Fabric - Weetsweets","og_description":"El teixit WS-ecoactive Fabric \u00e9s fruit de 2 anys de feina, amb l\u2019objectiu de desenvolupar un teixit que sigui sostenible i, a la vegada, t\u00e8cnic.","og_url":"https:\/\/legacy.100x100.net\/projects\/wetsweets\/the-fabric\/","og_site_name":"Wetsweets","article_publisher":"http:\/\/www.facebook.com\/wetsweets","article_modified_time":"2017-05-11T10:28:05+00:00","og_image":[{"url":"http:\/\/www.wetsweets.com\/wp-content\/uploads\/2017\/04\/the-fabric-facebook.jpg","type":"","width":"","height":""}],"twitter_card":"summary_large_image","twitter_title":"The Fabric - Weetsweets","twitter_description":"El teixit WS-ecoactive Fabric \u00e9s fruit de 2 anys de feina, amb l\u2019objectiu de desenvolupar un teixit que sigui sostenible i, a la vegada, t\u00e8cnic.","twitter_image":"http:\/\/www.wetsweets.com\/wp-content\/uploads\/2017\/04\/the-fabric-twitter.jpg","twitter_misc":{"Est. reading time":"1 minute"},"schema":{"@context":"https:\/\/schema.org","@graph":[{"@type":"WebPage","@id":"https:\/\/legacy.100x100.net\/projects\/wetsweets\/the-fabric\/","url":"https:\/\/legacy.100x100.net\/projects\/wetsweets\/the-fabric\/","name":"Wetsweets.com: The fabric - Sup, studio, kite, boxing, fitness, surf, running, sailing and lifestyle","isPartOf":{"@id":"https:\/\/legacy.100x100.net\/projects\/wetsweets\/#website"},"datePublished":"2017-03-28T10:51:54+00:00","dateModified":"2017-05-11T10:28:05+00:00","description":"Wetsweets desenvolup\u00e0 el teixit WS-ecoactive Fabric amb l\u2019objectiu de crear un teixit que sigui sostenible i, a la vegada, t\u00e8cnic.","breadcrumb":{"@id":"https:\/\/legacy.100x100.net\/projects\/wetsweets\/the-fabric\/#breadcrumb"},"inLanguage":"ca-ES","potentialAction":[{"@type":"ReadAction","target":["https:\/\/legacy.100x100.net\/projects\/wetsweets\/the-fabric\/"]}]},{"@type":"BreadcrumbList","@id":"https:\/\/legacy.100x100.net\/projects\/wetsweets\/the-fabric\/#breadcrumb","itemListElement":[{"@type":"ListItem","position":1,"name":"Home","item":"https:\/\/legacy.100x100.net\/projects\/wetsweets\/"},{"@type":"ListItem","position":2,"name":"The fabric"}]},{"@type":"WebSite","@id":"https:\/\/legacy.100x100.net\/projects\/wetsweets\/#website","url":"https:\/\/legacy.100x100.net\/projects\/wetsweets\/","name":"Wetsweets","description":"Wetsweets is a brand aimed at empowering ambitious women of all ages, that enjoy practicing sports and feeling beautiful at the same time!!","potentialAction":[{"@type":"SearchAction","target":{"@type":"EntryPoint","urlTemplate":"https:\/\/legacy.100x100.net\/projects\/wetsweets\/?s={search_term_string}"},"query-input":{"@type":"PropertyValueSpecification","valueRequired":true,"valueName":"search_term_string"}}],"inLanguage":"ca-ES"}]}},"_links":{"self":[{"href":"https:\/\/legacy.100x100.net\/projects\/wetsweets\/ca\/wp-json\/wp\/v2\/pages\/19558","targetHints":{"allow":["GET"]}}],"collection":[{"href":"https:\/\/legacy.100x100.net\/projects\/wetsweets\/ca\/wp-json\/wp\/v2\/pages"}],"about":[{"href":"https:\/\/legacy.100x100.net\/projects\/wetsweets\/ca\/wp-json\/wp\/v2\/types\/page"}],"author":[{"embeddable":true,"href":"https:\/\/legacy.100x100.net\/projects\/wetsweets\/ca\/wp-json\/wp\/v2\/users\/1"}],"replies":[{"embeddable":true,"href":"https:\/\/legacy.100x100.net\/projects\/wetsweets\/ca\/wp-json\/wp\/v2\/comments?post=19558"}],"version-history":[{"count":2,"href":"https:\/\/legacy.100x100.net\/projects\/wetsweets\/ca\/wp-json\/wp\/v2\/pages\/19558\/revisions"}],"predecessor-version":[{"id":19568,"href":"https:\/\/legacy.100x100.net\/projects\/wetsweets\/ca\/wp-json\/wp\/v2\/pages\/19558\/revisions\/19568"}],"wp:attachment":[{"href":"https:\/\/legacy.100x100.net\/projects\/wetsweets\/ca\/wp-json\/wp\/v2\/media?parent=19558"}],"curies":[{"name":"wp","href":"https:\/\/api.w.org\/{rel}","templated":true}]}}