{"id":18607,"date":"2017-03-29T08:40:44","date_gmt":"2017-03-29T08:40:44","guid":{"rendered":"http:\/\/www.wetsweets.com\/?page_id=18607\/"},"modified":"2017-05-11T10:26:48","modified_gmt":"2017-05-11T10:26:48","slug":"the-brand","status":"publish","type":"page","link":"https:\/\/legacy.100x100.net\/projects\/wetsweets\/ca\/the-brand\/","title":{"rendered":"The brand"},"content":{"rendered":"<div class=\"brand-bloque\">\n<p><b>Wetsweets<\/b> \u00e9s la mostra de que amb passi\u00f3, amor i tenacitat, les dones podem aconseguir tot el que ens proposem. L\u2019amor pels esports aqu\u00e0tics i la manca de roba dissenyada per dones i destinada al sector femen\u00ed \u00e9s el que va portar a la fundadora de <b>Wetsweets<\/b> a emprendre aquest viatge.<\/p>\n<p>Va abandonar la seva exitosa carrera com a psic\u00f2loga, despr\u00e9s de 21 anys de dedicaci\u00f3, per comen\u00e7ar un projecte dirigit a millorar el confort de les dones que estimen el kite surf, el SUP, el surf\u2026 b\u00e0sicament qualsevol esport relacionat amb l\u2019aigua!<\/p>\n<p>Partint de la seva experi\u00e8ncia com a apassionada dels esports d\u2019aigua i juntament amb el saber fer de diversos industrials t\u00e8xtils de la zona van desenvolupar entre tots el teixit <b>WS-ECOACTIVE<\/b>.<\/p>\n<\/div>\n<div class=\"brand-bloque\">\n<p>Un material sostenible amb grans qualitats. De fet, t\u00e9 tants atributs que no nom\u00e9s \u00e9s perfecte per tots els esports d\u2019aigua sin\u00f3 que s\u2019adapta a totes les activitats!<br \/>\nUn cop obtingut el teixit, comen\u00e7\u00e0 a dissenyar les seves col\u00b7leccions combinant patrons que permeten els moviments amb estampats que fugen del m\u00f3n negre del surf suit.<br \/>\nI aix\u00ed \u00e9s com va n\u00e9ixer <b>Wetsweets<\/b>!<\/p>\n<p>Des de llavors, atletes professionals, des de kiters fins a yogis de tot el m\u00f3n, escullen Wetsweets per gaudir de les seves passions i els seus grans reptes.<\/p>\n<p>Aix\u00ed que, benvinguda a <b>Wetsweets<\/b>! Una marca dirigida a refor\u00e7ar les dones ambicioses de totes les edats que volen practicar esports i, a la vegada, sentir-se precioses!<\/p>\n<\/div>\n","protected":false},"excerpt":{"rendered":"<p>Wetsweets \u00e9s la mostra de que amb passi\u00f3, amor i tenacitat, les dones podem aconseguir tot el que ens proposem. L\u2019amor pels esports aqu\u00e0tics i la manca de roba dissenyada per dones i destinada al sector femen\u00ed \u00e9s el que va portar a la fundadora de Wetsweets a emprendre aquest viatge. Va abandonar la seva [&hellip;]<\/p>\n","protected":false},"author":1,"featured_media":19176,"parent":0,"menu_order":0,"comment_status":"closed","ping_status":"closed","template":"page-thebrand.php","meta":{"_acf_changed":false,"footnotes":""},"class_list":["post-18607","page","type-page","status-publish","has-post-thumbnail","hentry"],"acf":[],"yoast_head":"<!-- This site is optimized with the Yoast SEO plugin v25.6 - https:\/\/yoast.com\/wordpress\/plugins\/seo\/ -->\n<title>Wetsweets.com: The brand - Darrere d&#039;una marca hi ha una hist\u00f2ria, una passi\u00f3<\/title>\n<meta name=\"description\" content=\"Darrere d&#039;una marca hi ha una hist\u00f2ria. Wetsweets \u00e9s la mostra de que amb passi\u00f3, amor i tenacitat, les dones podem aconseguir tot el que ens proposem.\" \/>\n<meta name=\"robots\" content=\"noindex, follow, max-snippet:-1, max-image-preview:large, max-video-preview:-1\" \/>\n<meta property=\"og:locale\" content=\"ca_ES\" \/>\n<meta property=\"og:type\" content=\"article\" \/>\n<meta property=\"og:title\" content=\"The brand - Wetsweets\" \/>\n<meta property=\"og:description\" content=\"Darrere d&#039;una marca hi ha una hist\u00f2ria. Wetsweets \u00e9s la mostra de que amb passi\u00f3, amor i tenacitat, les dones podem aconseguir tot el que ens proposem.\" \/>\n<meta property=\"og:url\" content=\"https:\/\/legacy.100x100.net\/projects\/wetsweets\/the-brand\/\" \/>\n<meta property=\"og:site_name\" content=\"Wetsweets\" \/>\n<meta property=\"article:publisher\" content=\"http:\/\/www.facebook.com\/wetsweets\" \/>\n<meta property=\"article:modified_time\" content=\"2017-05-11T10:26:48+00:00\" \/>\n<meta property=\"og:image\" content=\"http:\/\/www.wetsweets.com\/wp-content\/uploads\/2017\/04\/the-brand-facebook.jpg\" \/>\n<meta name=\"twitter:card\" content=\"summary_large_image\" \/>\n<meta name=\"twitter:title\" content=\"The brand - Wetsweets\" \/>\n<meta name=\"twitter:description\" content=\"Darrere d&#039;una marca hi ha una hist\u00f2ria. Wetsweets \u00e9s la mostra de que amb passi\u00f3, amor i tenacitat, les dones podem aconseguir tot el que ens proposem.\" \/>\n<meta name=\"twitter:image\" content=\"http:\/\/www.wetsweets.com\/wp-content\/uploads\/2017\/04\/the-brand-twitter.jpg\" \/>\n<meta name=\"twitter:label1\" content=\"Est. reading time\" \/>\n\t<meta name=\"twitter:data1\" content=\"1 minute\" \/>\n<script type=\"application\/ld+json\" class=\"yoast-schema-graph\">{\"@context\":\"https:\/\/schema.org\",\"@graph\":[{\"@type\":\"WebPage\",\"@id\":\"https:\/\/legacy.100x100.net\/projects\/wetsweets\/the-brand\/\",\"url\":\"https:\/\/legacy.100x100.net\/projects\/wetsweets\/the-brand\/\",\"name\":\"Wetsweets.com: The brand - Darrere d'una marca hi ha una hist\u00f2ria, una passi\u00f3\",\"isPartOf\":{\"@id\":\"https:\/\/legacy.100x100.net\/projects\/wetsweets\/#website\"},\"primaryImageOfPage\":{\"@id\":\"https:\/\/legacy.100x100.net\/projects\/wetsweets\/the-brand\/#primaryimage\"},\"image\":{\"@id\":\"https:\/\/legacy.100x100.net\/projects\/wetsweets\/the-brand\/#primaryimage\"},\"thumbnailUrl\":\"https:\/\/legacy.100x100.net\/projects\/wetsweets\/wp-content\/uploads\/2017\/03\/thebrand.jpg\",\"datePublished\":\"2017-03-29T08:40:44+00:00\",\"dateModified\":\"2017-05-11T10:26:48+00:00\",\"description\":\"Darrere d'una marca hi ha una hist\u00f2ria. Wetsweets \u00e9s la mostra de que amb passi\u00f3, amor i tenacitat, les dones podem aconseguir tot el que ens proposem.\",\"breadcrumb\":{\"@id\":\"https:\/\/legacy.100x100.net\/projects\/wetsweets\/the-brand\/#breadcrumb\"},\"inLanguage\":\"ca-ES\",\"potentialAction\":[{\"@type\":\"ReadAction\",\"target\":[\"https:\/\/legacy.100x100.net\/projects\/wetsweets\/the-brand\/\"]}]},{\"@type\":\"ImageObject\",\"inLanguage\":\"ca-ES\",\"@id\":\"https:\/\/legacy.100x100.net\/projects\/wetsweets\/the-brand\/#primaryimage\",\"url\":\"https:\/\/legacy.100x100.net\/projects\/wetsweets\/wp-content\/uploads\/2017\/03\/thebrand.jpg\",\"contentUrl\":\"https:\/\/legacy.100x100.net\/projects\/wetsweets\/wp-content\/uploads\/2017\/03\/thebrand.jpg\",\"width\":1200,\"height\":803},{\"@type\":\"BreadcrumbList\",\"@id\":\"https:\/\/legacy.100x100.net\/projects\/wetsweets\/the-brand\/#breadcrumb\",\"itemListElement\":[{\"@type\":\"ListItem\",\"position\":1,\"name\":\"Home\",\"item\":\"https:\/\/legacy.100x100.net\/projects\/wetsweets\/\"},{\"@type\":\"ListItem\",\"position\":2,\"name\":\"The brand\"}]},{\"@type\":\"WebSite\",\"@id\":\"https:\/\/legacy.100x100.net\/projects\/wetsweets\/#website\",\"url\":\"https:\/\/legacy.100x100.net\/projects\/wetsweets\/\",\"name\":\"Wetsweets\",\"description\":\"Wetsweets is a brand aimed at empowering ambitious women of all ages, that enjoy practicing sports and feeling beautiful at the same time!!\",\"potentialAction\":[{\"@type\":\"SearchAction\",\"target\":{\"@type\":\"EntryPoint\",\"urlTemplate\":\"https:\/\/legacy.100x100.net\/projects\/wetsweets\/?s={search_term_string}\"},\"query-input\":{\"@type\":\"PropertyValueSpecification\",\"valueRequired\":true,\"valueName\":\"search_term_string\"}}],\"inLanguage\":\"ca-ES\"}]}<\/script>\n<!-- \/ Yoast SEO plugin. -->","yoast_head_json":{"title":"Wetsweets.com: The brand - Darrere d'una marca hi ha una hist\u00f2ria, una passi\u00f3","description":"Darrere d'una marca hi ha una hist\u00f2ria. Wetsweets \u00e9s la mostra de que amb passi\u00f3, amor i tenacitat, les dones podem aconseguir tot el que ens proposem.","robots":{"index":"noindex","follow":"follow","max-snippet":"max-snippet:-1","max-image-preview":"max-image-preview:large","max-video-preview":"max-video-preview:-1"},"og_locale":"ca_ES","og_type":"article","og_title":"The brand - Wetsweets","og_description":"Darrere d'una marca hi ha una hist\u00f2ria. Wetsweets \u00e9s la mostra de que amb passi\u00f3, amor i tenacitat, les dones podem aconseguir tot el que ens proposem.","og_url":"https:\/\/legacy.100x100.net\/projects\/wetsweets\/the-brand\/","og_site_name":"Wetsweets","article_publisher":"http:\/\/www.facebook.com\/wetsweets","article_modified_time":"2017-05-11T10:26:48+00:00","og_image":[{"url":"http:\/\/www.wetsweets.com\/wp-content\/uploads\/2017\/04\/the-brand-facebook.jpg","type":"","width":"","height":""}],"twitter_card":"summary_large_image","twitter_title":"The brand - Wetsweets","twitter_description":"Darrere d'una marca hi ha una hist\u00f2ria. Wetsweets \u00e9s la mostra de que amb passi\u00f3, amor i tenacitat, les dones podem aconseguir tot el que ens proposem.","twitter_image":"http:\/\/www.wetsweets.com\/wp-content\/uploads\/2017\/04\/the-brand-twitter.jpg","twitter_misc":{"Est. reading time":"1 minute"},"schema":{"@context":"https:\/\/schema.org","@graph":[{"@type":"WebPage","@id":"https:\/\/legacy.100x100.net\/projects\/wetsweets\/the-brand\/","url":"https:\/\/legacy.100x100.net\/projects\/wetsweets\/the-brand\/","name":"Wetsweets.com: The brand - Darrere d'una marca hi ha una hist\u00f2ria, una passi\u00f3","isPartOf":{"@id":"https:\/\/legacy.100x100.net\/projects\/wetsweets\/#website"},"primaryImageOfPage":{"@id":"https:\/\/legacy.100x100.net\/projects\/wetsweets\/the-brand\/#primaryimage"},"image":{"@id":"https:\/\/legacy.100x100.net\/projects\/wetsweets\/the-brand\/#primaryimage"},"thumbnailUrl":"https:\/\/legacy.100x100.net\/projects\/wetsweets\/wp-content\/uploads\/2017\/03\/thebrand.jpg","datePublished":"2017-03-29T08:40:44+00:00","dateModified":"2017-05-11T10:26:48+00:00","description":"Darrere d'una marca hi ha una hist\u00f2ria. Wetsweets \u00e9s la mostra de que amb passi\u00f3, amor i tenacitat, les dones podem aconseguir tot el que ens proposem.","breadcrumb":{"@id":"https:\/\/legacy.100x100.net\/projects\/wetsweets\/the-brand\/#breadcrumb"},"inLanguage":"ca-ES","potentialAction":[{"@type":"ReadAction","target":["https:\/\/legacy.100x100.net\/projects\/wetsweets\/the-brand\/"]}]},{"@type":"ImageObject","inLanguage":"ca-ES","@id":"https:\/\/legacy.100x100.net\/projects\/wetsweets\/the-brand\/#primaryimage","url":"https:\/\/legacy.100x100.net\/projects\/wetsweets\/wp-content\/uploads\/2017\/03\/thebrand.jpg","contentUrl":"https:\/\/legacy.100x100.net\/projects\/wetsweets\/wp-content\/uploads\/2017\/03\/thebrand.jpg","width":1200,"height":803},{"@type":"BreadcrumbList","@id":"https:\/\/legacy.100x100.net\/projects\/wetsweets\/the-brand\/#breadcrumb","itemListElement":[{"@type":"ListItem","position":1,"name":"Home","item":"https:\/\/legacy.100x100.net\/projects\/wetsweets\/"},{"@type":"ListItem","position":2,"name":"The brand"}]},{"@type":"WebSite","@id":"https:\/\/legacy.100x100.net\/projects\/wetsweets\/#website","url":"https:\/\/legacy.100x100.net\/projects\/wetsweets\/","name":"Wetsweets","description":"Wetsweets is a brand aimed at empowering ambitious women of all ages, that enjoy practicing sports and feeling beautiful at the same time!!","potentialAction":[{"@type":"SearchAction","target":{"@type":"EntryPoint","urlTemplate":"https:\/\/legacy.100x100.net\/projects\/wetsweets\/?s={search_term_string}"},"query-input":{"@type":"PropertyValueSpecification","valueRequired":true,"valueName":"search_term_string"}}],"inLanguage":"ca-ES"}]}},"_links":{"self":[{"href":"https:\/\/legacy.100x100.net\/projects\/wetsweets\/ca\/wp-json\/wp\/v2\/pages\/18607","targetHints":{"allow":["GET"]}}],"collection":[{"href":"https:\/\/legacy.100x100.net\/projects\/wetsweets\/ca\/wp-json\/wp\/v2\/pages"}],"about":[{"href":"https:\/\/legacy.100x100.net\/projects\/wetsweets\/ca\/wp-json\/wp\/v2\/types\/page"}],"author":[{"embeddable":true,"href":"https:\/\/legacy.100x100.net\/projects\/wetsweets\/ca\/wp-json\/wp\/v2\/users\/1"}],"replies":[{"embeddable":true,"href":"https:\/\/legacy.100x100.net\/projects\/wetsweets\/ca\/wp-json\/wp\/v2\/comments?post=18607"}],"version-history":[{"count":4,"href":"https:\/\/legacy.100x100.net\/projects\/wetsweets\/ca\/wp-json\/wp\/v2\/pages\/18607\/revisions"}],"predecessor-version":[{"id":20306,"href":"https:\/\/legacy.100x100.net\/projects\/wetsweets\/ca\/wp-json\/wp\/v2\/pages\/18607\/revisions\/20306"}],"wp:featuredmedia":[{"embeddable":true,"href":"https:\/\/legacy.100x100.net\/projects\/wetsweets\/ca\/wp-json\/wp\/v2\/media\/19176"}],"wp:attachment":[{"href":"https:\/\/legacy.100x100.net\/projects\/wetsweets\/ca\/wp-json\/wp\/v2\/media?parent=18607"}],"curies":[{"name":"wp","href":"https:\/\/api.w.org\/{rel}","templated":true}]}}