{"id":18399,"date":"2017-03-28T18:00:59","date_gmt":"2017-03-28T18:00:59","guid":{"rendered":"http:\/\/www.wetsweets.com\/?page_id=18399\/"},"modified":"2017-05-12T06:47:35","modified_gmt":"2017-05-12T06:47:35","slug":"home","status":"publish","type":"page","link":"https:\/\/legacy.100x100.net\/projects\/wetsweets\/ca\/","title":{"rendered":"Home"},"content":{"rendered":"","protected":false},"excerpt":{"rendered":"","protected":false},"author":1,"featured_media":0,"parent":0,"menu_order":0,"comment_status":"closed","ping_status":"closed","template":"page-home.php","meta":{"_acf_changed":false,"footnotes":""},"class_list":["post-18399","page","type-page","status-publish","hentry"],"acf":[],"yoast_head":"<!-- This site is optimized with the Yoast SEO plugin v25.6 - https:\/\/yoast.com\/wordpress\/plugins\/seo\/ -->\n<title>Wetsweets.com - Vestits de neopr\u00e8 per dones que estimen els esports i l&#039;aigua<\/title>\n<meta name=\"description\" content=\"Wetsweets \u00e9s una marca dirigida a refor\u00e7ar les dones ambicioses de totes les edats que volen practicar esports i, a la vegada, sentir-se precioses!\" \/>\n<meta name=\"robots\" content=\"noindex, follow, max-snippet:-1, max-image-preview:large, max-video-preview:-1\" \/>\n<meta property=\"og:locale\" content=\"ca_ES\" \/>\n<meta property=\"og:type\" content=\"article\" \/>\n<meta property=\"og:title\" content=\"Home - Wetsweets\" \/>\n<meta property=\"og:description\" content=\"Wetsweets \u00e9s una marca dirigida a refor\u00e7ar les dones ambicioses de totes les edats que volen practicar esports i, a la vegada, sentir-se precioses!\" \/>\n<meta property=\"og:url\" content=\"https:\/\/legacy.100x100.net\/projects\/wetsweets\/\" \/>\n<meta property=\"og:site_name\" content=\"Wetsweets\" \/>\n<meta property=\"article:publisher\" content=\"http:\/\/www.facebook.com\/wetsweets\" \/>\n<meta property=\"article:modified_time\" content=\"2017-05-12T06:47:35+00:00\" \/>\n<meta property=\"og:image\" content=\"http:\/\/www.wetsweets.com\/wp-content\/uploads\/2017\/04\/home-facebook.jpg\" \/>\n<meta name=\"twitter:card\" content=\"summary_large_image\" \/>\n<meta name=\"twitter:title\" content=\"Home - Wetsweets\" \/>\n<meta name=\"twitter:description\" content=\"Wetsweets \u00e9s una marca dirigida a refor\u00e7ar les dones ambicioses de totes les edats que volen practicar esports i, a la vegada, sentir-se precioses!\" \/>\n<meta name=\"twitter:image\" content=\"http:\/\/www.wetsweets.com\/wp-content\/uploads\/2017\/04\/home-twitter.jpg\" \/>\n<script type=\"application\/ld+json\" class=\"yoast-schema-graph\">{\"@context\":\"https:\/\/schema.org\",\"@graph\":[{\"@type\":\"WebPage\",\"@id\":\"https:\/\/legacy.100x100.net\/projects\/wetsweets\/\",\"url\":\"https:\/\/legacy.100x100.net\/projects\/wetsweets\/\",\"name\":\"Wetsweets.com - Vestits de neopr\u00e8 per dones que estimen els esports i l'aigua\",\"isPartOf\":{\"@id\":\"https:\/\/legacy.100x100.net\/projects\/wetsweets\/#website\"},\"datePublished\":\"2017-03-28T18:00:59+00:00\",\"dateModified\":\"2017-05-12T06:47:35+00:00\",\"description\":\"Wetsweets \u00e9s una marca dirigida a refor\u00e7ar les dones ambicioses de totes les edats que volen practicar esports i, a la vegada, sentir-se precioses!\",\"breadcrumb\":{\"@id\":\"https:\/\/legacy.100x100.net\/projects\/wetsweets\/#breadcrumb\"},\"inLanguage\":\"ca-ES\",\"potentialAction\":[{\"@type\":\"ReadAction\",\"target\":[\"https:\/\/legacy.100x100.net\/projects\/wetsweets\/\"]}]},{\"@type\":\"BreadcrumbList\",\"@id\":\"https:\/\/legacy.100x100.net\/projects\/wetsweets\/#breadcrumb\",\"itemListElement\":[{\"@type\":\"ListItem\",\"position\":1,\"name\":\"Home\",\"item\":\"https:\/\/legacy.100x100.net\/projects\/wetsweets\/\"},{\"@type\":\"ListItem\",\"position\":2,\"name\":\"Home\"}]},{\"@type\":\"WebSite\",\"@id\":\"https:\/\/legacy.100x100.net\/projects\/wetsweets\/#website\",\"url\":\"https:\/\/legacy.100x100.net\/projects\/wetsweets\/\",\"name\":\"Wetsweets\",\"description\":\"Wetsweets is a brand aimed at empowering ambitious women of all ages, that enjoy practicing sports and feeling beautiful at the same time!!\",\"potentialAction\":[{\"@type\":\"SearchAction\",\"target\":{\"@type\":\"EntryPoint\",\"urlTemplate\":\"https:\/\/legacy.100x100.net\/projects\/wetsweets\/?s={search_term_string}\"},\"query-input\":{\"@type\":\"PropertyValueSpecification\",\"valueRequired\":true,\"valueName\":\"search_term_string\"}}],\"inLanguage\":\"ca-ES\"}]}<\/script>\n<!-- \/ Yoast SEO plugin. -->","yoast_head_json":{"title":"Wetsweets.com - Vestits de neopr\u00e8 per dones que estimen els esports i l'aigua","description":"Wetsweets \u00e9s una marca dirigida a refor\u00e7ar les dones ambicioses de totes les edats que volen practicar esports i, a la vegada, sentir-se precioses!","robots":{"index":"noindex","follow":"follow","max-snippet":"max-snippet:-1","max-image-preview":"max-image-preview:large","max-video-preview":"max-video-preview:-1"},"og_locale":"ca_ES","og_type":"article","og_title":"Home - Wetsweets","og_description":"Wetsweets \u00e9s una marca dirigida a refor\u00e7ar les dones ambicioses de totes les edats que volen practicar esports i, a la vegada, sentir-se precioses!","og_url":"https:\/\/legacy.100x100.net\/projects\/wetsweets\/","og_site_name":"Wetsweets","article_publisher":"http:\/\/www.facebook.com\/wetsweets","article_modified_time":"2017-05-12T06:47:35+00:00","og_image":[{"url":"http:\/\/www.wetsweets.com\/wp-content\/uploads\/2017\/04\/home-facebook.jpg","type":"","width":"","height":""}],"twitter_card":"summary_large_image","twitter_title":"Home - Wetsweets","twitter_description":"Wetsweets \u00e9s una marca dirigida a refor\u00e7ar les dones ambicioses de totes les edats que volen practicar esports i, a la vegada, sentir-se precioses!","twitter_image":"http:\/\/www.wetsweets.com\/wp-content\/uploads\/2017\/04\/home-twitter.jpg","schema":{"@context":"https:\/\/schema.org","@graph":[{"@type":"WebPage","@id":"https:\/\/legacy.100x100.net\/projects\/wetsweets\/","url":"https:\/\/legacy.100x100.net\/projects\/wetsweets\/","name":"Wetsweets.com - Vestits de neopr\u00e8 per dones que estimen els esports i l'aigua","isPartOf":{"@id":"https:\/\/legacy.100x100.net\/projects\/wetsweets\/#website"},"datePublished":"2017-03-28T18:00:59+00:00","dateModified":"2017-05-12T06:47:35+00:00","description":"Wetsweets \u00e9s una marca dirigida a refor\u00e7ar les dones ambicioses de totes les edats que volen practicar esports i, a la vegada, sentir-se precioses!","breadcrumb":{"@id":"https:\/\/legacy.100x100.net\/projects\/wetsweets\/#breadcrumb"},"inLanguage":"ca-ES","potentialAction":[{"@type":"ReadAction","target":["https:\/\/legacy.100x100.net\/projects\/wetsweets\/"]}]},{"@type":"BreadcrumbList","@id":"https:\/\/legacy.100x100.net\/projects\/wetsweets\/#breadcrumb","itemListElement":[{"@type":"ListItem","position":1,"name":"Home","item":"https:\/\/legacy.100x100.net\/projects\/wetsweets\/"},{"@type":"ListItem","position":2,"name":"Home"}]},{"@type":"WebSite","@id":"https:\/\/legacy.100x100.net\/projects\/wetsweets\/#website","url":"https:\/\/legacy.100x100.net\/projects\/wetsweets\/","name":"Wetsweets","description":"Wetsweets is a brand aimed at empowering ambitious women of all ages, that enjoy practicing sports and feeling beautiful at the same time!!","potentialAction":[{"@type":"SearchAction","target":{"@type":"EntryPoint","urlTemplate":"https:\/\/legacy.100x100.net\/projects\/wetsweets\/?s={search_term_string}"},"query-input":{"@type":"PropertyValueSpecification","valueRequired":true,"valueName":"search_term_string"}}],"inLanguage":"ca-ES"}]}},"_links":{"self":[{"href":"https:\/\/legacy.100x100.net\/projects\/wetsweets\/ca\/wp-json\/wp\/v2\/pages\/18399","targetHints":{"allow":["GET"]}}],"collection":[{"href":"https:\/\/legacy.100x100.net\/projects\/wetsweets\/ca\/wp-json\/wp\/v2\/pages"}],"about":[{"href":"https:\/\/legacy.100x100.net\/projects\/wetsweets\/ca\/wp-json\/wp\/v2\/types\/page"}],"author":[{"embeddable":true,"href":"https:\/\/legacy.100x100.net\/projects\/wetsweets\/ca\/wp-json\/wp\/v2\/users\/1"}],"replies":[{"embeddable":true,"href":"https:\/\/legacy.100x100.net\/projects\/wetsweets\/ca\/wp-json\/wp\/v2\/comments?post=18399"}],"version-history":[{"count":3,"href":"https:\/\/legacy.100x100.net\/projects\/wetsweets\/ca\/wp-json\/wp\/v2\/pages\/18399\/revisions"}],"predecessor-version":[{"id":20348,"href":"https:\/\/legacy.100x100.net\/projects\/wetsweets\/ca\/wp-json\/wp\/v2\/pages\/18399\/revisions\/20348"}],"wp:attachment":[{"href":"https:\/\/legacy.100x100.net\/projects\/wetsweets\/ca\/wp-json\/wp\/v2\/media?parent=18399"}],"curies":[{"name":"wp","href":"https:\/\/api.w.org\/{rel}","templated":true}]}}