{"id":17990,"date":"2017-03-27T20:31:57","date_gmt":"2017-03-27T20:31:57","guid":{"rendered":"http:\/\/www.wetsweets.com\/faq\/"},"modified":"2017-05-11T10:03:01","modified_gmt":"2017-05-11T10:03:01","slug":"faq","status":"publish","type":"page","link":"https:\/\/legacy.100x100.net\/projects\/wetsweets\/ca\/faq\/","title":{"rendered":"FAQ"},"content":{"rendered":"<p><em><strong>A quins pa\u00efsos es realitzen entregues?\u00a0<\/strong><\/em><\/p>\n<p>Actualment es poden realitzar comandes a Espanya (pen\u00ednsula, illes Balears, Illes Can\u00e0ries, Ceuta i Melilla) i a Europa. (no s\u2019accepten Codis Postals com a direcci\u00f3 v\u00e0lida d\u2019enviament).<\/p>\n<p><em><strong>Necessito crear un compte per comprar a wetsweets.com?\u00a0<\/strong><\/em><\/p>\n<p>No \u00e9s necessari registrar-te per poder realitzar una comanda, per\u00f2 et recomanem crear un compte per obtenir tots els avantatges de formar part de wetsweets.com. Pots fer-ho durant el proc\u00e9s de compra o en qualsevol moment des de la secci\u00f3 \u201cACCEDIR\u201d.<\/p>\n<p><em><strong>Com puc actualitzar les meves dades?\u00a0<\/strong><\/em><\/p>\n<p>Per actualitzar les teves dades ves a la secci\u00f3 \u201cACCEDIR\u201d i introdueix el teu email i contrasenya. Posteriorment haur\u00e0s d\u2019acudir a l\u2019apartat \u201cEL MEU COMPTE\u201d.<\/p>\n<p>&nbsp;<\/p>\n<p><em><strong>Com puc donar-me de baixa de wetsweets.com?\u00a0<\/strong><\/em><\/p>\n<p>Per donar-te de baixa, si us plau, envia\u2019ns un email a <a href=\"mailto:help@wetsweets.com\">help@wetsweets.com<\/a><\/p>\n<p>&nbsp;<\/p>\n<p><em><strong>Puc cancel\u2022lar o modificar una comanda?\u00a0<\/strong><\/em><\/p>\n<p>No \u00e9s possible modificar o cancel\u2022lar una comanda un cop ja hagi estat enviada. Pots retornar els articles que no desitgis seguint les instruccions de devolucions un cop hagis rebut la teva comanda.<br \/>\n<strong><em>Com puc retornar un article comprat a wetsweets.com?\u00a0<\/em>\u00a0<\/strong><\/p>\n<p>Revisa la nostra secci\u00f3 de Devolucions, on t\u2019indicarem els passos a seguir per realitzar un canvi o una devoluci\u00f3.<\/p>\n<p>&nbsp;<\/p>\n<p><em><strong>Com puc pagar les meves compres a wetsweets.com?\u00a0<\/strong><\/em><\/p>\n<p>Pots realitzar el pagament de les teves compres amb VISA. Tamb\u00e9 t\u2019oferim l\u2019opci\u00f3 de pagar via PayPal.<\/p>\n<p>&nbsp;<\/p>\n<p><em><strong>Quines s\u00f3n les despeses de l\u2019enviament?\u00a0<\/strong><\/em><\/p>\n<p>You can pay using Visa.\u00a0You can also pay via PayPal or Bank Transfer<\/p>\n<p>&nbsp;<\/p>\n<p><em><strong>How much will I pay for shipping?\u00a0<\/strong><\/em><br \/>\nRevisa la nostra secci\u00f3 de Despeses d\u2019enviament per informar-te sobre la tarifa de cada destinaci\u00f3.<br \/>\n<em><strong>Quan rebre la meva compra?\u00a0<\/strong><\/em><\/p>\n<p>Els terminis d\u2019entrega aproximats s\u00f3n:<\/p>\n<p>&#8211;\u00a0\u00a0\u00a0\u00a0\u00a0 Espanya i Portugal: 1 &#8211; 2 dies laborables<\/p>\n<p>&#8211;\u00a0\u00a0\u00a0\u00a0\u00a0 Europa: 3-4 dies laborables.<\/p>\n<p>&nbsp;<\/p>\n<p><em><strong>Puc modificar una factura per la meva compra?\u00a0\u00a0<\/strong><\/em><\/p>\n<p>S\u00ed, pots sol\u2022licitar-la en el moment de realitzar la teva compra. Nom\u00e9s necessites la casella de \u201cRebre Factura\u201d<\/p>\n<p>&nbsp;<\/p>\n<p><em><strong>Qu\u00e8 \u00e9s la direcci\u00f3 d\u2019enviament?\u00a0<\/strong><\/em><\/p>\n<p>La direcci\u00f3 d\u2019enviament \u00e9s el lloc on vols rebre la teva comanda. Assegura\u2019t de que hi hagi alg\u00fa per a que firmi l\u2019entrega de la comanda a la direcci\u00f3 d\u2019enviament facilitada<\/p>\n","protected":false},"excerpt":{"rendered":"<p>A quins pa\u00efsos es realitzen entregues?\u00a0 Actualment es poden realitzar comandes a Espanya (pen\u00ednsula, illes Balears, Illes Can\u00e0ries, Ceuta i Melilla) i a Europa. (no s\u2019accepten Codis Postals com a direcci\u00f3 v\u00e0lida d\u2019enviament). Necessito crear un compte per comprar a wetsweets.com?\u00a0 No \u00e9s necessari registrar-te per poder realitzar una comanda, per\u00f2 et recomanem crear un [&hellip;]<\/p>\n","protected":false},"author":1,"featured_media":0,"parent":0,"menu_order":0,"comment_status":"closed","ping_status":"closed","template":"page-help.php","meta":{"_acf_changed":false,"footnotes":""},"class_list":["post-17990","page","type-page","status-publish","hentry"],"acf":[],"yoast_head":"<!-- This site is optimized with the Yoast SEO plugin v25.6 - https:\/\/yoast.com\/wordpress\/plugins\/seo\/ -->\n<title>FAQ - Wetsweets.com<\/title>\n<meta name=\"description\" content=\"Preguntes freq\u00fcents. Preguntes comunes que rebem dels nous venedors.\" \/>\n<meta name=\"robots\" content=\"noindex, follow, max-snippet:-1, max-image-preview:large, max-video-preview:-1\" \/>\n<meta property=\"og:locale\" content=\"ca_ES\" \/>\n<meta property=\"og:type\" content=\"article\" \/>\n<meta property=\"og:title\" content=\"FAQ - Wetsweets.com\" \/>\n<meta property=\"og:description\" content=\"Preguntes freq\u00fcents. Preguntes comunes que rebem dels nous venedors.\" \/>\n<meta property=\"og:url\" content=\"https:\/\/legacy.100x100.net\/projects\/wetsweets\/faq\/\" \/>\n<meta property=\"og:site_name\" content=\"Wetsweets\" \/>\n<meta property=\"article:publisher\" content=\"http:\/\/www.facebook.com\/wetsweets\" \/>\n<meta property=\"article:modified_time\" content=\"2017-05-11T10:03:01+00:00\" \/>\n<meta property=\"og:image\" content=\"http:\/\/www.wetsweets.com\/wp-content\/uploads\/2017\/04\/shop-facebook.jpg\" \/>\n<meta name=\"twitter:card\" content=\"summary_large_image\" \/>\n<meta name=\"twitter:label1\" content=\"Est. reading time\" \/>\n\t<meta name=\"twitter:data1\" content=\"2 minutes\" \/>\n<script type=\"application\/ld+json\" class=\"yoast-schema-graph\">{\"@context\":\"https:\/\/schema.org\",\"@graph\":[{\"@type\":\"WebPage\",\"@id\":\"https:\/\/legacy.100x100.net\/projects\/wetsweets\/faq\/\",\"url\":\"https:\/\/legacy.100x100.net\/projects\/wetsweets\/faq\/\",\"name\":\"FAQ - Wetsweets.com\",\"isPartOf\":{\"@id\":\"https:\/\/legacy.100x100.net\/projects\/wetsweets\/#website\"},\"datePublished\":\"2017-03-27T20:31:57+00:00\",\"dateModified\":\"2017-05-11T10:03:01+00:00\",\"description\":\"Preguntes freq\u00fcents. Preguntes comunes que rebem dels nous venedors.\",\"breadcrumb\":{\"@id\":\"https:\/\/legacy.100x100.net\/projects\/wetsweets\/faq\/#breadcrumb\"},\"inLanguage\":\"ca-ES\",\"potentialAction\":[{\"@type\":\"ReadAction\",\"target\":[\"https:\/\/legacy.100x100.net\/projects\/wetsweets\/faq\/\"]}]},{\"@type\":\"BreadcrumbList\",\"@id\":\"https:\/\/legacy.100x100.net\/projects\/wetsweets\/faq\/#breadcrumb\",\"itemListElement\":[{\"@type\":\"ListItem\",\"position\":1,\"name\":\"Home\",\"item\":\"https:\/\/legacy.100x100.net\/projects\/wetsweets\/\"},{\"@type\":\"ListItem\",\"position\":2,\"name\":\"FAQ\"}]},{\"@type\":\"WebSite\",\"@id\":\"https:\/\/legacy.100x100.net\/projects\/wetsweets\/#website\",\"url\":\"https:\/\/legacy.100x100.net\/projects\/wetsweets\/\",\"name\":\"Wetsweets\",\"description\":\"Wetsweets is a brand aimed at empowering ambitious women of all ages, that enjoy practicing sports and feeling beautiful at the same time!!\",\"potentialAction\":[{\"@type\":\"SearchAction\",\"target\":{\"@type\":\"EntryPoint\",\"urlTemplate\":\"https:\/\/legacy.100x100.net\/projects\/wetsweets\/?s={search_term_string}\"},\"query-input\":{\"@type\":\"PropertyValueSpecification\",\"valueRequired\":true,\"valueName\":\"search_term_string\"}}],\"inLanguage\":\"ca-ES\"}]}<\/script>\n<!-- \/ Yoast SEO plugin. -->","yoast_head_json":{"title":"FAQ - Wetsweets.com","description":"Preguntes freq\u00fcents. Preguntes comunes que rebem dels nous venedors.","robots":{"index":"noindex","follow":"follow","max-snippet":"max-snippet:-1","max-image-preview":"max-image-preview:large","max-video-preview":"max-video-preview:-1"},"og_locale":"ca_ES","og_type":"article","og_title":"FAQ - Wetsweets.com","og_description":"Preguntes freq\u00fcents. Preguntes comunes que rebem dels nous venedors.","og_url":"https:\/\/legacy.100x100.net\/projects\/wetsweets\/faq\/","og_site_name":"Wetsweets","article_publisher":"http:\/\/www.facebook.com\/wetsweets","article_modified_time":"2017-05-11T10:03:01+00:00","og_image":[{"url":"http:\/\/www.wetsweets.com\/wp-content\/uploads\/2017\/04\/shop-facebook.jpg","type":"","width":"","height":""}],"twitter_card":"summary_large_image","twitter_misc":{"Est. reading time":"2 minutes"},"schema":{"@context":"https:\/\/schema.org","@graph":[{"@type":"WebPage","@id":"https:\/\/legacy.100x100.net\/projects\/wetsweets\/faq\/","url":"https:\/\/legacy.100x100.net\/projects\/wetsweets\/faq\/","name":"FAQ - Wetsweets.com","isPartOf":{"@id":"https:\/\/legacy.100x100.net\/projects\/wetsweets\/#website"},"datePublished":"2017-03-27T20:31:57+00:00","dateModified":"2017-05-11T10:03:01+00:00","description":"Preguntes freq\u00fcents. Preguntes comunes que rebem dels nous venedors.","breadcrumb":{"@id":"https:\/\/legacy.100x100.net\/projects\/wetsweets\/faq\/#breadcrumb"},"inLanguage":"ca-ES","potentialAction":[{"@type":"ReadAction","target":["https:\/\/legacy.100x100.net\/projects\/wetsweets\/faq\/"]}]},{"@type":"BreadcrumbList","@id":"https:\/\/legacy.100x100.net\/projects\/wetsweets\/faq\/#breadcrumb","itemListElement":[{"@type":"ListItem","position":1,"name":"Home","item":"https:\/\/legacy.100x100.net\/projects\/wetsweets\/"},{"@type":"ListItem","position":2,"name":"FAQ"}]},{"@type":"WebSite","@id":"https:\/\/legacy.100x100.net\/projects\/wetsweets\/#website","url":"https:\/\/legacy.100x100.net\/projects\/wetsweets\/","name":"Wetsweets","description":"Wetsweets is a brand aimed at empowering ambitious women of all ages, that enjoy practicing sports and feeling beautiful at the same time!!","potentialAction":[{"@type":"SearchAction","target":{"@type":"EntryPoint","urlTemplate":"https:\/\/legacy.100x100.net\/projects\/wetsweets\/?s={search_term_string}"},"query-input":{"@type":"PropertyValueSpecification","valueRequired":true,"valueName":"search_term_string"}}],"inLanguage":"ca-ES"}]}},"_links":{"self":[{"href":"https:\/\/legacy.100x100.net\/projects\/wetsweets\/ca\/wp-json\/wp\/v2\/pages\/17990","targetHints":{"allow":["GET"]}}],"collection":[{"href":"https:\/\/legacy.100x100.net\/projects\/wetsweets\/ca\/wp-json\/wp\/v2\/pages"}],"about":[{"href":"https:\/\/legacy.100x100.net\/projects\/wetsweets\/ca\/wp-json\/wp\/v2\/types\/page"}],"author":[{"embeddable":true,"href":"https:\/\/legacy.100x100.net\/projects\/wetsweets\/ca\/wp-json\/wp\/v2\/users\/1"}],"replies":[{"embeddable":true,"href":"https:\/\/legacy.100x100.net\/projects\/wetsweets\/ca\/wp-json\/wp\/v2\/comments?post=17990"}],"version-history":[{"count":1,"href":"https:\/\/legacy.100x100.net\/projects\/wetsweets\/ca\/wp-json\/wp\/v2\/pages\/17990\/revisions"}],"predecessor-version":[{"id":17992,"href":"https:\/\/legacy.100x100.net\/projects\/wetsweets\/ca\/wp-json\/wp\/v2\/pages\/17990\/revisions\/17992"}],"wp:attachment":[{"href":"https:\/\/legacy.100x100.net\/projects\/wetsweets\/ca\/wp-json\/wp\/v2\/media?parent=17990"}],"curies":[{"name":"wp","href":"https:\/\/api.w.org\/{rel}","templated":true}]}}