{"id":655,"date":"2014-12-19T09:00:57","date_gmt":"2014-12-19T09:00:57","guid":{"rendered":"https:\/\/difusionnautica.com\/?page_id=655"},"modified":"2019-06-06T13:48:14","modified_gmt":"2019-06-06T13:48:14","slug":"imagen-de-la-regata","status":"publish","type":"page","link":"https:\/\/legacy.100x100.net\/projects\/difusionautica\/vuelta-a-mallorca\/multimedia\/imagen-de-la-regata\/","title":{"rendered":"Imagen de la regata"},"content":{"rendered":"<p>La relaci\u00f3n de etapas definitivas se definir\u00e1 en el Libro de Ruta y la reuni\u00f3n de patrones previa a la salida.<\/p>\n<p><a href=\"https:\/\/difusionnautica.com\/wp-content\/uploads\/2019\/05\/136-raid-2019_sk-136.jpg\"><img loading=\"lazy\" decoding=\"async\" class=\"alignnone size-large wp-image-3168\" src=\"https:\/\/difusionnautica.com\/wp-content\/uploads\/2019\/05\/136-raid-2019_sk-136-777x1024.jpg\" alt=\"\" width=\"777\" height=\"1024\" srcset=\"https:\/\/legacy.100x100.net\/projects\/difusionautica\/wp-content\/uploads\/2019\/05\/136-raid-2019_sk-136-777x1024.jpg 777w, https:\/\/legacy.100x100.net\/projects\/difusionautica\/wp-content\/uploads\/2019\/05\/136-raid-2019_sk-136-228x300.jpg 228w, https:\/\/legacy.100x100.net\/projects\/difusionautica\/wp-content\/uploads\/2019\/05\/136-raid-2019_sk-136-768x1012.jpg 768w, https:\/\/legacy.100x100.net\/projects\/difusionautica\/wp-content\/uploads\/2019\/05\/136-raid-2019_sk-136-300x395.jpg 300w, https:\/\/legacy.100x100.net\/projects\/difusionautica\/wp-content\/uploads\/2019\/05\/136-raid-2019_sk-136-320x421.jpg 320w, https:\/\/legacy.100x100.net\/projects\/difusionautica\/wp-content\/uploads\/2019\/05\/136-raid-2019_sk-136-350x461.jpg 350w, https:\/\/legacy.100x100.net\/projects\/difusionautica\/wp-content\/uploads\/2019\/05\/136-raid-2019_sk-136-200x263.jpg 200w, https:\/\/legacy.100x100.net\/projects\/difusionautica\/wp-content\/uploads\/2019\/05\/136-raid-2019_sk-136-152x200.jpg 152w, https:\/\/legacy.100x100.net\/projects\/difusionautica\/wp-content\/uploads\/2019\/05\/136-raid-2019_sk-136-340x448.jpg 340w, https:\/\/legacy.100x100.net\/projects\/difusionautica\/wp-content\/uploads\/2019\/05\/136-raid-2019_sk-136.jpg 1299w\" sizes=\"auto, (max-width: 777px) 100vw, 777px\" \/><\/a><\/p>\n","protected":false},"excerpt":{"rendered":"<p>La relaci\u00f3n de etapas definitivas se definir\u00e1 en el Libro de Ruta y la reuni\u00f3n de patrones previa a la salida.<\/p>\n","protected":false},"author":1,"featured_media":3168,"parent":654,"menu_order":1,"comment_status":"closed","ping_status":"closed","template":"page_RAID.php","meta":{"footnotes":""},"class_list":["post-655","page","type-page","status-publish","has-post-thumbnail","hentry"],"aioseo_notices":[],"_links":{"self":[{"href":"https:\/\/legacy.100x100.net\/projects\/difusionautica\/wp-json\/wp\/v2\/pages\/655","targetHints":{"allow":["GET"]}}],"collection":[{"href":"https:\/\/legacy.100x100.net\/projects\/difusionautica\/wp-json\/wp\/v2\/pages"}],"about":[{"href":"https:\/\/legacy.100x100.net\/projects\/difusionautica\/wp-json\/wp\/v2\/types\/page"}],"author":[{"embeddable":true,"href":"https:\/\/legacy.100x100.net\/projects\/difusionautica\/wp-json\/wp\/v2\/users\/1"}],"replies":[{"embeddable":true,"href":"https:\/\/legacy.100x100.net\/projects\/difusionautica\/wp-json\/wp\/v2\/comments?post=655"}],"version-history":[{"count":0,"href":"https:\/\/legacy.100x100.net\/projects\/difusionautica\/wp-json\/wp\/v2\/pages\/655\/revisions"}],"up":[{"embeddable":true,"href":"https:\/\/legacy.100x100.net\/projects\/difusionautica\/wp-json\/wp\/v2\/pages\/654"}],"wp:featuredmedia":[{"embeddable":true,"href":"https:\/\/legacy.100x100.net\/projects\/difusionautica\/wp-json\/wp\/v2\/media\/3168"}],"wp:attachment":[{"href":"https:\/\/legacy.100x100.net\/projects\/difusionautica\/wp-json\/wp\/v2\/media?parent=655"}],"curies":[{"name":"wp","href":"https:\/\/api.w.org\/{rel}","templated":true}]}}