{"id":522,"date":"2014-09-22T20:32:12","date_gmt":"2014-09-22T20:32:12","guid":{"rendered":"https:\/\/difusionnautica.com\/?page_id=522"},"modified":"2016-12-19T19:03:06","modified_gmt":"2016-12-19T19:03:06","slug":"clasificaciones","status":"publish","type":"page","link":"https:\/\/legacy.100x100.net\/projects\/difusionautica\/regata-mil-millas\/espacio-participantes\/clasificaciones\/","title":{"rendered":"Clasificaciones"},"content":{"rendered":"<p><strong>CLASIFICACION REGATA MIL MILLAS 2016<\/strong><\/p>\n<p>CLASIFICACION CONJUNTA<\/p>\n<p>CLASIFICACI\u00d3N A2<a href=\"https:\/\/difusionnautica.com\/wp-content\/uploads\/2016\/07\/02.jpg\"><img loading=\"lazy\" decoding=\"async\" class=\"alignleft size-full wp-image-1560\" src=\"https:\/\/difusionnautica.com\/wp-content\/uploads\/2016\/07\/02.jpg\" alt=\"02\" width=\"1000\" height=\"267\" srcset=\"https:\/\/legacy.100x100.net\/projects\/difusionautica\/wp-content\/uploads\/2016\/07\/02.jpg 1000w, https:\/\/legacy.100x100.net\/projects\/difusionautica\/wp-content\/uploads\/2016\/07\/02-300x80.jpg 300w, https:\/\/legacy.100x100.net\/projects\/difusionautica\/wp-content\/uploads\/2016\/07\/02-768x205.jpg 768w, https:\/\/legacy.100x100.net\/projects\/difusionautica\/wp-content\/uploads\/2016\/07\/02-320x85.jpg 320w, https:\/\/legacy.100x100.net\/projects\/difusionautica\/wp-content\/uploads\/2016\/07\/02-350x93.jpg 350w, https:\/\/legacy.100x100.net\/projects\/difusionautica\/wp-content\/uploads\/2016\/07\/02-200x53.jpg 200w, https:\/\/legacy.100x100.net\/projects\/difusionautica\/wp-content\/uploads\/2016\/07\/02-340x91.jpg 340w\" sizes=\"auto, (max-width: 1000px) 100vw, 1000px\" \/><\/a><\/p>\n<p>&nbsp;<\/p>\n<p>CLASIFICACI\u00d3N TRIPULACI\u00d3N COMPLETA<\/p>\n<p><a href=\"https:\/\/difusionnautica.com\/wp-content\/uploads\/2016\/07\/01.jpg\"><img loading=\"lazy\" decoding=\"async\" class=\"alignleft size-full wp-image-1559\" src=\"https:\/\/difusionnautica.com\/wp-content\/uploads\/2016\/07\/01.jpg\" alt=\"01\" width=\"1000\" height=\"262\" srcset=\"https:\/\/legacy.100x100.net\/projects\/difusionautica\/wp-content\/uploads\/2016\/07\/01.jpg 1000w, https:\/\/legacy.100x100.net\/projects\/difusionautica\/wp-content\/uploads\/2016\/07\/01-300x79.jpg 300w, https:\/\/legacy.100x100.net\/projects\/difusionautica\/wp-content\/uploads\/2016\/07\/01-768x201.jpg 768w, https:\/\/legacy.100x100.net\/projects\/difusionautica\/wp-content\/uploads\/2016\/07\/01-320x84.jpg 320w, https:\/\/legacy.100x100.net\/projects\/difusionautica\/wp-content\/uploads\/2016\/07\/01-350x92.jpg 350w, https:\/\/legacy.100x100.net\/projects\/difusionautica\/wp-content\/uploads\/2016\/07\/01-200x52.jpg 200w, https:\/\/legacy.100x100.net\/projects\/difusionautica\/wp-content\/uploads\/2016\/07\/01-340x89.jpg 340w\" sizes=\"auto, (max-width: 1000px) 100vw, 1000px\" \/><\/a><\/p>\n<p>&nbsp;<\/p>\n<p>&nbsp;<\/p>\n<p>&nbsp;<\/p>\n<p><strong>CLASIFICACI\u00d3N GENERAL CONJUNTA REGATA MIL MILLAS 2015<\/strong><br \/>\n<a href=\"https:\/\/difusionnautica.com\/wp-content\/uploads\/2014\/09\/GenConjuntaWEB.jpg\"><img loading=\"lazy\" decoding=\"async\" class=\"aligncenter size-full wp-image-1087\" src=\"https:\/\/difusionnautica.com\/wp-content\/uploads\/2014\/09\/GenConjuntaWEB.jpg\" alt=\"GenConjuntaWEB\" width=\"1000\" height=\"750\" srcset=\"https:\/\/legacy.100x100.net\/projects\/difusionautica\/wp-content\/uploads\/2014\/09\/GenConjuntaWEB.jpg 1000w, https:\/\/legacy.100x100.net\/projects\/difusionautica\/wp-content\/uploads\/2014\/09\/GenConjuntaWEB-300x225.jpg 300w, https:\/\/legacy.100x100.net\/projects\/difusionautica\/wp-content\/uploads\/2014\/09\/GenConjuntaWEB-320x240.jpg 320w, https:\/\/legacy.100x100.net\/projects\/difusionautica\/wp-content\/uploads\/2014\/09\/GenConjuntaWEB-350x263.jpg 350w, https:\/\/legacy.100x100.net\/projects\/difusionautica\/wp-content\/uploads\/2014\/09\/GenConjuntaWEB-200x150.jpg 200w, https:\/\/legacy.100x100.net\/projects\/difusionautica\/wp-content\/uploads\/2014\/09\/GenConjuntaWEB-267x200.jpg 267w, https:\/\/legacy.100x100.net\/projects\/difusionautica\/wp-content\/uploads\/2014\/09\/GenConjuntaWEB-160x120.jpg 160w\" sizes=\"auto, (max-width: 1000px) 100vw, 1000px\" \/><\/a><\/p>\n<p><strong>CLASIFICACI\u00d3N A2<\/strong><a href=\"https:\/\/difusionnautica.com\/wp-content\/uploads\/2014\/09\/clasiA2web.jpg\"><img loading=\"lazy\" decoding=\"async\" class=\"aligncenter size-full wp-image-1089\" src=\"https:\/\/difusionnautica.com\/wp-content\/uploads\/2014\/09\/clasiA2web.jpg\" alt=\"clasiA2web\" width=\"1000\" height=\"603\" srcset=\"https:\/\/legacy.100x100.net\/projects\/difusionautica\/wp-content\/uploads\/2014\/09\/clasiA2web.jpg 1000w, https:\/\/legacy.100x100.net\/projects\/difusionautica\/wp-content\/uploads\/2014\/09\/clasiA2web-300x181.jpg 300w, https:\/\/legacy.100x100.net\/projects\/difusionautica\/wp-content\/uploads\/2014\/09\/clasiA2web-320x193.jpg 320w, https:\/\/legacy.100x100.net\/projects\/difusionautica\/wp-content\/uploads\/2014\/09\/clasiA2web-350x211.jpg 350w, https:\/\/legacy.100x100.net\/projects\/difusionautica\/wp-content\/uploads\/2014\/09\/clasiA2web-200x121.jpg 200w, https:\/\/legacy.100x100.net\/projects\/difusionautica\/wp-content\/uploads\/2014\/09\/clasiA2web-332x200.jpg 332w\" sizes=\"auto, (max-width: 1000px) 100vw, 1000px\" \/><\/a><\/p>\n<p><strong>CLASIFICACI\u00d3N TRIPULACI\u00d3N<\/strong><a href=\"https:\/\/difusionnautica.com\/wp-content\/uploads\/2014\/09\/clasiTRIPUweb.jpg\"><img loading=\"lazy\" decoding=\"async\" class=\"aligncenter size-full wp-image-1090\" src=\"https:\/\/difusionnautica.com\/wp-content\/uploads\/2014\/09\/clasiTRIPUweb.jpg\" alt=\"clasiTRIPUweb\" width=\"995\" height=\"498\" srcset=\"https:\/\/legacy.100x100.net\/projects\/difusionautica\/wp-content\/uploads\/2014\/09\/clasiTRIPUweb.jpg 995w, https:\/\/legacy.100x100.net\/projects\/difusionautica\/wp-content\/uploads\/2014\/09\/clasiTRIPUweb-300x150.jpg 300w, https:\/\/legacy.100x100.net\/projects\/difusionautica\/wp-content\/uploads\/2014\/09\/clasiTRIPUweb-320x160.jpg 320w, https:\/\/legacy.100x100.net\/projects\/difusionautica\/wp-content\/uploads\/2014\/09\/clasiTRIPUweb-350x175.jpg 350w, https:\/\/legacy.100x100.net\/projects\/difusionautica\/wp-content\/uploads\/2014\/09\/clasiTRIPUweb-200x100.jpg 200w, https:\/\/legacy.100x100.net\/projects\/difusionautica\/wp-content\/uploads\/2014\/09\/clasiTRIPUweb-340x170.jpg 340w\" sizes=\"auto, (max-width: 995px) 100vw, 995px\" \/><\/a><\/p>\n<p>&nbsp;<\/p>\n","protected":false},"excerpt":{"rendered":"<p>CLASIFICACION REGATA MIL MILLAS 2016 CLASIFICACION CONJUNTA CLASIFICACI\u00d3N A2 &nbsp; CLASIFICACI\u00d3N TRIPULACI\u00d3N COMPLETA &nbsp; &nbsp; &nbsp; CLASIFICACI\u00d3N GENERAL CONJUNTA REGATA MIL MILLAS 2015 CLASIFICACI\u00d3N A2 CLASIFICACI\u00d3N TRIPULACI\u00d3N &nbsp;<\/p>\n","protected":false},"author":1,"featured_media":1087,"parent":517,"menu_order":0,"comment_status":"closed","ping_status":"closed","template":"page_MIL-MILLAS.php","meta":{"footnotes":""},"class_list":["post-522","page","type-page","status-publish","has-post-thumbnail","hentry"],"aioseo_notices":[],"_links":{"self":[{"href":"https:\/\/legacy.100x100.net\/projects\/difusionautica\/wp-json\/wp\/v2\/pages\/522","targetHints":{"allow":["GET"]}}],"collection":[{"href":"https:\/\/legacy.100x100.net\/projects\/difusionautica\/wp-json\/wp\/v2\/pages"}],"about":[{"href":"https:\/\/legacy.100x100.net\/projects\/difusionautica\/wp-json\/wp\/v2\/types\/page"}],"author":[{"embeddable":true,"href":"https:\/\/legacy.100x100.net\/projects\/difusionautica\/wp-json\/wp\/v2\/users\/1"}],"replies":[{"embeddable":true,"href":"https:\/\/legacy.100x100.net\/projects\/difusionautica\/wp-json\/wp\/v2\/comments?post=522"}],"version-history":[{"count":0,"href":"https:\/\/legacy.100x100.net\/projects\/difusionautica\/wp-json\/wp\/v2\/pages\/522\/revisions"}],"up":[{"embeddable":true,"href":"https:\/\/legacy.100x100.net\/projects\/difusionautica\/wp-json\/wp\/v2\/pages\/517"}],"wp:featuredmedia":[{"embeddable":true,"href":"https:\/\/legacy.100x100.net\/projects\/difusionautica\/wp-json\/wp\/v2\/media\/1087"}],"wp:attachment":[{"href":"https:\/\/legacy.100x100.net\/projects\/difusionautica\/wp-json\/wp\/v2\/media?parent=522"}],"curies":[{"name":"wp","href":"https:\/\/api.w.org\/{rel}","templated":true}]}}