{"id":3547,"date":"2019-11-15T12:02:18","date_gmt":"2019-11-15T12:02:18","guid":{"rendered":"https:\/\/difusionnautica.com\/?page_id=3547"},"modified":"2020-01-17T14:11:41","modified_gmt":"2020-01-17T14:11:41","slug":"programa","status":"publish","type":"page","link":"https:\/\/legacy.100x100.net\/projects\/difusionautica\/ibiza-nautic-raid\/programa\/","title":{"rendered":"Programa"},"content":{"rendered":"\n<p><strong><a href=\"https:\/\/difusionnautica.com\/wp-content\/uploads\/2019\/11\/ibizanauticraid_mundo.jpeg\"><img loading=\"lazy\" decoding=\"async\" class=\"size-full wp-image-3511 alignright\" src=\"https:\/\/difusionnautica.com\/wp-content\/uploads\/2019\/11\/ibizanauticraid_mundo.jpeg\" alt=\"\" width=\"404\" height=\"596\" \/><\/a><\/strong><\/p>\n<p><a href=\"https:\/\/difusionnautica.com\/wp-content\/uploads\/2019\/11\/PROGRAMA.V2.10.pdf\">DESCARGAR PROGRAMA EN PDF<\/a><\/p>\n<p><strong>Viernes 19 de junio<\/strong><\/p>\n<ul>\n<li>10-18h &#8211; Registro participantes, actividades village y test drives en Es N\u00e0utic de Sant Antoni de Portmany.<\/li>\n<li>18h &#8211; Rueda de prensa y presentaci\u00f3n de modelos y equipos participantes<\/li>\n<li>20h &#8211; Reuni\u00f3n de patrones<\/li>\n<li>21h &#8211; Cena de acogida en Sant Antoni de Portmany.<\/li>\n<\/ul>\n<p><strong>S\u00e1bado 20 de junio<\/strong><\/p>\n<ul>\n<li>8h &#8211; Desayuno en Sant Antoni de Portmany<\/li>\n<li>9h &#8211; Pruebas 1 y 2 &#8211; de Sant Antoni a Ibiza<\/li>\n<li>14h &#8211; Comida en Club N\u00e1utico de Ibiza<\/li>\n<li>16h &#8211; Prueba 3 &#8211; de Ibiza a Sant Antoni<\/li>\n<li>21h &#8211; Cena en Sant Antoni de Portmany<\/li>\n<\/ul>\n<p><strong>Domingo 21 de junio<\/strong><\/p>\n<ul>\n<li>8h &#8211; Desayuno en Sant Antoni de Portmany<\/li>\n<li>9h &#8211; Prueba 4 y 5 &#8211; Pruebas frente Bah\u00eda Sant Antoni<\/li>\n<li>14h \u2013 Comida, actividades village, test drives y reparto de trofeos en Club N\u00e1utico Sant Antoni de Portmany.<\/li>\n<\/ul>\n<p><strong>ALOJAMIENTO<\/strong><\/p>\n<p>Para consultar disponbilidad, precios y reservar habitaciones los participantes pueden ponerse en contacto con Maria Jurat, del Hotel Mitjorn, info@esmitjorn.com, Tel: 971 34 09 02<\/p>\n","protected":false},"excerpt":{"rendered":"<p>DESCARGAR PROGRAMA EN PDF Viernes 19 de junio 10-18h &#8211; Registro participantes, actividades village y test drives en Es N\u00e0utic de Sant Antoni de Portmany. 18h &#8211; Rueda de prensa y presentaci\u00f3n de modelos y equipos participantes 20h &#8211; Reuni\u00f3n &hellip; <a href=\"https:\/\/legacy.100x100.net\/projects\/difusionautica\/ibiza-nautic-raid\/programa\/\">Sigue leyendo <span class=\"meta-nav\">&rarr;<\/span><\/a><\/p>\n","protected":false},"author":1,"featured_media":0,"parent":3541,"menu_order":0,"comment_status":"closed","ping_status":"closed","template":"page_IBIZA_NAUTIC_RAID.php","meta":{"footnotes":""},"class_list":["post-3547","page","type-page","status-publish","hentry"],"aioseo_notices":[],"_links":{"self":[{"href":"https:\/\/legacy.100x100.net\/projects\/difusionautica\/wp-json\/wp\/v2\/pages\/3547","targetHints":{"allow":["GET"]}}],"collection":[{"href":"https:\/\/legacy.100x100.net\/projects\/difusionautica\/wp-json\/wp\/v2\/pages"}],"about":[{"href":"https:\/\/legacy.100x100.net\/projects\/difusionautica\/wp-json\/wp\/v2\/types\/page"}],"author":[{"embeddable":true,"href":"https:\/\/legacy.100x100.net\/projects\/difusionautica\/wp-json\/wp\/v2\/users\/1"}],"replies":[{"embeddable":true,"href":"https:\/\/legacy.100x100.net\/projects\/difusionautica\/wp-json\/wp\/v2\/comments?post=3547"}],"version-history":[{"count":0,"href":"https:\/\/legacy.100x100.net\/projects\/difusionautica\/wp-json\/wp\/v2\/pages\/3547\/revisions"}],"up":[{"embeddable":true,"href":"https:\/\/legacy.100x100.net\/projects\/difusionautica\/wp-json\/wp\/v2\/pages\/3541"}],"wp:attachment":[{"href":"https:\/\/legacy.100x100.net\/projects\/difusionautica\/wp-json\/wp\/v2\/media?parent=3547"}],"curies":[{"name":"wp","href":"https:\/\/api.w.org\/{rel}","templated":true}]}}