{"id":3545,"date":"2019-11-15T12:01:46","date_gmt":"2019-11-15T12:01:46","guid":{"rendered":"https:\/\/difusionnautica.com\/?page_id=3545"},"modified":"2020-03-02T12:51:47","modified_gmt":"2020-03-02T12:51:47","slug":"normativa","status":"publish","type":"page","link":"https:\/\/legacy.100x100.net\/projects\/difusionautica\/ibiza-nautic-raid\/normativa\/","title":{"rendered":"Normativa"},"content":{"rendered":"\n<p>ANUNCIO DE LA PRUEBA IBIZA NAUTIC RAID &#8211; XVI RAID MOTON\u00c1UTICO<\/p>\n<p><a href=\"https:\/\/difusionnautica.com\/wp-content\/uploads\/2020\/03\/ANUNCIO-PRUEBA-INR.V3-1.pdf\">DESCARGAR ANUNCIO DE LA PRUEBA EN PDF<\/a><\/p>\n<p><strong>ANUNCIO DE LA PRUEBA MOTON\u00c1NUTICA<\/strong><\/p>\n<p><em>V2 \u2013 02\/03\/2020<\/em><\/p>\n<p><strong>IBIZA NAUTIC RAID &#8211; RAID MOTON\u00c1UTICO <\/strong><\/p>\n<p>XVI edici\u00f3n de la prueba n\u00e1utico deportiva para embarcaciones <strong>neum\u00e1ticas <\/strong>autorizada por la Federaci\u00f3n Balear de Moton\u00e1utica.<\/p>\n<p><strong>ORGANIZA<\/strong><\/p>\n<p>Club N\u00e1utico Skipper y Difusi\u00f3n N\u00e1utica.<\/p>\n<p><strong>COLABORAN<\/strong><\/p>\n<p>Consell d\u2019Eivissa, Ajuntament de Sant Antoni de Portmany, Federaci\u00f3n Balear de Moton\u00e1utica, Ports IB, Es N\u00e0utic de Sant Antoni de Portmany, Club N\u00e1utico Ibiza y Repsol<\/p>\n<p><strong>ADMISI\u00d3N<\/strong><\/p>\n<p>El comit\u00e9 organizador se reserva el derecho de admisi\u00f3n de participantes en funci\u00f3n de las plazas que los diversos clubs y marinas de recalada ponen a disposici\u00f3n de la prueba.<\/p>\n<p><strong>CATEGOR\u00cdAS<\/strong><\/p>\n<p>Rally abierto a cualquier tipo de neum\u00e1tica a partir de 6 metros, que se agrupar\u00e1n en las siguientes categor\u00edas:<\/p>\n<ul>\n<li><strong>Cruising<\/strong><\/li>\n<\/ul>\n<p>Semirr\u00edgidas de estilo familiar o deportivo de serie y eslora m\u00ednima de 6 metros, con motores y h\u00e9lices de serie, con potencia m\u00e1xima de 300 CV homologada para la embarcaci\u00f3n y sin power lift. Deben contar con acomodamiento en cubierta enfocado al crucero, similar al que ofrece en su cat\u00e1logo, con asientos y detalles de confort como dinette o sol\u00e1rium.<\/p>\n<ul>\n<li><strong>Cruising Max<\/strong><\/li>\n<\/ul>\n<p>Semirr\u00edgidas de estilo familiar o deportivo de serie y eslora m\u00ednima de 6 metros, con motores y h\u00e9lices de serie, con potencia m\u00e1xima superior a los 300 CV, correspondiente a la homologada para la embarcaci\u00f3n. Deben contar con acomodamiento en cubierta enfocado al crucero, similar al que ofrece en su cat\u00e1logo, con asientos y detalles de confort como dinette o sol\u00e1rium.<\/p>\n<ul>\n<li><strong>Foxtrot <\/strong><\/li>\n<\/ul>\n<p>Semirr\u00edgidas deportivas, familiares o de altas prestaciones, con eslora m\u00ednima de 6 metros y preparaci\u00f3n libre, cuyas caracter\u00edsticas no se amolden a las otras categor\u00edas, a criterio del comit\u00e9 t\u00e9cnico.<\/p>\n<p><strong>\u00a0<\/strong><strong>PROGRAMA <\/strong><\/p>\n<p>El programa se presenta en la secci\u00f3n correspondiente de la web de la prueba. El Comit\u00e9 de Regatas se reserva el derecho a cambiar este programa. El programa definitivo ser\u00e1 entregado en el registro de participantes y detallado en la reuni\u00f3n de patrones previa a la salida de la prueba.<\/p>\n<p><strong>INSCRIPCI\u00d3N<\/strong><\/p>\n<p>Las solicitudes de preinscripci\u00f3n se deber\u00e1n realizar a trav\u00e9s del formulario web, accesible desde la p\u00e1gina web <a href=\"https:\/\/difusionnautica.com\/\">https:\/\/difusionnautica.com<\/a>. Las preinscripciones no se consideraran confirmadas hasta que no se hayan abonado los derechos correspondientes y la organizaci\u00f3n haya reconocido la admisi\u00f3n.<\/p>\n<p>Precio de inscripci\u00f3n:<\/p>\n<ul>\n<li><strong>180\u20ac <\/strong>+ IVA (21%) por persona.<\/li>\n<li>Sin coste adicional por barco. Mismo precio para el equipo en agua como para los acompa\u00f1antes por tierra.<\/li>\n<\/ul>\n<p>Los derechos de inscripci\u00f3n incluyen:<\/p>\n<ul>\n<li>Dos desayunos , dos comidas y dos cenas por persona.<\/li>\n<li>Bolsa del capit\u00e1n con camisetas y otros regalos.<\/li>\n<li>Amarre en los diversos puertos de recalada.<\/li>\n<li>Coordinaci\u00f3n de flota y seguridad con barco escoba.<\/li>\n<\/ul>\n<p><strong>\u00a0<\/strong>El pago de los derechos de inscripci\u00f3n se realizar\u00e1 mediante transferencia bancaria a la cuenta corriente:<\/p>\n<p style=\"text-align: center;\"><strong>Difusi\u00f3n N\u00e1utica S.L. \u2013 Banco Popular Espa\u00f1ol<\/strong><\/p>\n<p style=\"text-align: center;\"><strong>IBAN ES 55 0075 0002 2205 0511 1682 ,<\/strong><\/p>\n<p style=\"text-align: center;\"><strong>BIC CODE: POPUESMM<\/strong><\/p>\n<p style=\"text-align: center;\"><strong>Concepto: IB_N_R Y NOMBRE DE BARCO<\/strong><\/p>\n<p><strong>ALOJAMIENTO<\/strong><\/p>\n<p>Para consultar disponbilidad, precios y reservar habitaciones los participantes pueden ponerse en contacto con Maria Jurat, del Hotel Mitjorn, info@esmitjorn.com, Tel: 971 34 09 02.<\/p>\n<p><strong>CIERRE DE INSCRIPCIONES<\/strong><\/p>\n<p>Por cuestiones organizativas y log\u00edsticas obvias, como la reserva comidas, el comit\u00e9 necesita saber con un m\u00ednimo de tiempo de antelaci\u00f3n el n\u00famero de inscritos. Se establece as\u00ed un <strong>plazo para confirmar la inscripci\u00f3n que finaliza el 20 de MAYO<\/strong>. A partir de esta fecha el comit\u00e9 se reserva el derecho a aceptar inscripciones aplicando un recargo del 30%.<\/p>\n<p><strong>DOCUMENTACI\u00d3N<\/strong><\/p>\n<p>En el proceso de registro los participantes deber\u00e1n presentar copia de la documentaci\u00f3n de la embarcaci\u00f3n y firmar la hoja de salida. Se entregar\u00e1 una Hoja de Ruta a los participantes en el proceso de registro con el programa y detalle definitivo de las etapas. En caso de discrepancia entre este documento y la Hoja de Ruta prevaldr\u00e1 esta \u00faltima.<\/p>\n<p>El comit\u00e9 organizador se reserva el derecho a cambiar cualquier aspecto de este Anuncio que considere oportuno<\/p>\n<p><strong>SEGURIDAD<\/strong><\/p>\n<p>Todas los participantes deber\u00e1n de disponer del material m\u00ednimo de seguridad exigido. Se realizar\u00e1n comprobaciones previas a la salida.<\/p>\n<p>Cada equipo es responsable de llevar a bordo la cantidad de combustible necesaria para cubrir las etapas con margen suficiente por si el tiempo empeora y, en caso contrario, debe procurarse los posibles medios de rescate y remolque.<\/p>\n<p><strong>RESPONSABILIDAD<\/strong><\/p>\n<p>Todos los que participan en el IBIZA NAUTIC RAID, lo hacen bajo su responsabilidad. El Comit\u00e9 Organizador o cualquier Organismo involucrado en la organizaci\u00f3n del evento rechazan responsabilidad alguna por p\u00e9rdidas, da\u00f1os, lesiones o molestias que pudieran acaecer a personas o cosas, tanto en tierra como en mar, como consecuencia de la participaci\u00f3n.<\/p>\n<p>\u00a0<\/p>\n","protected":false},"excerpt":{"rendered":"<p>ANUNCIO DE LA PRUEBA IBIZA NAUTIC RAID &#8211; XVI RAID MOTON\u00c1UTICO DESCARGAR ANUNCIO DE LA PRUEBA EN PDF ANUNCIO DE LA PRUEBA MOTON\u00c1NUTICA V2 \u2013 02\/03\/2020 IBIZA NAUTIC RAID &#8211; RAID MOTON\u00c1UTICO XVI edici\u00f3n de la prueba n\u00e1utico deportiva para &hellip; <a href=\"https:\/\/legacy.100x100.net\/projects\/difusionautica\/ibiza-nautic-raid\/normativa\/\">Sigue leyendo <span class=\"meta-nav\">&rarr;<\/span><\/a><\/p>\n","protected":false},"author":1,"featured_media":0,"parent":3541,"menu_order":0,"comment_status":"closed","ping_status":"closed","template":"page_IBIZA_NAUTIC_RAID.php","meta":{"footnotes":""},"class_list":["post-3545","page","type-page","status-publish","hentry"],"aioseo_notices":[],"_links":{"self":[{"href":"https:\/\/legacy.100x100.net\/projects\/difusionautica\/wp-json\/wp\/v2\/pages\/3545","targetHints":{"allow":["GET"]}}],"collection":[{"href":"https:\/\/legacy.100x100.net\/projects\/difusionautica\/wp-json\/wp\/v2\/pages"}],"about":[{"href":"https:\/\/legacy.100x100.net\/projects\/difusionautica\/wp-json\/wp\/v2\/types\/page"}],"author":[{"embeddable":true,"href":"https:\/\/legacy.100x100.net\/projects\/difusionautica\/wp-json\/wp\/v2\/users\/1"}],"replies":[{"embeddable":true,"href":"https:\/\/legacy.100x100.net\/projects\/difusionautica\/wp-json\/wp\/v2\/comments?post=3545"}],"version-history":[{"count":0,"href":"https:\/\/legacy.100x100.net\/projects\/difusionautica\/wp-json\/wp\/v2\/pages\/3545\/revisions"}],"up":[{"embeddable":true,"href":"https:\/\/legacy.100x100.net\/projects\/difusionautica\/wp-json\/wp\/v2\/pages\/3541"}],"wp:attachment":[{"href":"https:\/\/legacy.100x100.net\/projects\/difusionautica\/wp-json\/wp\/v2\/media?parent=3545"}],"curies":[{"name":"wp","href":"https:\/\/api.w.org\/{rel}","templated":true}]}}