{"id":3024,"date":"2019-01-29T18:57:26","date_gmt":"2019-01-29T18:57:26","guid":{"rendered":"https:\/\/difusionnautica.com\/?page_id=3024"},"modified":"2023-11-08T14:02:22","modified_gmt":"2023-11-08T14:02:22","slug":"inscripcion","status":"publish","type":"page","link":"https:\/\/legacy.100x100.net\/projects\/difusionautica\/circuito-regatas-de-altura\/inscripcion\/","title":{"rendered":"Inscripci\u00f3n"},"content":{"rendered":"\n<p>Las embarcaciones que participen en el CIRCUITO DE REGATAS DE ALTURA disfrutar\u00e1n de los siguientes descuentos siempre y cuando realicen la reserva y el pago de forma agrupada y por adelantado del conjunto de regatas en las que tengan previsto participar.<\/p>\n<p>Descuentos aplicables:<\/p>\n<ul>\n<li>2 regatas: 15%<\/li>\n<li>3 regatas: 20%<\/li>\n<li>4 regatas: 25%<\/li>\n<\/ul>\n<p>La pol\u00edtica de descuentos por inscripci\u00f3n agrupada no es aplicable a la regata Rei en Jaume porque es la \u00fanica que no organiza directamente el Club N\u00e1utico Skipper.<\/p>\n<p>Los descuentos no son acumulables a otros particulares de cada regata<\/p>\n<p>\u00a0<\/p>\n","protected":false},"excerpt":{"rendered":"<p>Las embarcaciones que participen en el CIRCUITO DE REGATAS DE ALTURA disfrutar\u00e1n de los siguientes descuentos siempre y cuando realicen la reserva y el pago de forma agrupada y por adelantado del conjunto de regatas en las que tengan previsto &hellip; <a href=\"https:\/\/legacy.100x100.net\/projects\/difusionautica\/circuito-regatas-de-altura\/inscripcion\/\">Sigue leyendo <span class=\"meta-nav\">&rarr;<\/span><\/a><\/p>\n","protected":false},"author":1,"featured_media":0,"parent":3015,"menu_order":4,"comment_status":"closed","ping_status":"closed","template":"page_REGATAS-ALTURA.php","meta":{"footnotes":""},"class_list":["post-3024","page","type-page","status-publish","hentry"],"aioseo_notices":[],"_links":{"self":[{"href":"https:\/\/legacy.100x100.net\/projects\/difusionautica\/wp-json\/wp\/v2\/pages\/3024","targetHints":{"allow":["GET"]}}],"collection":[{"href":"https:\/\/legacy.100x100.net\/projects\/difusionautica\/wp-json\/wp\/v2\/pages"}],"about":[{"href":"https:\/\/legacy.100x100.net\/projects\/difusionautica\/wp-json\/wp\/v2\/types\/page"}],"author":[{"embeddable":true,"href":"https:\/\/legacy.100x100.net\/projects\/difusionautica\/wp-json\/wp\/v2\/users\/1"}],"replies":[{"embeddable":true,"href":"https:\/\/legacy.100x100.net\/projects\/difusionautica\/wp-json\/wp\/v2\/comments?post=3024"}],"version-history":[{"count":2,"href":"https:\/\/legacy.100x100.net\/projects\/difusionautica\/wp-json\/wp\/v2\/pages\/3024\/revisions"}],"predecessor-version":[{"id":9357,"href":"https:\/\/legacy.100x100.net\/projects\/difusionautica\/wp-json\/wp\/v2\/pages\/3024\/revisions\/9357"}],"up":[{"embeddable":true,"href":"https:\/\/legacy.100x100.net\/projects\/difusionautica\/wp-json\/wp\/v2\/pages\/3015"}],"wp:attachment":[{"href":"https:\/\/legacy.100x100.net\/projects\/difusionautica\/wp-json\/wp\/v2\/media?parent=3024"}],"curies":[{"name":"wp","href":"https:\/\/api.w.org\/{rel}","templated":true}]}}