{"id":3020,"date":"2019-01-29T18:55:30","date_gmt":"2019-01-29T18:55:30","guid":{"rendered":"https:\/\/difusionnautica.com\/?page_id=3020"},"modified":"2023-11-08T13:32:41","modified_gmt":"2023-11-08T13:32:41","slug":"clasificaciones","status":"publish","type":"page","link":"https:\/\/legacy.100x100.net\/projects\/difusionautica\/circuito-regatas-de-altura\/clasificaciones\/","title":{"rendered":"Clasificaciones"},"content":{"rendered":"\n<p>2023<\/p>\n<p>Ganador:\u00a0<strong>ENIGMA<\/strong>, Gran Soleil 44R, de Llu\u00eds Tort<\/p>\n<p><a href=\"https:\/\/difusionnautica.com\/wp-content\/uploads\/2023\/11\/CLASIFICACION-CIRCUITO-REGATA-ALTURA-2023_final.pdf\">Descargar clasificaci\u00f3n 2023<\/a><\/p>\n<hr \/>\n<p>2022<\/p>\n<p>Ganador: <strong>ENIGMA<\/strong>, Gran Soleil 44R, de Llu\u00eds Tort<\/p>\n<p><a href=\"https:\/\/difusionnautica.com\/wp-content\/uploads\/2022\/12\/clasificaciones-Circuito-Regatas-Altura-2022-1.pdf\">Descargar clasificaci\u00f3n 2022<\/a><\/p>\n<hr \/>\n<p>2021<\/p>\n<p>Ganador: <strong>DIABOLIC<\/strong>, Sun Fast 35, de Glenn de Brouwer<\/p>\n<p><a href=\"https:\/\/difusionnautica.com\/wp-content\/uploads\/2021\/09\/CLASIFICACIO\u0301N-FINAL-2021_2.pdf\">Descargar clasificaci\u00f3n 2021<\/a><\/p>\n<hr \/>\n<p>2020<\/p>\n<p>El Circuito de Regatas de Altura fue suspendido en 2020, pues debido a la pandemia del COVID, solo pudo organizarse una de las tres regatas previstas.<\/p>\n\n\n\n<hr \/>\n<p>2019<\/p>\n<p>Ganador: <strong>LAZY DOG<\/strong>, Grand Soleil 45, de Jesper Larsen<\/p>\n<p><a href=\"http:\/\/www.anambcn.org\/wp-content\/uploads\/2010\/10\/Clasificacion-CRA_3.pdf\">Descargar clasificaci\u00f3n 2019<\/a><\/p>\n<hr \/>\n<p>2018<\/p>\n<p>Ganador: <strong>DON&#8217;T ASK<\/strong>, First 50 de Alberto Fucale<\/p>\n<p><a href=\"https:\/\/difusionnautica.com\/wp-content\/uploads\/2019\/11\/CIRCUIT-ANAM_2018_CLASI_4.pdf\">Descargar clasificaci\u00f3n 2018<\/a><\/p>\n<hr \/>\n<p>2017<\/p>\n<p>Ganador: <strong>TRASGO<\/strong>, Sunrise 34 de Daniel Coronol.<\/p>\n<p><a href=\"https:\/\/difusionnautica.com\/wp-content\/uploads\/2019\/11\/CLASIFICACIONES-CRA-2017-1.pdf\">Descargar clasificaci\u00f3n 2017<\/a><\/p>\n<hr \/>\n<p>2016<\/p>\n<p>Ganador: <strong>AQUITAT III<\/strong>, Sun Odyssey 40 de C\u00e9sar Villegas<\/p>\n<p><a href=\"https:\/\/difusionnautica.com\/wp-content\/uploads\/2019\/11\/CLASIFICACIONES-CRA-2016.jpg\">Descargar clasificaci\u00f3n 2016<\/a><\/p>\n<hr \/>\n<p>2015<\/p>\n<p>Ganador: <strong>GALVANA<\/strong>, <span class=\"st\">Sparkmann &amp; Stephens 56&#8242;<\/span> de Borja Pella<\/p>\n<p><a href=\"https:\/\/difusionnautica.com\/wp-content\/uploads\/2019\/11\/CLASIFICACIONES-CRA-2015.jpg\">Descargar clasificaci\u00f3n 2015<\/a><\/p>\n<hr \/>\n<p>2014<\/p>\n<p>Ganador: <strong>AQUITAT III<\/strong>, Sun Odyssey 40 de C\u00e9sar Villegas<\/p>\n<p><a href=\"http:\/\/www.anambcn.org\/wp-content\/uploads\/2010\/10\/CLASIFICACIONES-CRA-2014.jpg\">Descargar clasificaci\u00f3n 2014<\/a><\/p>\n<hr \/>\n<p>2013<\/p>\n<p>Ganador: <strong>ASCATA TRES<\/strong>, Fortuna 12, de Yamandu Rodriguez<\/p>\n<p><a href=\"https:\/\/difusionnautica.com\/wp-content\/uploads\/2019\/11\/CLASIFICACIONES-CRA-2013.jpg\">Descargar clasificaci\u00f3n 2013<\/a><\/p>\n<hr \/>\n<p>2012<\/p>\n<p>Ganador: <strong>MISTER SWING<\/strong>, A40, de Antoni Subirana<\/p>\n<p><a href=\"https:\/\/difusionnautica.com\/wp-content\/uploads\/2019\/11\/CLASIFICACIONES-CRA-2012.jpg\">Descargar clasificaci\u00f3n 2012<\/a><\/p>\n<hr \/>\n<p>2011<\/p>\n<p>Ganador: <strong>THE BEST SKIPPER<\/strong>. Hanse 461, de Enrique Curt G\u00f3mez<\/p>\n<p><a href=\"https:\/\/difusionnautica.com\/wp-content\/uploads\/2019\/11\/CLASIFICACIONES-CRA-2011.jpg\">Descargar clasificaci\u00f3n 2011<\/a><\/p>\n<hr \/>\n<p>2010<\/p>\n<p>Ganador: <strong>EL PAPAN<\/strong>, Dufour 45 Performance, de Emilio C\u00f3rdoba<\/p>\n<p><a href=\"https:\/\/difusionnautica.com\/wp-content\/uploads\/2019\/11\/CLASIFICACIONES-CRA-2010.jpg\">Descargar clasificaci\u00f3n 2010<\/a><\/p>\n<hr \/>\n<p>2009<\/p>\n<p>Ganador: <strong>AIRON<\/strong>, Sun Odyssey 37, de Jordi Espejo<\/p>\n<p><a href=\"https:\/\/difusionnautica.com\/wp-content\/uploads\/2019\/11\/CLASIFICACIONES-CRA-2009.jpg\">Descargar clasificaci\u00f3n 2009<\/a><\/p>\n<hr \/>\n<p>2008<\/p>\n<p>Ganador: <strong>GROP, <\/strong>First 36, de Rom\u00edn Bigas<\/p>\n<p><a href=\"https:\/\/difusionnautica.com\/wp-content\/uploads\/2019\/11\/CLASIFICACIONES-CRA-2008.jpg\">Descargar clasificaci\u00f3n 2008<\/a><\/p>\n<hr \/>\n<p>2007<\/p>\n<p>Ganador: <strong>YATE VALE<\/strong>, First 40,7, de Jos\u00e9 Luis Maldonado<\/p>\n<p><a href=\"https:\/\/difusionnautica.com\/wp-content\/uploads\/2019\/11\/CLASIFICACIONES-CRA-2007.jpg\">Descargar clasificaci\u00f3n 2007<\/a><\/p>\n<hr \/>\n<p>2006<\/p>\n<p>Ganador: <strong>VARANO DEL DESIERTO<\/strong>, Sunfast 40, de Santiago Twose<\/p>\n<p><a href=\"https:\/\/difusionnautica.com\/wp-content\/uploads\/2019\/11\/CLASIFICACIONES-CRA-2006.jpg\">Descargar clasificaci\u00f3n 2006<\/a><\/p>\n","protected":false},"excerpt":{"rendered":"<p>2023 Ganador:\u00a0ENIGMA, Gran Soleil 44R, de Llu\u00eds Tort Descargar clasificaci\u00f3n 2023 2022 Ganador: ENIGMA, Gran Soleil 44R, de Llu\u00eds Tort Descargar clasificaci\u00f3n 2022 2021 Ganador: DIABOLIC, Sun Fast 35, de Glenn de Brouwer Descargar clasificaci\u00f3n 2021 2020 El Circuito de &hellip; <a href=\"https:\/\/legacy.100x100.net\/projects\/difusionautica\/circuito-regatas-de-altura\/clasificaciones\/\">Sigue leyendo <span class=\"meta-nav\">&rarr;<\/span><\/a><\/p>\n","protected":false},"author":1,"featured_media":3656,"parent":3015,"menu_order":2,"comment_status":"closed","ping_status":"closed","template":"page_REGATAS-ALTURA.php","meta":{"footnotes":""},"class_list":["post-3020","page","type-page","status-publish","has-post-thumbnail","hentry"],"aioseo_notices":[],"_links":{"self":[{"href":"https:\/\/legacy.100x100.net\/projects\/difusionautica\/wp-json\/wp\/v2\/pages\/3020","targetHints":{"allow":["GET"]}}],"collection":[{"href":"https:\/\/legacy.100x100.net\/projects\/difusionautica\/wp-json\/wp\/v2\/pages"}],"about":[{"href":"https:\/\/legacy.100x100.net\/projects\/difusionautica\/wp-json\/wp\/v2\/types\/page"}],"author":[{"embeddable":true,"href":"https:\/\/legacy.100x100.net\/projects\/difusionautica\/wp-json\/wp\/v2\/users\/1"}],"replies":[{"embeddable":true,"href":"https:\/\/legacy.100x100.net\/projects\/difusionautica\/wp-json\/wp\/v2\/comments?post=3020"}],"version-history":[{"count":1,"href":"https:\/\/legacy.100x100.net\/projects\/difusionautica\/wp-json\/wp\/v2\/pages\/3020\/revisions"}],"predecessor-version":[{"id":9347,"href":"https:\/\/legacy.100x100.net\/projects\/difusionautica\/wp-json\/wp\/v2\/pages\/3020\/revisions\/9347"}],"up":[{"embeddable":true,"href":"https:\/\/legacy.100x100.net\/projects\/difusionautica\/wp-json\/wp\/v2\/pages\/3015"}],"wp:featuredmedia":[{"embeddable":true,"href":"https:\/\/legacy.100x100.net\/projects\/difusionautica\/wp-json\/wp\/v2\/media\/3656"}],"wp:attachment":[{"href":"https:\/\/legacy.100x100.net\/projects\/difusionautica\/wp-json\/wp\/v2\/media?parent=3020"}],"curies":[{"name":"wp","href":"https:\/\/api.w.org\/{rel}","templated":true}]}}