{"id":286,"date":"2013-04-02T14:36:52","date_gmt":"2013-04-02T14:36:52","guid":{"rendered":"https:\/\/difusionnautica.com\/?page_id=286"},"modified":"2019-06-06T12:35:49","modified_gmt":"2019-06-06T12:35:49","slug":"anuncio-de-la-regata","status":"publish","type":"page","link":"https:\/\/legacy.100x100.net\/projects\/difusionautica\/vuelta-a-mallorca\/anuncio-de-la-regata\/","title":{"rendered":"Anuncio del Raid Moton\u00e1utico Vuelta Mallorca 2019"},"content":{"rendered":"<div class=\"page\" title=\"Page 1\">\n<div class=\"layoutArea\">\n<div class=\"column\">\n<div class=\"page\" title=\"Page 1\">\n<div class=\"layoutArea\">\n<div class=\"column\">\n<hr \/>\n<h4><strong style=\"font-size: 2.4em;\">EL RAID<\/strong><\/h4>\n<\/div>\n<p><strong>EL RAID MOTON\u00c1UTICO &#8211; VUELTA A MALLORCA<\/strong> es una prueba n\u00e1utico deportiva para\u00a0embarcaciones neum\u00e1ticas y motos de agua\u00a0autorizada por la Real Federaci\u00f3n Espa\u00f1ola de Moton\u00e1utica y por la Federaci\u00f3n Balear de Moton\u00e1utica.<\/p>\n<p><a href=\"https:\/\/difusionnautica.com\/wp-content\/uploads\/2019\/06\/ANUNCIO-RM19_tr1.pdf\">VER ANUNCIO RALLY MOTON\u00c1UTICO VUELTA A MALLORCA &#8211; PDF<\/a><\/p>\n<\/div>\n<div class=\"layoutArea\">\n<div class=\"sep\"><\/div>\n<div class=\"column\"><\/div>\n<\/div>\n<\/div>\n<\/div>\n<\/div>\n<\/div>\n","protected":false},"excerpt":{"rendered":"<p>EL RAID EL RAID MOTON\u00c1UTICO &#8211; VUELTA A MALLORCA es una prueba n\u00e1utico deportiva para\u00a0embarcaciones neum\u00e1ticas y motos de agua\u00a0autorizada por la Real Federaci\u00f3n Espa\u00f1ola de Moton\u00e1utica y por la Federaci\u00f3n Balear de Moton\u00e1utica. VER ANUNCIO RALLY MOTON\u00c1UTICO VUELTA A &hellip; <a href=\"https:\/\/legacy.100x100.net\/projects\/difusionautica\/vuelta-a-mallorca\/anuncio-de-la-regata\/\">Sigue leyendo <span class=\"meta-nav\">&rarr;<\/span><\/a><\/p>\n","protected":false},"author":6,"featured_media":0,"parent":14,"menu_order":1,"comment_status":"closed","ping_status":"closed","template":"page_RAID.php","meta":{"footnotes":""},"class_list":["post-286","page","type-page","status-publish","hentry"],"aioseo_notices":[],"_links":{"self":[{"href":"https:\/\/legacy.100x100.net\/projects\/difusionautica\/wp-json\/wp\/v2\/pages\/286","targetHints":{"allow":["GET"]}}],"collection":[{"href":"https:\/\/legacy.100x100.net\/projects\/difusionautica\/wp-json\/wp\/v2\/pages"}],"about":[{"href":"https:\/\/legacy.100x100.net\/projects\/difusionautica\/wp-json\/wp\/v2\/types\/page"}],"author":[{"embeddable":true,"href":"https:\/\/legacy.100x100.net\/projects\/difusionautica\/wp-json\/wp\/v2\/users\/6"}],"replies":[{"embeddable":true,"href":"https:\/\/legacy.100x100.net\/projects\/difusionautica\/wp-json\/wp\/v2\/comments?post=286"}],"version-history":[{"count":0,"href":"https:\/\/legacy.100x100.net\/projects\/difusionautica\/wp-json\/wp\/v2\/pages\/286\/revisions"}],"up":[{"embeddable":true,"href":"https:\/\/legacy.100x100.net\/projects\/difusionautica\/wp-json\/wp\/v2\/pages\/14"}],"wp:attachment":[{"href":"https:\/\/legacy.100x100.net\/projects\/difusionautica\/wp-json\/wp\/v2\/media?parent=286"}],"curies":[{"name":"wp","href":"https:\/\/api.w.org\/{rel}","templated":true}]}}