{"id":2671,"date":"2018-06-02T08:51:10","date_gmt":"2018-06-02T08:51:10","guid":{"rendered":"https:\/\/difusionnautica.com\/?page_id=2671"},"modified":"2018-06-02T08:51:10","modified_gmt":"2018-06-02T08:51:10","slug":"politica-de-privacidad","status":"publish","type":"page","link":"https:\/\/legacy.100x100.net\/projects\/difusionautica\/politica-de-privacidad\/","title":{"rendered":"Pol\u00edtica de Privacidad"},"content":{"rendered":"<p><strong>Responsable: DIFUSI\u00d3N N\u00c1UTICA, S.A.<\/strong><br \/>\nFinalidad: La atenci\u00f3n de solicitudes de diversa \u00edndole por parte del Usuario<br \/>\nLegitimaci\u00f3n: Consentimiento del interesado y obligaci\u00f3n sobre la relaci\u00f3n contractual.<br \/>\nDestinatarios: Otras empresas del grupo. Encargados de Tratamiento dentro o fuera de la UE, acogido a \u201cPrivacyShield\u201d<br \/>\nDerechos: Acceder, rectificar y suprimir los datos, as\u00ed como otros derechos, como se explica en la informaci\u00f3n adicional +info\u2026<br \/>\n2. INFORMACI\u00d3N ADICIONAL<br \/>\nLas presente Pol\u00edtica de Protecci\u00f3n de datos regula el tratamiento de datos personales facilitados por el Usuario a trav\u00e9s del portal de Internet (en adelante, el \u201cPortal\u201d) que DIFUSI\u00d3N NA\u00daTICA, S.A. pone a disposici\u00f3n de los usuarios de Internet. La presente Pol\u00edtica forma parte integrante del\u00a0Aviso Legal\u00a0accesible en todo momento desde el Portal.<br \/>\nEl Usuario garantiza que los datos aportados son verdaderos, exactos, completos y actualizados, siendo responsable de cualquier da\u00f1o o perjuicio, directo o indirecto, que pudiera ocasionarse como consecuencia del incumplimiento de tal obligaci\u00f3n. En el caso de que los datos aportados pertenecieran a un tercero, el Usuario garantiza que ha informado a dicho tercero de los aspectos contenidos en este documento y obtenido su autorizaci\u00f3n para facilitar sus datos a DIFUSI\u00d3N NA\u00daTICA, S.A. para los fines se\u00f1alados.<br \/>\nCon objeto de ofrecer informaci\u00f3n o servicios de inter\u00e9s en funci\u00f3n de la localizaci\u00f3n del Usuario, DIFUSI\u00d3N NA\u00daTICA, S.A. podr\u00e1 acceder a datos relativos a la geolocalizaci\u00f3n del dispositivo del Usuario, en aquellos casos en que la configuraci\u00f3n del usuario al efecto as\u00ed lo permita.<br \/>\nA efectos de seguridad t\u00e9cnica y diagn\u00f3stico de sistemas, de forma anonimizada o agregada, DIFUSI\u00d3N NA\u00daTICA, S.A. podr\u00e1 registrar la direcci\u00f3n IP (n\u00famero de identificaci\u00f3n del acceso a Internet del dispositivo, que permite a los dispositivos, sistemas y servidores reconocerse y comunicarse entre s\u00ed). Dicha informaci\u00f3n podr\u00e1 ser tambi\u00e9n empleada con finalidades anal\u00edticas de rendimiento web.<br \/>\n2.1.\u00bfQUI\u00c9N ES EL RESPONSABLE DEL TRATAMIENTO DE LOS DATOS PERSONALES DEL USUARIO?<br \/>\nIdentidad:\u00a0DIFUSI\u00d3N NA\u00daTICA, S.A. es una sociedad espa\u00f1ola inscrita en el Registro Mercantil de Barcelona, Tomo xxxx, Folio XXX, Folio XXX, Hoja n\u00fam. XXX, inscripci\u00f3n 8\u00aa, con n\u00famero de CIF A-58599770.<br \/>\nDirecci\u00f3n postal:\u00a0Carrer del Consell de Cent, 398\u00a008009Barcelona<br \/>\nTel\u00e9fono:\u00a0933 180 101<br \/>\nFax:\u00a0933 183 505<br \/>\nCorreo electr\u00f3nico:\u00a0curt@curtediciones.com<br \/>\n2.2. \u00bfCon qu\u00e9 finalidad tratamos los datos personales del Usuario?<br \/>\nDIFUSI\u00d3N NA\u00daTICA, S.A. trata la informaci\u00f3n facilitada por el Usuario con el fin de atender las solicitudes de diversa \u00edndole llevadas a cabo por parte de este. En funci\u00f3n de la naturaleza de la solicitud, la finalidad perseguir\u00e1 la gesti\u00f3n de:<br \/>\na. Consultas y solicitudes de propuestas, (RFP) remitidas a trav\u00e9s del formulario de contacto habilitado al efecto.<br \/>\nb. Comunicaciones a trav\u00e9s de Newsletters.<br \/>\nc. Suscripciones a diferentes webs del grupo: Regatas DIFUSI\u00d3N, Regatas ANAM.<br \/>\nd. Comunicaciones electr\u00f3nicas de naturaleza informativa, de acuerdo con sus intereses.<br \/>\nDIFUSI\u00d3N NA\u00daTICA, S.A. podr\u00e1 elaborar un perfil comercial, con base en la informaci\u00f3n facilitada. No se tomar\u00e1n decisiones automatizadas con base en dicho perfil.<br \/>\nEn el supuesto de que el Usuario se registre en el Portal a trav\u00e9s del login social, DIFUSI\u00d3N NA\u00daTICA, S.A. \u00fanicamente acceder\u00e1 a los datos personales del Usuario para los que haya prestado su consentimiento durante la configuraci\u00f3n del acceso de la red social de que se trate. Cualquier informaci\u00f3n facilitada en conexi\u00f3n con dichas aplicaciones sociales podr\u00eda ser accedida por miembros de la correspondiente red social, dichas interacciones se regir\u00e1n por las pol\u00edticas de privacidad de las entidades prestadoras de los servicios. DIFUSI\u00d3N NA\u00daTICA, S.A.no dispone de ning\u00fan control ni responsabilidad respecto de dichas entidades o del uso que realicen de la informaci\u00f3n del usuario.<br \/>\n2.2.1. INFORMACI\u00d3N ACERCA DEL TRATAMIENTO DE DATOS PARA ENV\u00cdO DE COMUNICACIONES DESDE DIFUSI\u00d3N NA\u00daTICA, S.A.<br \/>\nLos datos empleados, o facilitados, en las comunicaciones informativas y\/o promocionales son tratados por DIFUSI\u00d3N NA\u00daTICA, S.A. para finalidades consistentes en el env\u00edo electr\u00f3nico de informaci\u00f3n y comunicaciones sobre servicios, actividades, publicaciones y acontecimientos y profesionales de DIFUSI\u00d3N NA\u00daTICA, S.A. o del seguimiento y optimizaci\u00f3n de las campa\u00f1as de marketing realizadas mediante tecnolog\u00edas al efecto; y la elaboraci\u00f3n de perfiles con finalidades comerciales.<br \/>\nEl consentimiento para el env\u00edo de dichas comunicaciones podr\u00e1 ser revocado en todo momento en cada una de las comunicaciones recibidas mediante el mecanismo habilitado al efecto.<br \/>\nEl criterio de conservaci\u00f3n de los datos tendr\u00e1 base en la manifestaci\u00f3n contraria al tratamiento por su parte. En todo caso, Podr\u00e1 ejercer los derechos de acceso, rectificaci\u00f3n, limitaci\u00f3n, supresi\u00f3n, portabilidad y oposici\u00f3n, dirigiendo su petici\u00f3n a la direcci\u00f3n postal indicada m\u00e1s arriba o bien a trav\u00e9s de correo electr\u00f3nico curt@curtediciones.com.<br \/>\n2.3. \u00bfPOR CU\u00c1NTO TIEMPO CONSERVAREMOS LOS DATOS PERSONALES DEL USUARIO?<br \/>\nCon car\u00e1cter general, los datos personales proporcionados se conservar\u00e1n durante el tiempo necesario para atender la solicitud del Usuario o mientras no se solicite su supresi\u00f3n por el Usuario.<br \/>\n2.4. \u00bfCU\u00c1L ES LA LEGITIMACI\u00d3N PARA EL TRATAMIENTO DE LOS DATOS PERSONALES DEL USUARIO?<br \/>\nLa base legal para el tratamiento de los datos es la legitimaci\u00f3n por consentimiento expreso del Usuario y la relaci\u00f3n contractual en el momento de la compra de la revista o de la suscripci\u00f3n.<br \/>\n2.5. \u00bfA QU\u00c9 DESTINATARIOS SE COMUNICAR\u00c1N LOS DATOS PERSONALES DEL USUARIO?<br \/>\nEn aquellos casos en que la solicitud del Usuario as\u00ed lo justifique los datos identificativos podr\u00e1n facilitarse a encargados del tratamiento DIFUSI\u00d3N NA\u00daTICA, S.A.<br \/>\nAs\u00ed mismo, los datos podr\u00e1n ser cedidos a administraciones y organismos p\u00fablicos para el cumplimiento de obligaciones directamente exigibles a DIFUSI\u00d3N NA\u00daTICA, S.A..<br \/>\n2.6. \u00bfCU\u00c1LES SON LOS DERECHOS DEL USUARIO CUANDO NOS FACILITA SUS DATOS PERSONALES?<br \/>\nEl Usuario tiene derecho a obtener confirmaci\u00f3n sobre si DIFUSI\u00d3N NA\u00daTICA, S.A. trata datos personales que le conciernen, as\u00ed como a acceder a sus datos personales, solicitar la rectificaci\u00f3n de los datos inexactos o, en su caso, solicitar su supresi\u00f3n cuando, entre otros motivos, los datos ya no sean necesarios para los fines que fueron recogidos.<br \/>\nEn determinadas circunstancias, el Usuario podr\u00e1 solicitar la limitaci\u00f3n del tratamiento de sus datos, en cuyo caso \u00fanicamente se conservar\u00e1n para el ejercicio o la defensa de reclamaciones.<br \/>\nEn determinadas circunstancias y por motivos relacionados con su situaci\u00f3n particular, el Usuario podr\u00e1 oponerse al tratamiento de sus datos. DIFUSI\u00d3N NA\u00daTICA, S.A. cesar\u00e1 en el tratamiento de los datos, salvo por motivos leg\u00edtimos imperiosos, o el ejercicio o la defensa de posibles reclamaciones.<br \/>\nEl Usuario podr\u00e1 plantear las cuestiones que considere en relaci\u00f3n a la presente Pol\u00edtica as\u00ed como ejercer sus derechos en los t\u00e9rminos legalmente previstos debiendo para ello dirigir una comunicaci\u00f3n mediante correo postal a: DIFUSI\u00d3N NA\u00daTICA, S.A., Carrer del Consell de Cent, 398\u00a008009Barcelona, o correo electr\u00f3nico a: curt@curtediciones.comcon indicaci\u00f3n de la solicitud correspondiente y acompa\u00f1ado de copia del DNI o documento acreditativo de la identidad.<\/p>\n","protected":false},"excerpt":{"rendered":"<p>Responsable: DIFUSI\u00d3N N\u00c1UTICA, S.A. Finalidad: La atenci\u00f3n de solicitudes de diversa \u00edndole por parte del Usuario Legitimaci\u00f3n: Consentimiento del interesado y obligaci\u00f3n sobre la relaci\u00f3n contractual. Destinatarios: Otras empresas del grupo. Encargados de Tratamiento dentro o fuera de la UE, &hellip; <a href=\"https:\/\/legacy.100x100.net\/projects\/difusionautica\/politica-de-privacidad\/\">Sigue leyendo <span class=\"meta-nav\">&rarr;<\/span><\/a><\/p>\n","protected":false},"author":1,"featured_media":0,"parent":0,"menu_order":0,"comment_status":"closed","ping_status":"closed","template":"legales.php","meta":{"footnotes":""},"class_list":["post-2671","page","type-page","status-publish","hentry"],"aioseo_notices":[],"_links":{"self":[{"href":"https:\/\/legacy.100x100.net\/projects\/difusionautica\/wp-json\/wp\/v2\/pages\/2671","targetHints":{"allow":["GET"]}}],"collection":[{"href":"https:\/\/legacy.100x100.net\/projects\/difusionautica\/wp-json\/wp\/v2\/pages"}],"about":[{"href":"https:\/\/legacy.100x100.net\/projects\/difusionautica\/wp-json\/wp\/v2\/types\/page"}],"author":[{"embeddable":true,"href":"https:\/\/legacy.100x100.net\/projects\/difusionautica\/wp-json\/wp\/v2\/users\/1"}],"replies":[{"embeddable":true,"href":"https:\/\/legacy.100x100.net\/projects\/difusionautica\/wp-json\/wp\/v2\/comments?post=2671"}],"version-history":[{"count":0,"href":"https:\/\/legacy.100x100.net\/projects\/difusionautica\/wp-json\/wp\/v2\/pages\/2671\/revisions"}],"wp:attachment":[{"href":"https:\/\/legacy.100x100.net\/projects\/difusionautica\/wp-json\/wp\/v2\/media?parent=2671"}],"curies":[{"name":"wp","href":"https:\/\/api.w.org\/{rel}","templated":true}]}}