{"id":25,"date":"2013-04-26T20:18:38","date_gmt":"2013-04-26T20:18:38","guid":{"rendered":"https:\/\/difusionnautica.com\/?page_id=25"},"modified":"2018-05-17T17:27:37","modified_gmt":"2018-05-17T17:27:37","slug":"pre-inscripcion","status":"publish","type":"page","link":"https:\/\/legacy.100x100.net\/projects\/difusionautica\/ii-regata-sitges-ciutadella\/espacio-participantes\/pre-inscripcion\/","title":{"rendered":"Pre-Inscripci\u00f3n"},"content":{"rendered":"\n<div class=\"wpcf7 no-js\" id=\"wpcf7-f2620-o1\" lang=\"es-ES\" dir=\"ltr\" data-wpcf7-id=\"2620\">\n<div class=\"screen-reader-response\"><p role=\"status\" aria-live=\"polite\" aria-atomic=\"true\"><\/p> <ul><\/ul><\/div>\n<form action=\"\/projects\/difusionautica\/wp-json\/wp\/v2\/pages\/25#wpcf7-f2620-o1\" method=\"post\" class=\"wpcf7-form init\" aria-label=\"Formulario de contacto\" novalidate=\"novalidate\" data-status=\"init\">\n<fieldset class=\"hidden-fields-container\"><input type=\"hidden\" name=\"_wpcf7\" value=\"2620\" \/><input type=\"hidden\" name=\"_wpcf7_version\" value=\"6.1.5\" \/><input type=\"hidden\" name=\"_wpcf7_locale\" value=\"es_ES\" \/><input type=\"hidden\" name=\"_wpcf7_unit_tag\" value=\"wpcf7-f2620-o1\" \/><input type=\"hidden\" name=\"_wpcf7_container_post\" value=\"0\" \/><input type=\"hidden\" name=\"_wpcf7_posted_data_hash\" value=\"\" \/>\n<\/fieldset>\n<div class=\"row\">\n\t<div class=\"col-xs-6 form-group\">\n\t\t<p><label for=\"nombreyate\">Nombre del yate<span class=\"obligatorio\"> *<\/span><\/label><br \/>\n<span class=\"wpcf7-form-control-wrap\" data-name=\"nom-velero\"><input size=\"40\" maxlength=\"400\" class=\"wpcf7-form-control wpcf7-text wpcf7-validates-as-required form form-control\" id=\"nombreyate\" aria-required=\"true\" aria-invalid=\"false\" value=\"\" type=\"text\" name=\"nom-velero\" \/><\/span>\n\t\t<\/p>\n\t<\/div>\n\t<div class=\"col-xs-6 form-group\">\n\t\t<p><label for=\"marca\">Marca y Modelo<\/label><br \/>\n<span class=\"wpcf7-form-control-wrap\" data-name=\"marcamodelo\"><input size=\"40\" maxlength=\"400\" class=\"wpcf7-form-control wpcf7-text form form-control\" id=\"marca\" aria-invalid=\"false\" value=\"\" type=\"text\" name=\"marcamodelo\" \/><\/span>\n\t\t<\/p>\n\t<\/div>\n<\/div>\n<div class=\"row\">\n\t<div class=\"col-xs-2 form-group\">\n\t\t<p><label for=\"eslora\">Eslora (metros)<\/label><br \/>\n<span class=\"wpcf7-form-control-wrap\" data-name=\"Eslora\"><input size=\"40\" maxlength=\"400\" class=\"wpcf7-form-control wpcf7-text form form-control\" id=\"eslora\" aria-invalid=\"false\" value=\"\" type=\"text\" name=\"Eslora\" \/><\/span>\n\t\t<\/p>\n\t<\/div>\n\t<div class=\"col-xs-2 form-group\">\n\t\t<p><label for=\"manga\">Manga (metros)<\/label><br \/>\n<span class=\"wpcf7-form-control-wrap\" data-name=\"manga\"><input size=\"40\" maxlength=\"400\" class=\"wpcf7-form-control wpcf7-text form form-control\" id=\"manga\" aria-invalid=\"false\" value=\"\" type=\"text\" name=\"manga\" \/><\/span>\n\t\t<\/p>\n\t<\/div>\n\t<div class=\"col-xs-2 form-group\">\n\t\t<p><label for=\"calado\">Calado (metros)<\/label><br \/>\n<span class=\"wpcf7-form-control-wrap\" data-name=\"calado\"><input size=\"40\" maxlength=\"400\" class=\"wpcf7-form-control wpcf7-text form form-control\" id=\"calado\" aria-invalid=\"false\" value=\"\" type=\"text\" name=\"calado\" \/><\/span>\n\t\t<\/p>\n\t<\/div>\n\t<div class=\"col-xs-2 form-group\">\n\t\t<p><label for=\"anodiseno\">A\u00f1o de dise\u00f1o<\/label><br \/>\n<span class=\"wpcf7-form-control-wrap\" data-name=\"designyear\"><input size=\"40\" maxlength=\"400\" class=\"wpcf7-form-control wpcf7-text form form-control\" aria-invalid=\"false\" value=\"\" type=\"text\" name=\"designyear\" \/><\/span>\n\t\t<\/p>\n\t<\/div>\n\t<div class=\"col-xs-2 form-group\">\n\t\t<p><label for=\"vela\">N\u00ba de Vela<\/label><br \/>\n<span class=\"wpcf7-form-control-wrap\" data-name=\"nvela\"><input size=\"40\" maxlength=\"400\" class=\"wpcf7-form-control wpcf7-text form form-control\" id=\"vela\" aria-invalid=\"false\" value=\"\" type=\"text\" name=\"nvela\" \/><\/span>\n\t\t<\/p>\n\t<\/div>\n<\/div>\n<div class=\"row\">\n\t<div class=\"col-xs-6 form-group\">\n\t\t<p><label for=\"club\">Club<\/label><br \/>\n<span class=\"wpcf7-form-control-wrap\" data-name=\"club\"><input size=\"40\" maxlength=\"400\" class=\"wpcf7-form-control wpcf7-text form form-control\" id=\"club\" aria-invalid=\"false\" value=\"\" type=\"text\" name=\"club\" \/><\/span>\n\t\t<\/p>\n\t<\/div>\n\t<div class=\"col-xs-6 form-group\">\n\t\t<p><label for=\"bandera\">Bandera<\/label><br \/>\n<span class=\"wpcf7-form-control-wrap\" data-name=\"bandera\"><input size=\"40\" maxlength=\"400\" class=\"wpcf7-form-control wpcf7-text form form-control\" id=\"bandera\" aria-invalid=\"false\" value=\"\" type=\"text\" name=\"bandera\" \/><\/span>\n\t\t<\/p>\n\t<\/div>\n<\/div>\n<h2>TRIPULACI\u00d3N\n<\/h2>\n<div class=\"row\">\n\t<div class=\"col-xs-12 form-group\">\n\t\t<p><label for=\"armador\">Propietario o disponente del yate<\/label><br \/>\n<span class=\"wpcf7-form-control-wrap\" data-name=\"nom-armador\"><input size=\"40\" maxlength=\"400\" class=\"wpcf7-form-control wpcf7-text form form-control\" id=\"armador\" aria-invalid=\"false\" value=\"\" type=\"text\" name=\"nom-armador\" \/><\/span>\n\t\t<\/p>\n\t<\/div>\n<\/div>\n<div class=\"row\">\n\t<div class=\"col-xs-8 form-group\">\n\t\t<p><label for=\"patron\">Nombre del Patr\u00f3n<\/label><br \/>\n<span class=\"wpcf7-form-control-wrap\" data-name=\"nom-patron\"><input size=\"40\" maxlength=\"400\" class=\"wpcf7-form-control wpcf7-text form form-control\" id=\"patron\" aria-invalid=\"false\" value=\"\" type=\"text\" name=\"nom-patron\" \/><\/span>\n\t\t<\/p>\n\t<\/div>\n\t<div class=\"col-xs-4 form-group\">\n\t\t<p><label for=\"tripulantes\">N\u00famero de tripulantes<\/label><br \/>\n<span class=\"wpcf7-form-control-wrap\" data-name=\"numerotripulantes\"><input class=\"wpcf7-form-control wpcf7-number wpcf7-validates-as-number form form-control\" id=\"tripulantes\" min=\"1\" max=\"12\" aria-invalid=\"false\" value=\"btn_ntripulantes\" type=\"number\" name=\"numerotripulantes\" \/><\/span>\n\t\t<\/p>\n\t<\/div>\n<\/div>\n<div class=\"row\">\n\t<div class=\"col-xs-10 form-group\" id=\"ntripulantes\">\n\t<\/div>\n<\/div>\n<h2>SISTEMA RATING\n<\/h2>\n<div class=\"row\">\n\t<div class=\"col-sm-5 col-md-4 col-lg-3 form-group\">\n\t\t<p><label for=\"sitemarating\">Sistema rating<\/label><br \/>\n<span class=\"wpcf7-form-control-wrap\" data-name=\"sistemarating\"><select class=\"wpcf7-form-control wpcf7-select form-control\" id=\"sitemarating\" aria-invalid=\"false\" name=\"sistemarating\"><option value=\"ORC\">ORC<\/option><option value=\"ORC ESTIMADO\">ORC ESTIMADO<\/option><\/select><\/span>\n\t\t<\/p>\n\t<\/div>\n<\/div>\n<h2>CATEGOR\u00cdAS\n<\/h2>\n<div class=\"row\">\n\t<div class=\"col-sm-6 col-md-4 col-lg-4 form-group\">\n\t\t<p><label for=\"seguntripulacion\">Segun tripulaci\u00f3n<\/label><br \/>\n<span class=\"wpcf7-form-control-wrap\" data-name=\"categoriaseguntripulacion\"><select class=\"wpcf7-form-control wpcf7-select form-control\" id=\"seguntripulacion\" aria-invalid=\"false\" name=\"categoriaseguntripulacion\"><option value=\"TRIP COMPLETA\">TRIP COMPLETA<\/option><option value=\"A2\">A2<\/option><option value=\"SOLITARIO\">SOLITARIO<\/option><option value=\"TRAINING\">TRAINING<\/option><\/select><\/span>\n\t\t<\/p>\n\t<\/div>\n<\/div>\n<h2>DATOS DE CONTACTO\n<\/h2>\n<div class=\"row\">\n\t<div class=\"col-xs-6 col-sm-5 col-md-4 col-lg-4 form-group\">\n\t\t<p><label for=\"solicitante\">Nombre Solicitante<span class=\"obligatorio\"> *<\/span><\/label><br \/>\n<span class=\"wpcf7-form-control-wrap\" data-name=\"nom-solicitante\"><input size=\"40\" maxlength=\"400\" class=\"wpcf7-form-control wpcf7-text wpcf7-validates-as-required form form-control\" id=\"solicitante\" aria-required=\"true\" aria-invalid=\"false\" value=\"\" type=\"text\" name=\"nom-solicitante\" \/><\/span>\n\t\t<\/p>\n\t<\/div>\n\t<div class=\"col-xs-6 col-sm-5 col-md-4 col-lg-4 form-group\">\n\t\t<p><label for=\"email\">E-mail<span class=\"obligatorio\"> *<\/span><\/label><br \/>\n<span class=\"wpcf7-form-control-wrap\" data-name=\"email\"><input size=\"40\" maxlength=\"400\" class=\"wpcf7-form-control wpcf7-email wpcf7-validates-as-required wpcf7-text wpcf7-validates-as-email form form-control\" id=\"email\" aria-required=\"true\" aria-invalid=\"false\" value=\"\" type=\"email\" name=\"email\" \/><\/span>\n\t\t<\/p>\n\t<\/div>\n<\/div>\n<div class=\"row\">\n\t<div class=\"col-xs-6 col-sm-5 col-md-4 col-lg-4 form-group\">\n\t\t<p><label for=\"telefono\">Tel\u00e9fono de contacto<\/label><br \/>\n<span class=\"wpcf7-form-control-wrap\" data-name=\"telefono\"><input size=\"40\" maxlength=\"400\" class=\"wpcf7-form-control wpcf7-tel wpcf7-text wpcf7-validates-as-tel form form-control\" id=\"telefono\" aria-invalid=\"false\" value=\"\" type=\"tel\" name=\"telefono\" \/><\/span>\n\t\t<\/p>\n\t<\/div>\n<\/div>\n<div class=\"row\">\n\t<div class=\"col-xs-6 col-sm-5 col-md-4 col-lg-3 form-group\">\n\t\t<p><label for=\"domicilio\">Domicilio<\/label><br \/>\n<span class=\"wpcf7-form-control-wrap\" data-name=\"adreca\"><input size=\"40\" maxlength=\"400\" class=\"wpcf7-form-control wpcf7-text form form-control\" id=\"domicilio\" aria-invalid=\"false\" value=\"\" type=\"text\" name=\"adreca\" \/><\/span>\n\t\t<\/p>\n\t<\/div>\n\t<p><label for=\"codpostal\">C\u00f3digo Postal<\/label><br \/>\n<span class=\"wpcf7-form-control-wrap\" data-name=\"codpostal\"><input size=\"40\" maxlength=\"4\" minlength=\"4\" class=\"wpcf7-form-control wpcf7-text form form-control\" id=\"codpostal\" aria-invalid=\"false\" value=\"\" type=\"text\" name=\"codpostal\" \/><\/span>\n\t<\/p>\n<\/div>\n<div class=\"row\">\n\t<div class=\"col-xs-4 col-md-3\">\n\t\t<p><label for=\"poblacion\">Poblaci\u00f3n<\/label><br \/>\n<span class=\"wpcf7-form-control-wrap\" data-name=\"poblacion\"><input size=\"40\" maxlength=\"400\" class=\"wpcf7-form-control wpcf7-text form form-control\" id=\"poblacion\" aria-invalid=\"false\" value=\"\" type=\"text\" name=\"poblacion\" \/><\/span>\n\t\t<\/p>\n\t<\/div>\n\t<div class=\"col-xs-4 col-md-3\">\n\t\t<p><label for=\"provincia\">Provincia<\/label><br \/>\n<span class=\"wpcf7-form-control-wrap\" data-name=\"provincia\"><input size=\"40\" maxlength=\"400\" class=\"wpcf7-form-control wpcf7-text form form-control\" id=\"provincia\" aria-invalid=\"false\" value=\"\" type=\"text\" name=\"provincia\" \/><\/span>\n\t\t<\/p>\n\t<\/div>\n\t<div class=\"col-xs-4 col-md-3\">\n\t\t<p><label for=\"pais\">Pa\u00eds<\/label><br \/>\n<span class=\"wpcf7-form-control-wrap\" data-name=\"pais\"><input size=\"40\" maxlength=\"400\" class=\"wpcf7-form-control wpcf7-text form form-control\" id=\"pais\" aria-invalid=\"false\" value=\"\" type=\"text\" name=\"pais\" \/><\/span>\n\t\t<\/p>\n\t<\/div>\n<\/div>\n<div class=\"clear clear15\">\n<\/div>\n<h2>PAGO\n<\/h2>\n<div class=\"row\">\n\t<div class=\"col-xs-12\">\n\t\t<p><b>Para los detalles sobre los derechos de inscripci\u00f3n, el n\u00famero de cuenta y la documentaci\u00f3n obligatoria consultar el <a href=\"https:\/\/difusionnautica.com\/ii-regata-sitges-ciutadella\/anuncio-de-la-regata\" target=\"_blank\">ver anuncio de regata<\/a><\/b>\n\t\t<\/p>\n\t<\/div>\n<\/div>\n<div class=\"row\">\n\t<div class=\"col-xs-12\">\n\t\t<p>Los datos que vd. nos facilita ser\u00e1n incluidos en un fichero automatizado de DIFUSION NAUTICA. con el fin de ser utilizados para promociones publicitarias y prospecci\u00f3n comercial. Seg\u00fan LO15\/1999 podr\u00e1 ejecutar su derecho de acceso, rectificaci\u00f3n, cancelaci\u00f3n, rectificaci\u00f3n y oposici\u00f3n que podr\u00e1 ejecutar mediante carta dirigida a DIFUSI\u00d3N N\u00c1UTICA S.A..<br \/>\nEl Propietario o disponente del yate, Declara:\n\t\t<\/p>\n\t\t<p>Que se somete al reglamento de la World Sailing, a las prescripciones de las Federaciones, reglas ORC y a las instrucciones propias que rigen la regata.\n\t\t<\/p>\n\t\t<p>Que acepta y asume cualquier responsabilidad que pudiera derivarse de la construcci\u00f3n de su yate y aparejo, de sus condiciones de seguridad, del cumplimiento de las disposiciones vigentes, tanto de la Autoridad Mar\u00edtima como de la Deportiva y de cuanto pueda acaecer al no cumplir estrictamente cuanto este establecido.\n\t\t<\/p>\n\t\t<p>Que acepta toda la responsabilidad del armador indicada en las Instrucciones de Regata y exime de toda responsabilidad a las entidades organizadoras y patrocinadoras de La Regata Sitges Ciutadella por accidentes acaecidos a personas o cosas, da\u00f1os o cualquier cosa que pudiera ocurrir en la mar o en tierra a consecuencia de la participaci\u00f3n de su barco en esta regata.\n\t\t<\/p>\n\t\t<p>Que tiene un seguro adecuado para la tripulaci\u00f3n y barco.\n\t\t<\/p>\n\t\t<p>Que ha informado a su tripulaci\u00f3n de la presente asunci\u00f3n de responsabilidad, y en su nombre tambi\u00e9n exonera de toda responsabilidad a las entidades organizadoras, entidades colaboradoras, as\u00ed como los dem\u00e1s organismos colaboradores y las dem\u00e1s firmas que patrocinan y colaboran en la regata, asumiendo a su cargo cualquier da\u00f1o o perjuicio que pueda ser consecuencia de la participaci\u00f3n de su yate en la regata de altura Regata Sitges Ciutadella.\n\t\t<\/p>\n\t\t<p>El Comit\u00e9 de Regata se reserva el derecho de admisi\u00f3n. De acuerdo con la ley org\u00e1nica de protecci\u00f3n de datos, informamos que sus datos personales est\u00e1n registrados en los ficheros de Difusi\u00f3n N\u00e1utica, datos que son necesarios para el normal desarrollo de las relaciones con la regata y para comunicados que consideremos de su inter\u00e9s pudiendo, si lo desea ejercer los derechos de acceso, rectificaci\u00f3n, cancelaci\u00f3n y oposici\u00f3n prescritos en la ley. Estos datos podr\u00e1n ser facilitados a los respectivos Clubes, de salida y llegada de la Regata, para el debido control de los mismos\n\t\t<\/p>\n\t\t<p><span class=\"wpcf7-form-control-wrap\" data-name=\"acceptance-44\"><span class=\"wpcf7-form-control wpcf7-acceptance\"><span class=\"wpcf7-list-item\"><input type=\"checkbox\" name=\"acceptance-44\" value=\"1\" aria-invalid=\"false\" \/><\/span><\/span><\/span><label><a href=\"\/politica-de-privacidad\" target=\"_blank\">Acepto los t\u00e9rminos y la pol\u00edtica de privacidad<\/a><\/label>\n\t\t<\/p>\n\t<\/div>\n<\/div>\n<div class=\"row\">\n\t<div class=\"col-sm-9 col-md-6 col-lg-5\">\n\t\t<p><input class=\"wpcf7-form-control wpcf7-submit has-spinner\" type=\"submit\" value=\"Enviar\" \/>\n\t\t<\/p>\n\t<\/div>\n<\/div><div class=\"wpcf7-response-output\" aria-hidden=\"true\"><\/div>\n<\/form>\n<\/div>\n\n","protected":false},"excerpt":{"rendered":"","protected":false},"author":1,"featured_media":0,"parent":48,"menu_order":3,"comment_status":"closed","ping_status":"closed","template":"page_SITGES-CIUTADELLA.php","meta":{"footnotes":""},"class_list":["post-25","page","type-page","status-publish","hentry"],"aioseo_notices":[],"_links":{"self":[{"href":"https:\/\/legacy.100x100.net\/projects\/difusionautica\/wp-json\/wp\/v2\/pages\/25","targetHints":{"allow":["GET"]}}],"collection":[{"href":"https:\/\/legacy.100x100.net\/projects\/difusionautica\/wp-json\/wp\/v2\/pages"}],"about":[{"href":"https:\/\/legacy.100x100.net\/projects\/difusionautica\/wp-json\/wp\/v2\/types\/page"}],"author":[{"embeddable":true,"href":"https:\/\/legacy.100x100.net\/projects\/difusionautica\/wp-json\/wp\/v2\/users\/1"}],"replies":[{"embeddable":true,"href":"https:\/\/legacy.100x100.net\/projects\/difusionautica\/wp-json\/wp\/v2\/comments?post=25"}],"version-history":[{"count":0,"href":"https:\/\/legacy.100x100.net\/projects\/difusionautica\/wp-json\/wp\/v2\/pages\/25\/revisions"}],"up":[{"embeddable":true,"href":"https:\/\/legacy.100x100.net\/projects\/difusionautica\/wp-json\/wp\/v2\/pages\/48"}],"wp:attachment":[{"href":"https:\/\/legacy.100x100.net\/projects\/difusionautica\/wp-json\/wp\/v2\/media?parent=25"}],"curies":[{"name":"wp","href":"https:\/\/api.w.org\/{rel}","templated":true}]}}