{"id":19,"date":"2013-04-26T20:16:34","date_gmt":"2013-04-26T20:16:34","guid":{"rendered":"https:\/\/difusionnautica.com\/?page_id=19"},"modified":"2022-06-02T21:06:36","modified_gmt":"2022-06-02T21:06:36","slug":"anuncio-de-la-regata","status":"publish","type":"page","link":"https:\/\/legacy.100x100.net\/projects\/difusionautica\/ii-regata-sitges-ciutadella\/anuncio-de-la-regata\/","title":{"rendered":"Anuncio de la Regata"},"content":{"rendered":"<hr \/>\n<p><b>REGATA SITGES-CIUTADELLA 2022<\/b><\/p>\n<p>Regata de Altura Mediterr\u00e1nea para embarcaciones de crucero a vela.<\/p>\n<p>Regata Puntuable para el <a href=\"https:\/\/difusionnautica.com\/circuito-regatas-de-altura\/\">CIRCUITO de REGATAS DE ALTURA<\/a>.<\/p>\n<p>Prueba puntuable para el Campeonato de Catalu\u00f1a de Altura, Solitarios y A dos\u00a0<\/p>\n<p>Regata Clase MINI 6.5<\/p>\n<hr \/>\n<p><b>PROGRAMA<\/b><\/p>\n<p>PORT DE SITGES-AIGUADOL\u00c7.<\/p>\n<div><strong>JUEVES 16 de junio<\/strong>\u00a0<\/div>\n<div>12.00-19.00h. Registro de participantes y controles medici\u00f3n\/seguridad.<br \/>20:00h. Reuni\u00f3n de patrones y recepci\u00f3n tradicional de regatistas participantes (fideu\u00e0) .<\/div>\n<div><strong>VIERNES 17 de Junio<\/strong> <br \/>11.00h. Salida de la Regata<\/div>\n<div>\u00a0<\/div>\n<div>CLUB N\u00c0UTIC CIUTADELLA\n<p><strong>S\u00c1BADO 18 de junio<\/strong>\u00a0<br \/>21.00h. Finalizaci\u00f3n tiempo l\u00edmite.<br \/>21.30h. Cena y entrega de Trofeos en Club N\u00e0utic Ciutadella.<\/p>\n<\/div>\n<hr \/>\n<p><b>LUGAR DE CELEBRACION Y RECORRIDOS<\/b><\/p>\n<p>Mar Balear. Recorrido: De Port de Sitges-Aiguadol\u00e7 a CN Ciutadella.<\/p>\n<p>Distancia m\u00ednima de 117 MN<\/p>\n<hr \/>\n<p><b>ORGANIZA<\/b><\/p>\n<p>Club N\u00e1utico Skipper y Difusi\u00f3n N\u00e1utica en colaboraci\u00f3n con el Port de Sitges-Aiguadol\u00e7 y el CN de Ciutadella.<\/p>\n<hr \/>\n<p><b>COLABORAN<\/b><\/p>\n<p>Trasmed, FCV, FVIB, RANC, Sociedad Estatal de Salvamento y Seguridad Mar\u00edtima, Autoritat Portuaria de Balears y Guardia Civil del Mar.<\/p>\n<hr \/>\n<p><b>REGLAMENTOS<\/b><\/p>\n<p>Reglamento de la World Sailing, las prescripciones de las Federaciones de vela, el presente Anuncio, el reglamento ORC, las reglas de la Clase Mini 6.5, y las Instrucciones de Regata, que pueden modificar cualquiera de los apartados \u00a0del presente anuncio.<\/p>\n<hr \/>\n<p><b>COMPENSACION DE TIEMPOS<\/b><\/p>\n<p><span style=\"font-weight: 400;\">Se correr\u00e1 bajo las formulas de compensaci\u00f3n de tiempos\u00a0<strong>ORC\u00a0<\/strong>para monocascos.<\/span><\/p>\n<p>Los patrones que no dispongan de certificado ORC podr\u00e1n solicitar un estimado a la organizaci\u00f3n. Los rating se estimar\u00e1n penalizando en un 8% el valor del barco m\u00e1s r\u00e1pido de dicho modelo presente en los listados ORC. Los rating estimados no ser\u00e1n en ning\u00fan caso motivo de protesta.<\/p>\n<p>Las embarcaciones que corran con rating estimado podr\u00e1n competir en la clasificaci\u00f3n general de la regata y del Circuito de Regatas de Altura.<\/p>\n<p>Los barcos que deseen puntuar en los Circuitos de la Federaci\u00f3n Catalana de Vela (Campeonato de Catalunya Solitarios, A Dos y Tripulaci\u00f3n completa) deber\u00e1n competir en ORC con certificado oficial (Internacional o Club).<\/p>\n<p>En caso de que haya m\u00e1s de 4 embarcaciones Mini, estas correr\u00e1n en una clase aparte. En caso contrario se aplicar\u00e1 el rating ORC correspondiente (Internacional, Club o estimado) para integrarlos en el resto de clasificaciones.<\/p>\n<hr \/>\n<p><b>CATEGOR\u00cdAS<\/b><\/p>\n<p>Cruceros a vela encuadrados en las siguientes Categor\u00edas:<br \/><b><\/b><\/p>\n<p><strong>ORC :<\/strong>\u00a0Cruceros monocasco con certificado rating ORC<\/p>\n<p><strong>PROMOCI\u00d3N :<\/strong>\u00a0Cruceros monocasco con rating estimado<\/p>\n<p><strong>MINI: <\/strong>embarcaciones de la Clase Mini 6.50<\/p>\n<h2><b><i>Tripulaciones Reducidas:<\/i><\/b><\/h2>\n<p><strong>Solitarios<\/strong>: Cruceros tripulados en solitario.<\/p>\n<p><b>A2<\/b>: Cruceros tripulados a dos.<\/p>\n<h2><b><i>Otras Tripulaciones:<\/i><\/b><\/h2>\n<p><b>TRAINING:\u00a0<\/b>Barcos en lista 6\u00aa con patr\u00f3n profesional o de demostrada experiencia<\/p>\n<p>Para la formaci\u00f3n de una Categor\u00eda, se requerir\u00e1 un m\u00ednimo de cuatro barcos inscritos en la misma. Cada Categor\u00eda, seg\u00fan el n\u00famero de participantes que la compongan, se podr\u00e1 subdividir en Clases agrupando los barcos en funci\u00f3n de su a\u00f1o de dise\u00f1o y\/o eslora a criterio del Comit\u00e9 de Regata.<\/p>\n<hr \/>\n<p><b>DERECHOS INSCRIPCION PARA BARCOS SIN PATROCINADOR<\/b><\/p>\n<p>El importe de los derechos de inscripci\u00f3n es en funci\u00f3n de la eslora m\u00e1xima de la\u00a0embarcaci\u00f3n contemplada en metros lineales enteros, redondeados hacia arriba.<\/p>\n<table width=\"557\">\n<tbody>\n<tr>\n<td width=\"114\">ESLORA<\/td>\n<td width=\"96\">MONOCASCOS<\/td>\n<td width=\"96\">MULTICASCOS<\/td>\n<td width=\"96\">SOLITARIOS Y A DOS<\/td>\n<\/tr>\n<tr>\n<td>&lt;9.99m<\/td>\n<td>205 \u20ac<\/td>\n<td>265 \u20ac<\/td>\n<td>150 \u20ac<\/td>\n<\/tr>\n<tr>\n<td>10m-10.99m<\/td>\n<td>225 \u20ac<\/td>\n<td>285 \u20ac<\/td>\n<td>170 \u20ac<\/td>\n<\/tr>\n<tr>\n<td>11m-11.99m<\/td>\n<td>245 \u20ac<\/td>\n<td>305 \u20ac<\/td>\n<td>190 \u20ac<\/td>\n<\/tr>\n<tr>\n<td>12m-12.99m<\/td>\n<td>265 \u20ac<\/td>\n<td>325 \u20ac<\/td>\n<td>210 \u20ac<\/td>\n<\/tr>\n<tr>\n<td>13m-13.99m<\/td>\n<td>285 \u20ac<\/td>\n<td>345 \u20ac<\/td>\n<td>230 \u20ac<\/td>\n<\/tr>\n<tr>\n<td>14m-14.99m<\/td>\n<td>305 \u20ac<\/td>\n<td>365 \u20ac<\/td>\n<td>250 \u20ac<\/td>\n<\/tr>\n<tr>\n<td>15m-15.99m<\/td>\n<td>325 \u20ac<\/td>\n<td>385 \u20ac<\/td>\n<td>270 \u20ac<\/td>\n<\/tr>\n<tr>\n<td>16m-16.99m<\/td>\n<td>345 \u20ac<\/td>\n<td>405 \u20ac<\/td>\n<td>290 \u20ac<\/td>\n<\/tr>\n<tr>\n<td>17m-17.99m<\/td>\n<td>365 \u20ac<\/td>\n<td>425 \u20ac<\/td>\n<td>310 \u20ac<\/td>\n<\/tr>\n<tr>\n<td>&gt;18m<\/td>\n<td>385 \u20ac<\/td>\n<td>445 \u20ac<\/td>\n<td>330 \u20ac<\/td>\n<\/tr>\n<\/tbody>\n<\/table>\n<p>La inscripci\u00f3n incluye el derecho de amarre, la Bolsa del Capit\u00e1n y accesorios y da derecho a toda la tripulaci\u00f3n tanto a la recepci\u00f3n de salida en Aiguadol\u00e7 como a la de llegada en el CN de Ciutadella.<\/p>\n<p>Los derechos de inscripci\u00f3n contemplan un m\u00e1ximo de 5 tripulantes por embarcaci\u00f3n. Se podr\u00e1n incluir\u00a0los tripulantes adicionales\u00a0que se deseen abonando 25\u20ac por cada uno que se incorpore.<\/p>\n<p><b>BONIFICACI\u00d3N DEL 10% DE DESCUENTO\u00a0para los socios de:<\/b> Port de Sitges-Aiguadol\u00e7, del CN Ciutadella o de la\u00a0Associaci\u00f3 de Regatistes d\u2019Altura del Mediterrani (ARAM).<\/p>\n<p>Se aplicar\u00e1 un 20% de recargo a las inscripciones facturadas a nombre de empresa o para barcos patrocinados.<\/p>\n<hr \/>\n<h1><strong>PROCEDIMIENTO DE INSCRIPCI\u00d3N<\/strong><\/h1>\n<p>La inscripci\u00f3n es obligatoria. Se har\u00e1 a trav\u00e9s de la p\u00e1gina:<\/p>\n<p><a href=\"https:\/\/difusionnautica.com\/ii-regata-sitges-ciutadella\/espacio-participantes\/pre-inscripcion\/\">\u00a0https:\/\/difusionnautica.com\/ii-regata-sitges-ciutadella\/espacio-participantes\/pre-inscripcion\/<\/a><\/p>\n<p>Documentaci\u00f3n a adjuntar<\/p>\n<p>1.-\u00a0<strong>Certificado de navegaci\u00f3n<\/strong>. Los barcos con bandera extranjera presentar\u00e1n documentaci\u00f3n del registro de la embarcaci\u00f3n en su pa\u00eds.<\/p>\n<p>2.-\u00a0<strong>RECIBO<\/strong>\u00a0en vigor del\u00a0<strong>seguro de RC<\/strong>\u00a0de la embarcaci\u00f3n.<\/p>\n<p>3.- N\u00famero de radiobaliza\u00a0<strong>MMSI<\/strong><\/p>\n<p>4.- Certificado de\u00a0<strong>rating ORC 2022 <\/strong>(Internacional o Club). Solicitar a la Federaci\u00f3n Espa\u00f1ola de Vela (ORC):\u00a0<a href=\"http:\/\/80.28.248.122\/fmi\/webd\/solicitudes%20cruceros\">solicitud on-line<\/a>\u00a0 ;\u00a0telf &#8211; 915 195 008 o solicitar estimado a la organizaci\u00f3n.<\/p>\n<p>5.-\u00a0<strong>Licencias federativas<\/strong>\u00a0anuales o v\u00e1lidas tan solo para esta regata para cada uno de los tripulantes. Solicitar a su propio club, tramitar en la oficina de regatas durante el proceso de registro en el puerto de salida o tramitaci\u00f3n on-line:\u00a0<a href=\"http:\/\/vela.cat\/llicencia\">http:\/\/vela.cat\/llicencia<\/a><\/p>\n<p>6.- Comprobante de\u00a0<strong>ingreso bancario<\/strong>\u00a0por el importe que corresponda seg\u00fan categor\u00eda y eslora en la cuenta a nombre de:<\/p>\n<p style=\"text-align: center;\"><strong>Difusi\u00f3n N\u00e1utica, S.L.<\/strong><\/p>\n<p style=\"text-align: center;\"><strong>IBAN ES 55 0075 0002 2205 0511 1682<\/strong><\/p>\n<p style=\"text-align: center;\"><strong>BIC CODE: POPUESMM<\/strong><\/p>\n<p>IMPORTANTE: En el concepto de la transferencia se introducir\u00e1 el c\u00f3digo SC + el nombre del barco, (SC para identificar que se trata de la regata Sitges-Ciutadella)<\/p>\n<p><strong>TODA LA DOCUMENTACI\u00d3N deber\u00e1 remitirse antes del 10 de junio a Difusi\u00f3n N\u00e1utica por e-mail: inscripciones@difusionnautica.com<\/strong><\/p>\n<p>El Comit\u00e9 de Regata est\u00e1 facultado para rechazar cualquier inscripci\u00f3n.<\/p>\n<p>Devoluciones: Hasta el 3 de junio 2022 se devolver\u00e1 el total de la inscripci\u00f3n, rest\u00e1ndole el 15% en concepto de gastos de gesti\u00f3n. Del d\u00eda 3 al 10 de junio, se devolver\u00e1 el 50% del importe de inscripci\u00f3n. A partir del 10 de junio NO se har\u00e1 ning\u00fan tipo de devoluci\u00f3n.<\/p>\n<p>Si la regata finalmente no pudiera celebrarse por imposici\u00f3n de restricciones anticovid a la actividad deportiva por parte de las autoridades, se reintegrar\u00eda los derechos abonados a todos aquellos armadores que lo soliciten en los 30 d\u00edas posteriores al anuncio, reteniendo un 15% en concepto de gastos de gesti\u00f3n.<\/p>\n<p>Las inscripciones han de estar en poder de DIFUSI\u00d3N N\u00c1UTICA antes del 3 de junio, no obstante el Comit\u00e9 de Regata, en caso de no estar cubiertas todas las plazas, se reserva el derecho a admitir inscripciones con posterioridad a esta fecha aplicando un 20% de recargo. El Comit\u00e9 de Regata est\u00e1 facultado para rechazar cualquier inscripci\u00f3n.<\/p>\n<hr \/>\n<p><b>CLASIFICACIONES<\/b><\/p>\n<p><strong>Clasificaciones para la regata Bahia de Pollen\u00e7a<\/strong><\/p>\n<p>*Clasificaci\u00f3n General en Tiempo Compensado ORC y PROMO<\/p>\n<p>**Clasificaci\u00f3n Tiempo Compensado Solitarios ORC<\/p>\n<p>**Clasificaci\u00f3n Tiempo Compensado A2 ORC<\/p>\n<p>**Clasificaci\u00f3n Tiempo Compensado Tripulaci\u00f3n Completa ORC<\/p>\n<p>***Clasificaci\u00f3n Tiempo Compensado PROMO\u00a0<\/p>\n<p>***Clasificaci\u00f3n en Tiempo Compensados TRAINING ORC y TRAINING PROMO<\/p>\n<p><strong>*Puntuable para el Circuito de Regatas de Altura<\/strong><\/p>\n<p><strong>**Puntuable para el Campeonato de Catalunya<\/strong><\/p>\n<p><strong>***En caso de que haya un m\u00ednimo de 4 barcos para formar categor\u00eda.<\/strong><\/p>\n<hr \/>\n<p><b>SEGURIDAD<\/b><\/p>\n<p>Los yates participantes deber\u00e1n cumplir con las reglas de seguridad de la\u00a0World Sailing categor\u00eda 3. Deben estar equipados con emisora de radio VHF con un alcance m\u00ednimo de 25\u2019MN, motor interior diesel (con excepci\u00f3n de la Clase Mini 6.50) y equipo de seguridad y salvamento exigido por la Autoridad Mar\u00edtima y deber\u00e1n estar\u00a0<strong>debidamente despachados para la zona de navegaci\u00f3n 2.<\/strong>\u00a0As\u00ed mismo se deber\u00e1 facilitar al Comit\u00e9 de\u00a0Regata el n\u00famero MMSI de su Radiobaliza.<\/p>\n<hr \/>\n<p><b>INSPECCIONES DE SEGURIDAD Y DE MEDICI\u00d3N<\/b><\/p>\n<p>Todas las embarcaciones participantes estar\u00e1n a disposici\u00f3n del Comit\u00e9 para control de Seguridad y\/o Medici\u00f3n.<\/p>\n<p>La organizaci\u00f3n podr\u00eda ceder sistemas port\u00e1tiles de seguimiento GPS, en cuyo caso su uso ser\u00eda obligatorio.<\/p>\n<hr \/>\n<p><b>PUBLICIDAD<\/b><\/p>\n<p>De acuerdo con el reglamento de la World Sailing, la Regata ser\u00e1 considerada como Evento de la clase C.<\/p>\n<hr \/>\n<p><b>DERECHO DE AMARRE<\/b><\/p>\n<p>Los participantes dispondr\u00e1n de derecho de amarre gratuito en: Port de Sitges-Aiguadol\u00e7 desde el 11 de junio de hasta el d\u00eda de la Largada. As\u00ed como en el Club N\u00e0utic de Ciutadella hasta el 19 de junio.<br \/>Los patrones de los yates participantes, ser\u00e1n responsables de los da\u00f1os que pudiesen causar durante la utilizaci\u00f3n de este derecho de amarre.<\/p>\n<hr \/>\n<p><b>TROFEOS<\/b><\/p>\n<p>Los trofeos se describir\u00e1n en las Instrucciones de Regata..<\/p>\n<hr \/>\n<p><b>MODIFICACIONES<\/b><\/p>\n<p>Club N\u00e1utico Skipper y Difusi\u00f3n N\u00e1utica como Entidades Organizadoras, se reservan el derecho de modificar el presente Anuncio de Regata. En caso de discrepancia entre este Anuncio y las Instrucciones de Regata, prevaldr\u00e1n estas \u00faltimas y sus modificaciones.<\/p>\n<hr \/>\n<p><b>RESPONSABILIDADES<\/b><\/p>\n<p>Club N\u00e1utico Skipper y Difusi\u00f3n N\u00e1utica, como Entidades Organizadoras, Port de Sitges-Aiguadol\u00e7 y el Club N\u00e1utico Ciudadela, como Entidades Colaboradoras, as\u00ed como los organismos y empresas colaboradoras, no asumen ninguna responsabilidad, sobre cualquier accidente o incidente que pudiera producirse antes, durante o despu\u00e9s de La Regata.<\/p>\n\n","protected":false},"excerpt":{"rendered":"<p>REGATA SITGES-CIUTADELLA 2022 Regata de Altura Mediterr\u00e1nea para embarcaciones de crucero a vela. Regata Puntuable para el CIRCUITO de REGATAS DE ALTURA. Prueba puntuable para el Campeonato de Catalu\u00f1a de Altura, Solitarios y A dos\u00a0 Regata Clase MINI 6.5 PROGRAMA &hellip; <a href=\"https:\/\/legacy.100x100.net\/projects\/difusionautica\/ii-regata-sitges-ciutadella\/anuncio-de-la-regata\/\">Sigue leyendo <span class=\"meta-nav\">&rarr;<\/span><\/a><\/p>\n","protected":false},"author":1,"featured_media":0,"parent":6,"menu_order":2,"comment_status":"closed","ping_status":"closed","template":"page_SITGES-CIUTADELLA.php","meta":{"footnotes":""},"class_list":["post-19","page","type-page","status-publish","hentry"],"aioseo_notices":[],"_links":{"self":[{"href":"https:\/\/legacy.100x100.net\/projects\/difusionautica\/wp-json\/wp\/v2\/pages\/19","targetHints":{"allow":["GET"]}}],"collection":[{"href":"https:\/\/legacy.100x100.net\/projects\/difusionautica\/wp-json\/wp\/v2\/pages"}],"about":[{"href":"https:\/\/legacy.100x100.net\/projects\/difusionautica\/wp-json\/wp\/v2\/types\/page"}],"author":[{"embeddable":true,"href":"https:\/\/legacy.100x100.net\/projects\/difusionautica\/wp-json\/wp\/v2\/users\/1"}],"replies":[{"embeddable":true,"href":"https:\/\/legacy.100x100.net\/projects\/difusionautica\/wp-json\/wp\/v2\/comments?post=19"}],"version-history":[{"count":0,"href":"https:\/\/legacy.100x100.net\/projects\/difusionautica\/wp-json\/wp\/v2\/pages\/19\/revisions"}],"up":[{"embeddable":true,"href":"https:\/\/legacy.100x100.net\/projects\/difusionautica\/wp-json\/wp\/v2\/pages\/6"}],"wp:attachment":[{"href":"https:\/\/legacy.100x100.net\/projects\/difusionautica\/wp-json\/wp\/v2\/media?parent=19"}],"curies":[{"name":"wp","href":"https:\/\/api.w.org\/{rel}","templated":true}]}}