{"id":1770,"date":"2016-12-19T18:53:49","date_gmt":"2016-12-19T18:53:49","guid":{"rendered":"https:\/\/difusionnautica.com\/?page_id=1770"},"modified":"2016-12-19T18:53:49","modified_gmt":"2016-12-19T18:53:49","slug":"presentacion","status":"publish","type":"page","link":"https:\/\/legacy.100x100.net\/projects\/difusionautica\/presentacion\/","title":{"rendered":"Presentaci\u00f3n"},"content":{"rendered":"<p>Somos Difusi\u00f3n N\u00e1utica, una empresa l\u00edder en la gesti\u00f3n y promoci\u00f3n de regatas y eventos n\u00e1uticos, con m\u00e1s de 20 a\u00f1os de experiencia.<\/p>\n<p><img loading=\"lazy\" decoding=\"async\" class=\"alignleft size-medium wp-image-1228\" src=\"https:\/\/difusionnautica.com\/wp-content\/uploads\/2016\/05\/Enrique-300x260.jpg\" alt=\"\" width=\"300\" height=\"260\" srcset=\"https:\/\/legacy.100x100.net\/projects\/difusionautica\/wp-content\/uploads\/2016\/05\/Enrique-300x260.jpg 300w, https:\/\/legacy.100x100.net\/projects\/difusionautica\/wp-content\/uploads\/2016\/05\/Enrique-768x666.jpg 768w, https:\/\/legacy.100x100.net\/projects\/difusionautica\/wp-content\/uploads\/2016\/05\/Enrique-320x277.jpg 320w, https:\/\/legacy.100x100.net\/projects\/difusionautica\/wp-content\/uploads\/2016\/05\/Enrique-350x303.jpg 350w, https:\/\/legacy.100x100.net\/projects\/difusionautica\/wp-content\/uploads\/2016\/05\/Enrique-200x173.jpg 200w, https:\/\/legacy.100x100.net\/projects\/difusionautica\/wp-content\/uploads\/2016\/05\/Enrique-231x200.jpg 231w, https:\/\/legacy.100x100.net\/projects\/difusionautica\/wp-content\/uploads\/2016\/05\/Enrique.jpg 1000w\" sizes=\"auto, (max-width: 300px) 100vw, 300px\" \/>Liderada por D. Enrique Curt, pionero de la navegaci\u00f3n oce\u00e1nica y Presidente de Curt Ediciones (www.curtediciones.com ), un grupo editorial que engloba 19 cabeceras.<\/p>\n<p>M\u00e1s all\u00e1 de nuestra pasi\u00f3n por el mar y la navegaci\u00f3n a vela, nos distingue nuestro conocimiento de la publicidad, del marketing, de las relaciones p\u00fablicas y de la prensa.<\/p>\n","protected":false},"excerpt":{"rendered":"<p>Somos Difusi\u00f3n N\u00e1utica, una empresa l\u00edder en la gesti\u00f3n y promoci\u00f3n de regatas y eventos n\u00e1uticos, con m\u00e1s de 20 a\u00f1os de experiencia. Liderada por D. Enrique Curt, pionero de la navegaci\u00f3n oce\u00e1nica y Presidente de Curt Ediciones (www.curtediciones.com ), &hellip; <a href=\"https:\/\/legacy.100x100.net\/projects\/difusionautica\/presentacion\/\">Sigue leyendo <span class=\"meta-nav\">&rarr;<\/span><\/a><\/p>\n","protected":false},"author":1,"featured_media":0,"parent":0,"menu_order":0,"comment_status":"closed","ping_status":"closed","template":"","meta":{"footnotes":""},"class_list":["post-1770","page","type-page","status-publish","hentry"],"aioseo_notices":[],"_links":{"self":[{"href":"https:\/\/legacy.100x100.net\/projects\/difusionautica\/wp-json\/wp\/v2\/pages\/1770","targetHints":{"allow":["GET"]}}],"collection":[{"href":"https:\/\/legacy.100x100.net\/projects\/difusionautica\/wp-json\/wp\/v2\/pages"}],"about":[{"href":"https:\/\/legacy.100x100.net\/projects\/difusionautica\/wp-json\/wp\/v2\/types\/page"}],"author":[{"embeddable":true,"href":"https:\/\/legacy.100x100.net\/projects\/difusionautica\/wp-json\/wp\/v2\/users\/1"}],"replies":[{"embeddable":true,"href":"https:\/\/legacy.100x100.net\/projects\/difusionautica\/wp-json\/wp\/v2\/comments?post=1770"}],"version-history":[{"count":0,"href":"https:\/\/legacy.100x100.net\/projects\/difusionautica\/wp-json\/wp\/v2\/pages\/1770\/revisions"}],"wp:attachment":[{"href":"https:\/\/legacy.100x100.net\/projects\/difusionautica\/wp-json\/wp\/v2\/media?parent=1770"}],"curies":[{"name":"wp","href":"https:\/\/api.w.org\/{rel}","templated":true}]}}