{"id":1767,"date":"2016-12-19T18:51:59","date_gmt":"2016-12-19T18:51:59","guid":{"rendered":"https:\/\/difusionnautica.com\/?page_id=1767"},"modified":"2016-12-19T18:51:59","modified_gmt":"2016-12-19T18:51:59","slug":"servicios","status":"publish","type":"page","link":"https:\/\/legacy.100x100.net\/projects\/difusionautica\/servicios\/","title":{"rendered":"Servicios"},"content":{"rendered":"<p><strong>SERVICIOS<\/strong><\/p>\n<ul style=\"list-style-type: disc;\">\n<li>Organizaci\u00f3n integral de eventos n\u00e1uticos.\n<ul style=\"list-style-type: circle;\">\n<li>Promoci\u00f3n y patrocinio<\/li>\n<li>Servicios de prensa y difusi\u00f3n<\/li>\n<li>Producci\u00f3n multimedia<\/li>\n<li>Coordinaci\u00f3n t\u00e9cnica y de seguridad<\/li>\n<li>Eventos, regatta villages, catering y animaci\u00f3n<\/li>\n<li>Flotas de seguimiento<\/li>\n<\/ul>\n<\/li>\n<\/ul>\n<ul style=\"list-style-type: disc;\">\n<li>Marketing n\u00e1utico: patrocinios y promoci\u00f3n comercial.\n<ul style=\"list-style-type: circle;\">\n<li>Promoci\u00f3n de marcas y entidades.<\/li>\n<li>Red editorial asociada con 19 cabeceras.<\/li>\n<\/ul>\n<\/li>\n<\/ul>\n<ul style=\"list-style-type: disc;\">\n<li>Flota propia de embarcaciones para\n<ul style=\"list-style-type: circle;\">\n<li>Campa\u00f1as relaciones p\u00fablicas<\/li>\n<li>Eventos y presentaciones<\/li>\n<li>Seguimiento o realizaci\u00f3n de regatas<\/li>\n<li>Programas incentivos<\/li>\n<li>Alquiler<\/li>\n<\/ul>\n<\/li>\n<\/ul>\n","protected":false},"excerpt":{"rendered":"<p>SERVICIOS Organizaci\u00f3n integral de eventos n\u00e1uticos. Promoci\u00f3n y patrocinio Servicios de prensa y difusi\u00f3n Producci\u00f3n multimedia Coordinaci\u00f3n t\u00e9cnica y de seguridad Eventos, regatta villages, catering y animaci\u00f3n Flotas de seguimiento Marketing n\u00e1utico: patrocinios y promoci\u00f3n comercial. Promoci\u00f3n de marcas y &hellip; <a href=\"https:\/\/legacy.100x100.net\/projects\/difusionautica\/servicios\/\">Sigue leyendo <span class=\"meta-nav\">&rarr;<\/span><\/a><\/p>\n","protected":false},"author":1,"featured_media":0,"parent":0,"menu_order":0,"comment_status":"closed","ping_status":"closed","template":"","meta":{"footnotes":""},"class_list":["post-1767","page","type-page","status-publish","hentry"],"aioseo_notices":[],"_links":{"self":[{"href":"https:\/\/legacy.100x100.net\/projects\/difusionautica\/wp-json\/wp\/v2\/pages\/1767","targetHints":{"allow":["GET"]}}],"collection":[{"href":"https:\/\/legacy.100x100.net\/projects\/difusionautica\/wp-json\/wp\/v2\/pages"}],"about":[{"href":"https:\/\/legacy.100x100.net\/projects\/difusionautica\/wp-json\/wp\/v2\/types\/page"}],"author":[{"embeddable":true,"href":"https:\/\/legacy.100x100.net\/projects\/difusionautica\/wp-json\/wp\/v2\/users\/1"}],"replies":[{"embeddable":true,"href":"https:\/\/legacy.100x100.net\/projects\/difusionautica\/wp-json\/wp\/v2\/comments?post=1767"}],"version-history":[{"count":0,"href":"https:\/\/legacy.100x100.net\/projects\/difusionautica\/wp-json\/wp\/v2\/pages\/1767\/revisions"}],"wp:attachment":[{"href":"https:\/\/legacy.100x100.net\/projects\/difusionautica\/wp-json\/wp\/v2\/media?parent=1767"}],"curies":[{"name":"wp","href":"https:\/\/api.w.org\/{rel}","templated":true}]}}