{"id":1766,"date":"2016-12-19T18:51:08","date_gmt":"2016-12-19T18:51:08","guid":{"rendered":"https:\/\/difusionnautica.com\/?page_id=1766"},"modified":"2019-11-26T15:02:04","modified_gmt":"2019-11-26T15:02:04","slug":"portafolio","status":"publish","type":"page","link":"https:\/\/legacy.100x100.net\/projects\/difusionautica\/portafolio\/","title":{"rendered":"Portafolio"},"content":{"rendered":"\n<p><strong>PORTAFOLIO\u2026 sue\u00f1os hechos realidad<\/strong><\/p>\n\n\n\n<p><strong>RUTA DE LA SAL<\/strong> \u2013 <a href=\"http:\/\/www.larutadelasal.com\">http:\/\/www.larutadelasal.com<\/a><br>La regata de latura m\u00e1s importante del Mediterr\u00e1neo. Tres puntos de salida, 200 barcos y m\u00e1s de 1.000 regatistas.<br>Sitges, Denia y Andratx \u2013 Sant Antoni, Ibiza.<br>140-120-105 millas. Abril<\/p>\n\n\n\n<p><strong>GRAND PRIX DEL ATL\u00c1NTICO<\/strong> &#8211; <a href=\"http:\/\/granprixdelatlantico.com\">http:\/\/granprixdelatlantico.com<\/a><br>\u00danica regata trasatl\u00e1ntica espa\u00f1ola abierta a tripulaciones amateurs.<br>Lanzarote \u2013 Caribe<br>3.000 millas. Enero, bianual.<br><\/p>\n\n\n\n<p><strong>BARCELONA GOLDEN CUP<\/strong> &#8211; <a href=\"https:\/\/goldencupbarcelona.com\">https:\/\/goldencupbarcelona.com<\/a><br>Regata de altura ORC de m\u00e1ximo nivel competitivo.<br>Barcelona &#8211; Dragonera &#8211; Barcelona, sin escalas<br>220 millas septiembre<br><\/p>\n\n\n\n<p><strong>REGATA SITGES-CIUTADELLA<\/strong> &#8211; <a href=\"https:\/\/difusionnautica.com\/ii-regata-sitges-ciutadella\">https:\/\/difusionnautica.com\/ii-regata-sitges-ciutadella<\/a><br>Dos puertos m\u00edticos unen la pen\u00ednsula con Menorca al inicio del verano, en las fiestas de Sant Joan.<br>120 millas. Junio<\/p>\n\n\n\n<p><strong>REGATA BAH\u00cdA DE POLLEN\u00c7A<\/strong> &#8211; <a href=\"http:\/\/www.bahiadepollensa.com\">http:\/\/www.bahiadepollensa.com<\/a><br>Un acceso cl\u00e1sico a Mallorca por el maravilloso cabo Formentor.<br>Sitges \u2013 Pollen\u00e7a<br>104 millas. Junio<\/p>\n\n\n\n<p><strong>RUTA DE LA TRAMUNTANA<\/strong> &#8211; <a href=\"http:\/\/www.larutadelatramuntana.com\">http:\/\/www.larutadelatramuntana.com<\/a><br>Puerta de acceso a la Costa Brava con tramuntana asegurada.<br>El Bal\u00eds \u2013 L\u2019Escala<br>58 millas. Julio<\/p>\n\n\n\n<p><strong>IBIZA NAUTIC RAID<\/strong> &#8211; <a href=\"https:\/\/difusionnautica.com\/ibiza-nautic-raid\/\">https:\/\/difusionnautica.com\/vuelta-a-mallorca<\/a><br>\u00danico raid de moton\u00e1utica en nuestras costas.<br>Sant Antoni de Portamany. Julio<\/p>\n\n\n\n<p><strong>CURR\u00cdCULUM<\/strong><\/p>\n\n\n\n<p>Clientes destacados de sponsoring<\/p>\n\n\n<p>[huge_it_gallery id=\u00bb2&#8243;]<\/p>\n\n\n\n<p><strong>Otras regatas destacadas que hemos organizado \u00edntegra o parcialmente<\/strong><\/p>\n\n\n\n<p><\/p>\n\n\n\n<ul class=\"wp-block-list\"><li>Copa del Rey<\/li><li>Regata Breitling<\/li><li>Mil Millas<\/li><li>Regata del Delta<\/li><li>Regata Barcelona Eau de Rochas<\/li><li>Regata Puig Vela Cl\u00e1sica<\/li><li>Copa del Rey Panerai de barcos cl\u00e1sicos<\/li><li>Regata Dos Bah\u00edas (Palma \u2013 C\u00e1diz)<\/li><li>Regata Conmemorativa V Centenario (Melilla)<\/li><li>Raid Moton\u00e1utica Vuelta a Mallorca<\/li><\/ul>\n","protected":false},"excerpt":{"rendered":"<p>PORTAFOLIO\u2026 sue\u00f1os hechos realidad RUTA DE LA SAL \u2013 http:\/\/www.larutadelasal.comLa regata de latura m\u00e1s importante del Mediterr\u00e1neo. Tres puntos de salida, 200 barcos y m\u00e1s de 1.000 regatistas.Sitges, Denia y Andratx \u2013 Sant Antoni, Ibiza.140-120-105 millas. Abril GRAND PRIX DEL &hellip; <a href=\"https:\/\/legacy.100x100.net\/projects\/difusionautica\/portafolio\/\">Sigue leyendo <span class=\"meta-nav\">&rarr;<\/span><\/a><\/p>\n","protected":false},"author":1,"featured_media":0,"parent":0,"menu_order":0,"comment_status":"closed","ping_status":"closed","template":"","meta":{"footnotes":""},"class_list":["post-1766","page","type-page","status-publish","hentry"],"aioseo_notices":[],"_links":{"self":[{"href":"https:\/\/legacy.100x100.net\/projects\/difusionautica\/wp-json\/wp\/v2\/pages\/1766","targetHints":{"allow":["GET"]}}],"collection":[{"href":"https:\/\/legacy.100x100.net\/projects\/difusionautica\/wp-json\/wp\/v2\/pages"}],"about":[{"href":"https:\/\/legacy.100x100.net\/projects\/difusionautica\/wp-json\/wp\/v2\/types\/page"}],"author":[{"embeddable":true,"href":"https:\/\/legacy.100x100.net\/projects\/difusionautica\/wp-json\/wp\/v2\/users\/1"}],"replies":[{"embeddable":true,"href":"https:\/\/legacy.100x100.net\/projects\/difusionautica\/wp-json\/wp\/v2\/comments?post=1766"}],"version-history":[{"count":0,"href":"https:\/\/legacy.100x100.net\/projects\/difusionautica\/wp-json\/wp\/v2\/pages\/1766\/revisions"}],"wp:attachment":[{"href":"https:\/\/legacy.100x100.net\/projects\/difusionautica\/wp-json\/wp\/v2\/media?parent=1766"}],"curies":[{"name":"wp","href":"https:\/\/api.w.org\/{rel}","templated":true}]}}